{"id":143,"date":"2023-04-03T18:23:50","date_gmt":"2023-04-03T16:23:50","guid":{"rendered":"https:\/\/conscordoba.esteri.it\/italia-e-argentina\/"},"modified":"2024-05-27T15:06:39","modified_gmt":"2024-05-27T13:06:39","slug":"italia-e-argentina","status":"publish","type":"page","link":"https:\/\/conscordoba.esteri.it\/es\/italia-e-argentina\/","title":{"rendered":"Italia y Argentina"},"content":{"rendered":"<p>Visita la secci\u00f3n dedicada a las Relaciones Bilaterales entre Italia y Argentina de la p\u00e1gina web de la Embajada de Italia en Argentina: <a href=\"https:\/\/ambbuenosaires.esteri.it\/es\/italia-e-argentina\/\">clic aqu\u00ed<\/a>.<\/p>\n","protected":false},"excerpt":{"rendered":"Visita la secci\u00f3n dedicada a las Relaciones Bilaterales entre Italia y Argentina de la p\u00e1gina web de la Embajada de Italia en Argentina: clic aqu\u00ed.","protected":false},"author":1,"featured_media":0,"parent":0,"menu_order":4,"comment_status":"closed","ping_status":"closed","template":"","meta":{"footnotes":""},"class_list":["post-143","page","type-page","status-publish","hentry"],"_links":{"self":[{"href":"https:\/\/conscordoba.esteri.it\/es\/wp-json\/wp\/v2\/pages\/143","targetHints":{"allow":["GET"]}}],"collection":[{"href":"https:\/\/conscordoba.esteri.it\/es\/wp-json\/wp\/v2\/pages"}],"about":[{"href":"https:\/\/conscordoba.esteri.it\/es\/wp-json\/wp\/v2\/types\/page"}],"author":[{"embeddable":true,"href":"https:\/\/conscordoba.esteri.it\/es\/wp-json\/wp\/v2\/users\/1"}],"replies":[{"embeddable":true,"href":"https:\/\/conscordoba.esteri.it\/es\/wp-json\/wp\/v2\/comments?post=143"}],"version-history":[{"count":1,"href":"https:\/\/conscordoba.esteri.it\/es\/wp-json\/wp\/v2\/pages\/143\/revisions"}],"predecessor-version":[{"id":3432,"href":"https:\/\/conscordoba.esteri.it\/es\/wp-json\/wp\/v2\/pages\/143\/revisions\/3432"}],"wp:attachment":[{"href":"https:\/\/conscordoba.esteri.it\/es\/wp-json\/wp\/v2\/media?parent=143"}],"curies":[{"name":"wp","href":"https:\/\/api.w.org\/{rel}","templated":true}]}}