{"id":146,"date":"2023-04-03T18:23:20","date_gmt":"2023-04-03T16:23:20","guid":{"rendered":"https:\/\/conscordoba.esteri.it\/chi-siamo\/"},"modified":"2024-10-14T16:53:10","modified_gmt":"2024-10-14T14:53:10","slug":"chi-siamo","status":"publish","type":"page","link":"https:\/\/conscordoba.esteri.it\/es\/chi-siamo\/","title":{"rendered":"Qui\u00e9nes Somos"},"content":{"rendered":"<p style=\"text-align: justify;\"><strong>CONSULADO GENERAL DE ITALIA EN C\u00d3RDOBA<\/strong><\/p>\n<p style=\"text-align: justify;\"><em>Avenida V\u00e9lez S\u00e1rsfield 360 &#8211; 5000 C\u00f3rdoba (Argentina)<\/em><\/p>\n<p style=\"text-align: justify;\"><em><strong>ATENCI\u00d3N AL P\u00daBLICO<\/strong><\/em><\/p>\n<p style=\"text-align: justify;\">Las oficinas del Consulado General de Italia en C\u00f3rdoba reciben al p\u00fablico con cita previa (a definir con cada oficina) o (para los servicios de<strong> ciudadan\u00eda <\/strong>y <strong>pasaportes<\/strong>) obteniendo un turno a trav\u00e9s del portal\u00a0<strong><a href=\"https:\/\/prenotami.esteri.it\/\">Prenot@mi<\/a>\u00a0<\/strong>(disponible desde el 14 de junio de 2021).<\/p>\n<p style=\"text-align: justify;\">Verific\u00e1 aqu\u00ed c\u00f3mo obtener una cita para el servicio deseado.<\/p>\n<ul style=\"text-align: justify;\">\n<li style=\"list-style-type: none;\">\n<ul style=\"text-align: justify;\">\n<li><strong>Anagrafe<\/strong>\u00a0(Registro de las Personas) &#8211;\u00a0<a href=\"mailto:anagrafe.cordoba@esteri.it\">anagrafe.cordoba@esteri.it<\/a><\/li>\n<li><strong>Secretar\u00eda<\/strong>\u00a0&#8211;\u00a0<a href=\"mailto:segreteria.cordoba@esteri.it\">segreteria.cordoba@esteri.it<\/a><\/li>\n<li><strong>Estado<\/strong><strong> Civil<\/strong>\u00a0&#8211;\u00a0<a href=\"mailto:statocivile.cordoba@esteri.it\">statocivile.cordoba@esteri.it<\/a><\/li>\n<li><strong>Pasaportes<\/strong>\u00a0&#8211;\u00a0<a href=\"mailto:passaporti.cordoba@esteri.it\">passaporti.cordoba@esteri.it<\/a><\/li>\n<li><strong>Ciudadan\u00eda<\/strong>\u00a0&#8211;\u00a0<a href=\"mailto:cittadinanza.cordoba@esteri.it\">cittadinanza.cordoba@esteri.it<\/a><\/li>\n<li><strong>Notarial<\/strong>\u00a0&#8211;\u00a0<a href=\"mailto:notarile.cordoba@esteri.it\">notarile.cordoba@esteri.it<\/a><\/li>\n<li><strong>Asistencia<\/strong>\u00a0y\u00a0<strong>Jubilaciones<\/strong>\u00a0&#8211;\u00a0<a href=\"mailto:asspensioni.cordoba@esteri.it\">asspensioni.cordoba@esteri.it<\/a><\/li>\n<li><strong>Administraci\u00f3n<\/strong>\u00a0&#8211;\u00a0<a href=\"mailto:contabile.cordoba@esteri.it\">contabile.cordoba@esteri.it<\/a><\/li>\n<li><strong>Escuelas<\/strong>\u00a0&#8211;\u00a0<a href=\"mailto:scuole.cordoba@esteri.it\">scuole.cordoba@esteri.it<\/a><\/li>\n<li><strong>Visas y Estudios<\/strong>\u00a0&#8211;\u00a0<a href=\"mailto:cordoba.studievisti@esteri.it\">cordoba.studievisti@esteri.it<\/a><\/li>\n<li><strong>Ciudadan\u00eda por Matrimonio<\/strong>\u00a0&#8211;\u00a0<a href=\"mailto:cordoba.cittmatrim@esteri.it\">cordoba.cittmatrim@esteri.it<\/a><\/li>\n<li><strong>Archivo<\/strong> &#8211; <a href=\"mailto:cordoba.archivio@esteri.it\" target=\"_blank\" rel=\"noopener noreferrer\"><span lang=\"it\">cordoba.archivio@esteri.it<\/span><\/a><\/li>\n<li><strong>\u201cCodice fiscale\u201d <\/strong>(C\u00f3digo de identificaci\u00f3n fiscal) &#8211; <a href=\"mailto:cordoba.codfiscale@esteri.it\">cordoba.codfiscale@esteri.it<\/a><\/li>\n<\/ul>\n<\/li>\n<\/ul>\n<p style=\"text-align: justify;\"><strong>Atenci\u00f3n:<\/strong>\u00a0En caso de correspondencia por e-mail con el Consulado General, recomendamos controlar siempre la casilla de \u00abspam\u00bb del correo electr\u00f3nico, por si acaso las comunicaciones de la Sede llegaran a dicha casilla.<\/p>\n<p style=\"text-align: justify;\"><strong>Posta elettronica certificata (PEC):<\/strong>\u00a0<a href=\"mailto:con.cordoba@cert.esteri.it\">con.cordoba@cert.esteri.it<\/a><\/p>\n<p style=\"text-align: justify;\">En caso de e<strong>mergencias graves<\/strong>\u00a0relacionadas con ciudadanos italianos presentes en la circunscripci\u00f3n consular de C\u00f3rdoba, y\u00a0<strong>bajo ning\u00fan punto de vista para solicitar informaci\u00f3n<\/strong>, se encuentra activo, desde las 16 y hasta las 21 horas, y los fines de semana y d\u00edas feriados desde las 9 hasta las 21 horas, el n\u00famero de tel\u00e9fono\u00a0<strong>+54 351 15 6137892.<\/strong><\/p>\n<p style=\"text-align: justify;\">Con la finalidad de evitar obstaculizar la asistencia ante casos de emergencia, se ruega abstenerse de llamar a dicho n\u00famero para pedidos de informaci\u00f3n general o inherentes a tr\u00e1mites de oficina.<\/p>\n<p style=\"text-align: justify;\"><strong>Redes sociales:\u00a0<a href=\"https:\/\/twitter.com\/ItalyinCordoba\">Twitter<\/a>\u00a0&#8211;\u00a0<a href=\"https:\/\/www.instagram.com\/italyincordoba\/\">Instagram<\/a>\u00a0&#8211;\u00a0<a href=\"https:\/\/www.facebook.com\/italyincordoba\/\">Facebook<\/a><\/strong><\/p>\n","protected":false},"excerpt":{"rendered":"CONSULADO GENERAL DE ITALIA EN C\u00d3RDOBA Avenida V\u00e9lez S\u00e1rsfield 360 &#8211; 5000 C\u00f3rdoba (Argentina) ATENCI\u00d3N AL P\u00daBLICO Las oficinas del Consulado General de Italia en C\u00f3rdoba reciben al p\u00fablico con cita previa (a definir con cada oficina) o (para los servicios de ciudadan\u00eda y pasaportes) obteniendo un turno a trav\u00e9s del portal\u00a0Prenot@mi\u00a0(disponible desde el 14 [&hellip;]","protected":false},"author":1,"featured_media":0,"parent":0,"menu_order":2,"comment_status":"closed","ping_status":"closed","template":"","meta":{"footnotes":""},"class_list":["post-146","page","type-page","status-publish","hentry"],"_links":{"self":[{"href":"https:\/\/conscordoba.esteri.it\/es\/wp-json\/wp\/v2\/pages\/146","targetHints":{"allow":["GET"]}}],"collection":[{"href":"https:\/\/conscordoba.esteri.it\/es\/wp-json\/wp\/v2\/pages"}],"about":[{"href":"https:\/\/conscordoba.esteri.it\/es\/wp-json\/wp\/v2\/types\/page"}],"author":[{"embeddable":true,"href":"https:\/\/conscordoba.esteri.it\/es\/wp-json\/wp\/v2\/users\/1"}],"replies":[{"embeddable":true,"href":"https:\/\/conscordoba.esteri.it\/es\/wp-json\/wp\/v2\/comments?post=146"}],"version-history":[{"count":6,"href":"https:\/\/conscordoba.esteri.it\/es\/wp-json\/wp\/v2\/pages\/146\/revisions"}],"predecessor-version":[{"id":4400,"href":"https:\/\/conscordoba.esteri.it\/es\/wp-json\/wp\/v2\/pages\/146\/revisions\/4400"}],"wp:attachment":[{"href":"https:\/\/conscordoba.esteri.it\/es\/wp-json\/wp\/v2\/media?parent=146"}],"curies":[{"name":"wp","href":"https:\/\/api.w.org\/{rel}","templated":true}]}}