{"id":147,"date":"2023-04-03T18:24:11","date_gmt":"2023-04-03T16:24:11","guid":{"rendered":"https:\/\/conscordoba.esteri.it\/servizi-consolari-e-visti\/"},"modified":"2026-02-09T12:56:06","modified_gmt":"2026-02-09T11:56:06","slug":"servizi-consolari-e-visti","status":"publish","type":"page","link":"https:\/\/conscordoba.esteri.it\/es\/servizi-consolari-e-visti\/","title":{"rendered":"Servicios consulares y de visados"},"content":{"rendered":"<div id=\"NotiziePerArea\" class=\"NotiziePerArea\"><strong>SERVICIOS CONSULARES<\/strong><\/div>\n<p class=\"GenericTemplateText\">El Consulado general de Italia en C\u00f3rdoba, como todas las Representaciones diplomatico-consulares, erogan sus servicios seg\u00fan los principios de igualdad,\u00a0imparcialidad, eficiancia y transparencia, teniendo como objetivo\u00a0la tutela de los\u00a0ciudadanos italianos en el exterior respecto a sus derechos fundamentales y a la libertad personal. Aseguran adem\u00e1s la tutela de los intereses italianos fuera de las fronteras nacionales.<\/p>\n<p class=\"GenericTemplateText\">En la columna izquierda esta el listado de los principales servicios prestados por las Oficinas consulares, cada uno de ellos tiene su propia secci\u00f3n descriptiva. En la columna derecha en cambio es posible encontrar links utiles y m\u00e1s profundas informaciones.<\/p>\n<p class=\"GenericTemplateText\"><strong>C\u00d3MO CONTACTARNOS<\/strong><\/p>\n<p>En la columna de la izquierda encontrar\u00e1 los principales servicios que ofrece que ofrece la oficina consular, cada una con una secci\u00f3n descriptiva dedicada. En la columna a la derecha, en cambio, encontrar\u00e1 links \u00fatiles e hiperv\u00ednculos directos a los principales portales en uso por el Consulado.<\/p>\n<p>Las oficinas reciben al p\u00fablico con cita previa (a definir con cada oficina) o (para los servicios de ciudadan\u00eda y pasaportes) obteniendo un turno a trav\u00e9s del portal <a href=\"https:\/\/prenotami.esteri.it\/\">Prenot@mi<\/a>.<\/p>\n<p><em><strong>La comunicaci\u00f3n de la habilitaci\u00f3n de turnos se realiza \u00fanicamente a trav\u00e9s de la p\u00e1gina web y redes sociales oficiales del Consulado General, indicando fecha y hora.<\/strong><\/em><\/p>\n<p><strong>Verific\u00e1, bajo estas l\u00edneas, c\u00f3mo reservar una cita o turno para el servicio de tu inter\u00e9s<\/strong><\/p>\n<ul>\n<li>Para los servicios de\n<ul>\n<li><strong>Anagrafe<\/strong><\/li>\n<li><strong>Estado Civil<\/strong><\/li>\n<\/ul>\n<\/li>\n<\/ul>\n<p>Es posible actualizar tu posici\u00f3n directamente a trav\u00e9s del portal\u00a0<a href=\"https:\/\/serviziconsolarionline.esteri.it\/ScoFE\/index.sco\"><strong>Fast-it<\/strong><\/a>.<\/p>\n<ul>\n<li>Para los servicios de\n<ul>\n<li><strong>Ciudadan\u00eda<\/strong><\/li>\n<li><strong>Pasaportes<\/strong><\/li>\n<\/ul>\n<\/li>\n<\/ul>\n<p>Se encuentra disponible online el nuevo portal de reserva de turnos para los servicios consulares <a href=\"https:\/\/prenotami.esteri.it\/\"><strong>Prenot@mi<\/strong><\/a>.<\/p>\n<ul>\n<li>Para los servicios de\n<ul>\n<li><strong>Asistencia<\/strong><\/li>\n<li><strong>Pensiones<\/strong><\/li>\n<li><strong>Notarial<\/strong><\/li>\n<li><strong>Visas<\/strong><\/li>\n<li><strong>Estudios<\/strong><\/li>\n<\/ul>\n<\/li>\n<\/ul>\n<p>Basta coordinar una cita enviando un <strong>e-mail<\/strong>\u00a0a la oficina solicitando el servicio.<\/p>\n<ul>\n<li><strong>CITTADINANZA<\/strong>\u00a0<a href=\"mailto:cittadinanza.cordoba@esteri.it\">cittadinanza.cordoba@esteri.it<\/a><\/li>\n<li><strong>CITTADINANZA PER MATRIMONIO<\/strong>\u00a0<a href=\"mailto:cordoba.cittmatrim@esteri.it\">cordoba.cittmatrim@esteri.it<\/a><\/li>\n<li><strong>ANAGRAFE<\/strong>\u00a0<a href=\"mailto:anagrafe.cordoba@esteri.it\">anagrafe.cordoba@esteri.it<\/a><\/li>\n<li><strong>PASSAPORTI<\/strong>\u00a0<a href=\"mailto:passaporti.cordoba@esteri.it\">passaporti.cordoba@esteri.it<\/a><\/li>\n<li><strong>SCUOLE<\/strong>\u00a0<a href=\"mailto:scuole.cordoba@esteri.it\">scuole.cordoba@esteri.it<\/a><\/li>\n<li><strong>NOTARILE<\/strong>\u00a0<a href=\"mailto:notarile.cordoba@esteri.it\">notarile.cordoba@esteri.it<\/a><\/li>\n<li><strong>STUDI E VISTI<\/strong>\u00a0<a href=\"mailto:cordoba.studievisti@esteri.it\">cordoba.studievisti@esteri.it<\/a><\/li>\n<li><strong>STATO CIVILE<\/strong>\u00a0<a href=\"mailto:statocivile.cordoba@esteri.it\">statocivile.cordoba@esteri.it<\/a><\/li>\n<li><strong>ASSISTENZA E PENSIONI<\/strong>\u00a0<a href=\"mailto:asspensioni.cordoba@esteri.it\">asspensioni.cordoba@esteri.it<\/a><\/li>\n<li><strong>AMMINISTRATIVO<\/strong>\u00a0<a href=\"mailto:contabile.cordoba@esteri.it\">contabile.cordoba@esteri.it<\/a><\/li>\n<li><strong>SEGRETERIA<\/strong>\u00a0<a href=\"mailto:segreteria.cordoba@esteri.it\">segreteria.cordoba@esteri.it<\/a><\/li>\n<li><strong>ARCHIVIO<\/strong> <a href=\"mailto:cordoba.archivio@esteri.it\" target=\"_blank\" rel=\"noopener noreferrer\"><span lang=\"IT\">cordoba.archivio@esteri.it<\/span><\/a><\/li>\n<li><strong>CODICE FISCALE<\/strong>\u00a0<a href=\"mailto:cordoba.codfiscale@esteri.it\">cordoba.codfiscale@esteri.it<\/a><\/li>\n<\/ul>\n<p><strong>Posta elettronica certificata (PEC):<\/strong>\u00a0<a href=\"mailto:con.cordoba@cert.esteri.it\">con.cordoba@cert.esteri.it<\/a><\/p>\n<p>En caso de\u00a0<strong>emergencias graves<\/strong> relacionadas con ciudadanos italianos presentes en la circunscripci\u00f3n consular de C\u00f3rdoba, y bajo ning\u00fan punto de vista para solicitar informaci\u00f3n, se encuentra activo, desde las 16:30 horas y hasta las 22:00 horas, y los fines de semana y d\u00edas feriados desde las 8:00 horas hasta las 22:00 horas, el n\u00famero de tel\u00e9fono <strong>(+54) 0351 156137892.<\/strong><\/p>\n<p>Con la finalidad de evitar obstaculizar la asistencia ante casos de emergencia, se ruega\u00a0<em>abstenerse de llamar a dicho n\u00famero para pedidos de informaci\u00f3n general o inherentes a tr\u00e1mites de oficina<\/em><em>.<\/em><\/p>\n<ul>\n<li>Tambi\u00e9n estamos en\u00a0<strong>redes sociales<\/strong>\n<ul>\n<li><a href=\"https:\/\/twitter.com\/ItalyinCordoba\"><strong>Twitter<\/strong><\/a><\/li>\n<li><a href=\"https:\/\/www.facebook.com\/italyincordoba\/\"><strong>Facebook<\/strong><\/a><\/li>\n<li><a href=\"https:\/\/www.instagram.com\/italyincordoba\/\"><strong>Instagram<\/strong><\/a><\/li>\n<\/ul>\n<\/li>\n<\/ul>\n","protected":false},"excerpt":{"rendered":"SERVICIOS CONSULARES El Consulado general de Italia en C\u00f3rdoba, como todas las Representaciones diplomatico-consulares, erogan sus servicios seg\u00fan los principios de igualdad,\u00a0imparcialidad, eficiancia y transparencia, teniendo como objetivo\u00a0la tutela de los\u00a0ciudadanos italianos en el exterior respecto a sus derechos fundamentales y a la libertad personal. Aseguran adem\u00e1s la tutela de los intereses italianos fuera de [&hellip;]","protected":false},"author":1,"featured_media":0,"parent":0,"menu_order":6,"comment_status":"closed","ping_status":"closed","template":"","meta":{"footnotes":""},"class_list":["post-147","page","type-page","status-publish","hentry"],"_links":{"self":[{"href":"https:\/\/conscordoba.esteri.it\/es\/wp-json\/wp\/v2\/pages\/147","targetHints":{"allow":["GET"]}}],"collection":[{"href":"https:\/\/conscordoba.esteri.it\/es\/wp-json\/wp\/v2\/pages"}],"about":[{"href":"https:\/\/conscordoba.esteri.it\/es\/wp-json\/wp\/v2\/types\/page"}],"author":[{"embeddable":true,"href":"https:\/\/conscordoba.esteri.it\/es\/wp-json\/wp\/v2\/users\/1"}],"replies":[{"embeddable":true,"href":"https:\/\/conscordoba.esteri.it\/es\/wp-json\/wp\/v2\/comments?post=147"}],"version-history":[{"count":6,"href":"https:\/\/conscordoba.esteri.it\/es\/wp-json\/wp\/v2\/pages\/147\/revisions"}],"predecessor-version":[{"id":7138,"href":"https:\/\/conscordoba.esteri.it\/es\/wp-json\/wp\/v2\/pages\/147\/revisions\/7138"}],"wp:attachment":[{"href":"https:\/\/conscordoba.esteri.it\/es\/wp-json\/wp\/v2\/media?parent=147"}],"curies":[{"name":"wp","href":"https:\/\/api.w.org\/{rel}","templated":true}]}}