{"id":154,"date":"2023-04-03T19:15:16","date_gmt":"2023-04-03T17:15:16","guid":{"rendered":"https:\/\/conscordoba.esteri.it\/chi-siamo\/il-console-generale\/"},"modified":"2024-09-12T17:17:24","modified_gmt":"2024-09-12T15:17:24","slug":"il-console-generale","status":"publish","type":"page","link":"https:\/\/conscordoba.esteri.it\/es\/chi-siamo\/il-console-generale\/","title":{"rendered":"Il Console Generale"},"content":{"rendered":"<p><img loading=\"lazy\" decoding=\"async\" class=\"img-fluid alignnone wp-image-4184 \" src=\"https:\/\/conscordoba.esteri.it\/wp-content\/uploads\/2024\/09\/Foto-731x1024.jpg\" alt=\"\" width=\"364\" height=\"510\" srcset=\"https:\/\/conscordoba.esteri.it\/wp-content\/uploads\/2024\/09\/Foto-731x1024.jpg 731w, https:\/\/conscordoba.esteri.it\/wp-content\/uploads\/2024\/09\/Foto-214x300.jpg 214w, https:\/\/conscordoba.esteri.it\/wp-content\/uploads\/2024\/09\/Foto-768x1076.jpg 768w, https:\/\/conscordoba.esteri.it\/wp-content\/uploads\/2024\/09\/Foto.jpg 914w\" sizes=\"auto, (max-width: 364px) 100vw, 364px\" \/><\/p>\n<div>\n<p><strong>Maria Luisa Lapresa<\/strong><\/p>\n<\/div>\n<div>\n<p style=\"text-align: justify;\">Nacida en Roma, es C\u00f3nsul General de Italia en C\u00f3rdoba desde el 9 septiembre de 2024, competente para las Provincias de Catamarca, C\u00f3rdoba, Jujuy, La Rioja, Salta, Santiago del Estero y Tucum\u00e1n.<\/p>\n<p style=\"text-align: justify;\">Desde el a\u00f1o 2013 al 2017 ha prestado servicio como C\u00f3nsul de Italia en Detroit (USA).<\/p>\n<p style=\"text-align: justify;\">Se ha desempe\u00f1ado como Jefa de la oficina Econ\u00f3mico-Comercial de la Embajada de Italia en Bucarest (2017) y como Jefa de la Oficina de Asuntos Sociales y Culturales (2018-2019) de la misma Embajada. Durante dos a\u00f1os y medio ha sido responsable del Instituto Italiano de Cultura de Bucarest y ha sido Vice Jefe de Misi\u00f3n desde el 2019 al 2021.<\/p>\n<p style=\"text-align: justify;\">Posteriormente, ha prestado servicio en el Comit\u00e9 Interministerial de Derechos Humanos (CIDU), Direcci\u00f3n General de Asuntos Pol\u00edticos del Ministerio de Relaciones Exteriores y de Cooperaci\u00f3n Internacional (2021-2022).<\/p>\n<p style=\"text-align: justify;\">Desde el 2022 al 2024 se ha desempe\u00f1ado como Jefa de la Oficina I de la Direcci\u00f3n General para los Italianos en el Exterior y Pol\u00edticas Migratorias.<\/p>\n<p style=\"text-align: justify;\">Es Doctora en Disciplinas econ\u00f3micas, empresariales y m\u00e9todos cuantitativos, t\u00edtulo acad\u00e9mico obtenido en la Universidad de Messina, con tesis en ingl\u00e9s en Econometr\u00eda sobre Aid for Trade. Ha cursado los estudios universitarios en la Universidad \u00abLuiss\u00bb de Roma, gradu\u00e1ndose cum laude en Ciencias Pol\u00edticas en 2001.<\/p>\n<p style=\"text-align: justify;\">Habla ingl\u00e9s, franc\u00e9s, espa\u00f1ol, alem\u00e1n y rumano.<\/p>\n<p style=\"text-align: justify;\">Sus pasiones son el arte, la literatura, la m\u00fasica, el cine y la \u00f3pera l\u00edrica. Deportes que practica: vela, tenis, nataci\u00f3n, esqu\u00ed, y equitaci\u00f3n.<\/p>\n<p style=\"text-align: justify;\">Es casada y tiene dos hijos.<\/p>\n<\/div>\n","protected":false},"excerpt":{"rendered":"Maria Luisa Lapresa Nacida en Roma, es C\u00f3nsul General de Italia en C\u00f3rdoba desde el 9 septiembre de 2024, competente para las Provincias de Catamarca, C\u00f3rdoba, Jujuy, La Rioja, Salta, Santiago del Estero y Tucum\u00e1n. Desde el a\u00f1o 2013 al 2017 ha prestado servicio como C\u00f3nsul de Italia en Detroit (USA). Se ha desempe\u00f1ado como [&hellip;]","protected":false},"author":1,"featured_media":0,"parent":146,"menu_order":0,"comment_status":"closed","ping_status":"closed","template":"","meta":{"footnotes":""},"class_list":["post-154","page","type-page","status-publish","hentry"],"_links":{"self":[{"href":"https:\/\/conscordoba.esteri.it\/es\/wp-json\/wp\/v2\/pages\/154","targetHints":{"allow":["GET"]}}],"collection":[{"href":"https:\/\/conscordoba.esteri.it\/es\/wp-json\/wp\/v2\/pages"}],"about":[{"href":"https:\/\/conscordoba.esteri.it\/es\/wp-json\/wp\/v2\/types\/page"}],"author":[{"embeddable":true,"href":"https:\/\/conscordoba.esteri.it\/es\/wp-json\/wp\/v2\/users\/1"}],"replies":[{"embeddable":true,"href":"https:\/\/conscordoba.esteri.it\/es\/wp-json\/wp\/v2\/comments?post=154"}],"version-history":[{"count":3,"href":"https:\/\/conscordoba.esteri.it\/es\/wp-json\/wp\/v2\/pages\/154\/revisions"}],"predecessor-version":[{"id":4200,"href":"https:\/\/conscordoba.esteri.it\/es\/wp-json\/wp\/v2\/pages\/154\/revisions\/4200"}],"up":[{"embeddable":true,"href":"https:\/\/conscordoba.esteri.it\/es\/wp-json\/wp\/v2\/pages\/146"}],"wp:attachment":[{"href":"https:\/\/conscordoba.esteri.it\/es\/wp-json\/wp\/v2\/media?parent=154"}],"curies":[{"name":"wp","href":"https:\/\/api.w.org\/{rel}","templated":true}]}}