{"id":155,"date":"2023-04-03T19:15:30","date_gmt":"2023-04-03T17:15:30","guid":{"rendered":"https:\/\/conscordoba.esteri.it\/chi-siamo\/la-sede\/"},"modified":"2025-04-10T16:39:48","modified_gmt":"2025-04-10T14:39:48","slug":"la-sede","status":"publish","type":"page","link":"https:\/\/conscordoba.esteri.it\/es\/chi-siamo\/la-sede\/","title":{"rendered":"La Sede"},"content":{"rendered":"<h2><strong>Consulado General de Italia en C\u00f3rdoba<\/strong><\/h2>\n<ul>\n<li>Av. V\u00e9lez S\u00e1rsfield 360 &#8211; 5000 C\u00f3rdoba (Argentina).<\/li>\n<\/ul>\n<h2><\/h2>\n<h2>Calendario de Feriados 2025<\/h2>\n<article id=\"articolo_centro\" class=\"col-md-15 col-sm-15 padding_articolo item-page\" role=\"main\" aria-label=\"articolo\">\n<div>\n<p>Se detallan a continuaci\u00f3n los d\u00edas\u00a0<strong>FERIADOS<\/strong>\u00a0del a\u00f1o<strong>\u00a02025,\u00a0<\/strong>en los cuales el Consulado general\u00a0<em>permanecer\u00e1 cerrado<\/em>:<\/p>\n<ul>\n<li>1 de enero\u00a0 \u00a0 \u00a0 \u00a0A\u00f1o Nuevo<\/li>\n<li>18 de abril\u00a0 \u00a0 \u00a0 \u00a0Viernes Santo<\/li>\n<li>21 de abril\u00a0 \u00a0 \u00a0 \u00a0Lunes de Pascua<\/li>\n<li>25 de abril\u00a0 \u00a0 \u00a0 \u00a0Fiesta de la Liberaci\u00f3n<\/li>\n<li>1 de mayo\u00a0 \u00a0 \u00a0 \u00a0 D\u00eda del Trabajador<\/li>\n<li>25 de mayo\u00a0 \u00a0 \u00a0Revoluci\u00f3n de Mayo<\/li>\n<li>2 de junio\u00a0 \u00a0 \u00a0 \u00a0 Fiesta della Rep\u00fablica<\/li>\n<li>9 de julio\u00a0 \u00a0 \u00a0 \u00a0 \u00a0Declaraci\u00f3n de Independencia Argentina<\/li>\n<li>12 de octubre\u00a0 \u00a0 \u00a0 \u00a0 \u00a0 \u00a0D\u00eda del Respeto a la Diversidad<\/li>\n<li>25 de diciembre\u00a0 \u00a0 \u00a0 Navidad<\/li>\n<li>26 de diciembre\u00a0 \u00a0 \u00a0 San Esteban<\/li>\n<\/ul>\n<\/div>\n<div class=\"row\"><\/div>\n<\/article>\n","protected":false},"excerpt":{"rendered":"Consulado General de Italia en C\u00f3rdoba Av. V\u00e9lez S\u00e1rsfield 360 &#8211; 5000 C\u00f3rdoba (Argentina). Calendario de Feriados 2025 Se detallan a continuaci\u00f3n los d\u00edas\u00a0FERIADOS\u00a0del a\u00f1o\u00a02025,\u00a0en los cuales el Consulado general\u00a0permanecer\u00e1 cerrado: 1 de enero\u00a0 \u00a0 \u00a0 \u00a0A\u00f1o Nuevo 18 de abril\u00a0 \u00a0 \u00a0 \u00a0Viernes Santo 21 de abril\u00a0 \u00a0 \u00a0 \u00a0Lunes de Pascua 25 de [&hellip;]","protected":false},"author":1,"featured_media":0,"parent":146,"menu_order":2,"comment_status":"closed","ping_status":"closed","template":"","meta":{"footnotes":""},"class_list":["post-155","page","type-page","status-publish","hentry"],"_links":{"self":[{"href":"https:\/\/conscordoba.esteri.it\/es\/wp-json\/wp\/v2\/pages\/155","targetHints":{"allow":["GET"]}}],"collection":[{"href":"https:\/\/conscordoba.esteri.it\/es\/wp-json\/wp\/v2\/pages"}],"about":[{"href":"https:\/\/conscordoba.esteri.it\/es\/wp-json\/wp\/v2\/types\/page"}],"author":[{"embeddable":true,"href":"https:\/\/conscordoba.esteri.it\/es\/wp-json\/wp\/v2\/users\/1"}],"replies":[{"embeddable":true,"href":"https:\/\/conscordoba.esteri.it\/es\/wp-json\/wp\/v2\/comments?post=155"}],"version-history":[{"count":5,"href":"https:\/\/conscordoba.esteri.it\/es\/wp-json\/wp\/v2\/pages\/155\/revisions"}],"predecessor-version":[{"id":5677,"href":"https:\/\/conscordoba.esteri.it\/es\/wp-json\/wp\/v2\/pages\/155\/revisions\/5677"}],"up":[{"embeddable":true,"href":"https:\/\/conscordoba.esteri.it\/es\/wp-json\/wp\/v2\/pages\/146"}],"wp:attachment":[{"href":"https:\/\/conscordoba.esteri.it\/es\/wp-json\/wp\/v2\/media?parent=155"}],"curies":[{"name":"wp","href":"https:\/\/api.w.org\/{rel}","templated":true}]}}