{"id":157,"date":"2023-04-03T19:15:59","date_gmt":"2023-04-03T17:15:59","guid":{"rendered":"https:\/\/conscordoba.esteri.it\/chi-siamo\/contatti\/"},"modified":"2023-09-20T14:53:52","modified_gmt":"2023-09-20T12:53:52","slug":"contatti","status":"publish","type":"page","link":"https:\/\/conscordoba.esteri.it\/es\/chi-siamo\/contatti\/","title":{"rendered":"Contactos"},"content":{"rendered":"<h1>Contactos<\/h1>\n<div class=\"sr-only\"><strong>CONSULADO GENERAL DE ITALIA EN C\u00d3RDOBA<\/strong><\/div>\n<div>\n<p>Las oficinas reciben al p\u00fablico desde las 8.30 horas hasta las 14.00 con cita previa (a definir con cada oficina) o (para los servicios de\u00a0<strong>ciudadan\u00eda\u00a0<\/strong>y\u00a0<strong>pasaportes<\/strong>) obteniendo un turno a trav\u00e9s del portal\u00a0<a href=\"https:\/\/prenotami.esteri.it\/\"><strong>Pren<\/strong><strong>o<\/strong><strong>t@mi<\/strong><\/a>\u00a0(disponible desde el 14 de junio de 2021).<\/p>\n<ul>\n<li><strong>Anagrafe (Registro de las Personas)<\/strong>\n<ul>\n<li><a href=\"mailto:anagrafe.cordoba@esteri.it\">anagrafe.cordoba@esteri.it<\/a><\/li>\n<\/ul>\n<\/li>\n<li><strong>Estado Civil<\/strong>\n<ul>\n<li><a href=\"mailto:statocivile.cordoba@esteri.it\">statocivile.cordoba@esteri.it<\/a><\/li>\n<\/ul>\n<\/li>\n<li><strong>Pasaportes<\/strong>\n<ul>\n<li><a href=\"mailto:passaporti.cordoba@esteri.it\">passaporti.cordoba@esteri.it<\/a><\/li>\n<\/ul>\n<\/li>\n<li><strong>Ciudadan\u00eda<\/strong>\n<ul>\n<li><a href=\"mailto:cittadinanza.cordoba@esteri.it\">cittadinanza.cordoba@esteri.it<\/a><\/li>\n<\/ul>\n<\/li>\n<li><strong>Notarial<\/strong>\n<ul>\n<li><a href=\"mailto:notarile.cordoba@esteri.it\">notarile.cordoba@esteri.it<\/a><\/li>\n<\/ul>\n<\/li>\n<li><strong>Asistencia y Jubilaciones<\/strong>\n<ul>\n<li><a href=\"mailto:assistenzapensioni.cordoba@esteri.it\">asspensioni.cordoba@esteri.it<\/a><\/li>\n<\/ul>\n<\/li>\n<li><strong>Administraci\u00f3n<\/strong>\n<ul>\n<li><a href=\"mailto:contabile.cordoba@esteri.it\">contabile.cordoba@esteri.it<\/a><\/li>\n<\/ul>\n<\/li>\n<li><strong>Escuelas<\/strong>\n<ul>\n<li><a href=\"mailto:scuole.cordoba@esteri.it\">scuole.cordoba@esteri.it<\/a><\/li>\n<\/ul>\n<\/li>\n<li><strong>Visas y Estudios<\/strong>\n<ul>\n<li><a href=\"mailto:cordoba.studievisti@esteri.it\">cordoba.studievisti@esteri.it<\/a><\/li>\n<\/ul>\n<\/li>\n<li><strong>Ciudadan\u00eda por Matrimonio<\/strong>\n<ul>\n<li><a href=\"mailto:cordoba.cittmatrim@esteri.it\">cordoba.cittmatrim@esteri.it<\/a><\/li>\n<\/ul>\n<\/li>\n<li><strong>Secretar\u00eda de la C\u00f3nsul General<\/strong>\n<ul>\n<li><a href=\"mailto:segreteria.cordoba@esteri.it\">segreteria.cordoba@esteri.it<\/a><\/li>\n<\/ul>\n<\/li>\n<\/ul>\n<p><strong>Atenci\u00f3n:<\/strong>\u00a0En caso de correspondencia por e-mail con el Consulado General, recomendamos controlar siempre la casilla de \u00abspam\u00bb del correo electr\u00f3nico, por si acaso las comunicaciones de la Sede llegaran a dicha casilla.<\/p>\n<ul>\n<li><strong>Posta elettronica certificata (PEC):<\/strong>\u00a0<a href=\"mailto:con.cordoba@cert.esteri.it\">con.cordoba@cert.esteri.it<\/a><\/li>\n<\/ul>\n<p>En caso de\u00a0<strong>emergencias graves<\/strong>\u00a0relacionadas con ciudadanos italianos presentes en la circunscripci\u00f3n consular de C\u00f3rdoba, y bajo ning\u00fan punto de vista para solicitar informaci\u00f3n, se encuentra activo, desde las 16:30 y hasta las 22 horas, y los fines de semana y d\u00edas feriados desde las 8 hasta las 22 horas, el n\u00famero de tel\u00e9fono\u00a0<strong>(+54) 0351 156137892<\/strong>.<\/p>\n<p>Con la finalidad de evitar obstaculizar la asistencia ante casos de emergencia, se ruega abstenerse de llamar a dicho n\u00famero para pedidos de informaci\u00f3n general o inherentes a tr\u00e1mites de oficina.<\/p>\n<ul>\n<li><strong>Redes sociales:<\/strong>\u00a0<a href=\"https:\/\/twitter.com\/ItalyinCordoba\">Twitter<\/a>\u00a0\u2013\u00a0<a href=\"https:\/\/www.instagram.com\/italyincordoba\/\">Instagram<\/a>\u00a0\u2013\u00a0<a href=\"https:\/\/www.facebook.com\/italyincordoba\/\">Facebook<\/a><\/li>\n<\/ul>\n<p>&nbsp;<\/p>\n<\/div>\n","protected":false},"excerpt":{"rendered":"Contactos CONSULADO GENERAL DE ITALIA EN C\u00d3RDOBA Las oficinas reciben al p\u00fablico desde las 8.30 horas hasta las 14.00 con cita previa (a definir con cada oficina) o (para los servicios de\u00a0ciudadan\u00eda\u00a0y\u00a0pasaportes) obteniendo un turno a trav\u00e9s del portal\u00a0Prenot@mi\u00a0(disponible desde el 14 de junio de 2021). Anagrafe (Registro de las Personas) anagrafe.cordoba@esteri.it Estado Civil statocivile.cordoba@esteri.it [&hellip;]","protected":false},"author":1,"featured_media":0,"parent":146,"menu_order":8,"comment_status":"closed","ping_status":"closed","template":"","meta":{"footnotes":""},"class_list":["post-157","page","type-page","status-publish","hentry"],"_links":{"self":[{"href":"https:\/\/conscordoba.esteri.it\/es\/wp-json\/wp\/v2\/pages\/157","targetHints":{"allow":["GET"]}}],"collection":[{"href":"https:\/\/conscordoba.esteri.it\/es\/wp-json\/wp\/v2\/pages"}],"about":[{"href":"https:\/\/conscordoba.esteri.it\/es\/wp-json\/wp\/v2\/types\/page"}],"author":[{"embeddable":true,"href":"https:\/\/conscordoba.esteri.it\/es\/wp-json\/wp\/v2\/users\/1"}],"replies":[{"embeddable":true,"href":"https:\/\/conscordoba.esteri.it\/es\/wp-json\/wp\/v2\/comments?post=157"}],"version-history":[{"count":0,"href":"https:\/\/conscordoba.esteri.it\/es\/wp-json\/wp\/v2\/pages\/157\/revisions"}],"up":[{"embeddable":true,"href":"https:\/\/conscordoba.esteri.it\/es\/wp-json\/wp\/v2\/pages\/146"}],"wp:attachment":[{"href":"https:\/\/conscordoba.esteri.it\/es\/wp-json\/wp\/v2\/media?parent=157"}],"curies":[{"name":"wp","href":"https:\/\/api.w.org\/{rel}","templated":true}]}}