{"id":158,"date":"2023-04-03T19:16:29","date_gmt":"2023-04-03T17:16:29","guid":{"rendered":"https:\/\/conscordoba.esteri.it\/chi-siamo\/la-rete-consolare\/"},"modified":"2024-09-23T14:39:28","modified_gmt":"2024-09-23T12:39:28","slug":"la-rete-consolare","status":"publish","type":"page","link":"https:\/\/conscordoba.esteri.it\/es\/chi-siamo\/la-rete-consolare\/","title":{"rendered":"La Red Consular"},"content":{"rendered":"<p>La Circunscripci\u00f3n del Consulado General de C\u00f3rdoba comprende las siguientes Provincias:\u00a0<strong>Catamarca, C\u00f3rdoba, La Rioja, Jujuy, Salta, Santiago del Estero, Tucum\u00e1n.<\/strong><\/p>\n<p><strong>Oficinas consulares honorarias dependientes:<\/strong><\/p>\n<p><strong>Vice consulado honorario Catamarca<\/strong><br \/>\nVice c\u00f3nsul honorario: Pablo Vargiu<br \/>\nMariano Moreno 554 &#8211; 4700 San Fernando del Valle de Catamarca<br \/>\nTel: 0383-4453710\/545826 Cel: 0383-4622067<br \/>\n<a href=\"mailto:vcicatamarca@hotmail.com\">catamarca.onorario@esteri.it<\/a><br \/>\nAtenci\u00f3n al p\u00fablico: Jueves de 09:00 hs a 13:00 hs<\/p>\n<p><a href=\"https:\/\/conscordoba.esteri.it\/wp-content\/uploads\/2023\/08\/catamarca_2-2.pdf\">Decreto di limitazione delle funzioni<\/a><\/p>\n<p><strong>Vice consulado honorario Santiago del Estero<\/strong><br \/>\nVice c\u00f3nsul honorario: Luis Hector Bellomo<br \/>\n24 DE SEPTIEMBRE 408 5TO PISO EDIFICIO YOCCA &#8211; 4200 &#8211; SANTIAGO DEL ESTERO<br \/>\nTel\/Fax: 0385-6998759<br \/>\n<a href=\"mailto:lhbellomo@hotmail.com\">santiagodelestero.onorario@esteri.it<\/a><br \/>\nAtenci\u00f3n al p\u00fablico: lunes, martes, mi\u00e9rcoles y jueves de 19 a 21,30 hss<\/p>\n<p><a href=\"https:\/\/conscordoba.esteri.it\/wp-content\/uploads\/2023\/08\/santiago_2-1.pdf\">Decreto di limitazione delle funzioni<\/a><\/p>\n<p><strong>Vice consulado honorario Jujuy<\/strong><br \/>\nVice c\u00f3nsul honorario: Adriana Bertini<br \/>\nErnesto S\u00e1bato 872 (ex Guido Spano) &#8211; 4600 Los Perales, San Salvador de Jujuy<br \/>\nTel\/Fax: 0388-4261898<br \/>\n<a href=\"mailto:abertini@imagine.com.ar\">j<\/a><a href=\"mailto:ujuy.onorario@esteri.it\">ujuy.onorario@esteri.it<\/a><\/p>\n<p>Atenci\u00f3n al p\u00fablico: martes, mi\u00e9rcoles y jueves de 18:30 hs a 20:30 hs<\/p>\n<p><a href=\"https:\/\/conscordoba.esteri.it\/wp-content\/uploads\/2023\/08\/dlf_bertini-1.pdf\">Decreto di limitazione delle funzioni<\/a><\/p>\n<p><strong>Agencia Consular Honoraria de Rio Cuarto<\/strong><br \/>\nAgente Consular Honorario: Alberto Gustavo Bartoccioni<br \/>\nCalle Colon 243 &#8211; 5800 Rio Cuarto<br \/>\n<a href=\"mailto:aconsular.riocuarto@gmail.com\">aconsular.riocuarto@gmail.com<\/a><\/p>\n<p><strong>Agenzia Consolare Onoraria San Francisco<\/strong><\/p>\n<p>Agente Consolar Hnorario: Fernando Neldo Lorenzatto<br \/>\nAv. del Libertador 99 &#8211; 2400 San Francisco<br \/>\nTel: 03564 443200<br \/>\n<a href=\"mailto:sanfrancisco.onorario@esteri.it\">sanfrancisco.onorario@esteri.it<\/a><\/p>\n<p><strong>Agencia consular honoraria Villa Maria<\/strong><br \/>\nAgente consular honorario: Mat\u00edas Ezequiel Bossa Bonardo<\/p>\n<p>Salta 1481 &#8211; 5900 &#8211; Villa Mar\u00eda<br \/>\nTel.: 0353-4537306<br \/>\n<a href=\"mailto:villamaria.onorario@esteri.it\">villamaria.onorario@esteri.it<\/a><\/p>\n<p>Atenci\u00f3n al p\u00fablico: Martes de 9 a 12 y de 16 a 19 hs.<\/p>\n<p><a href=\"https:\/\/conscordoba.esteri.it\/wp-content\/uploads\/2023\/08\/villa_maria_2-1.pdf\">Decreto di limitazione delle funzioni<\/a><\/p>\n<p><strong>Corresponsales consulares:<\/strong><\/p>\n<p><strong>Salta<\/strong><\/p>\n<p>Daniel Zozzoli<\/p>\n<p>Santiago Del Estero 497 \u2013 SALTA (Capital)<br \/>\nTel\u00e9fono : 0387-471 0707<br \/>\n<a href=\"mailto:vice.consolato.italia@gmail.com\">vice.consolato.salta@gmail.com<\/a><br \/>\nAtenci\u00f3n al p\u00fablico: Mi\u00e9rcoles, jueves y viernes de 9:00 a 11:30.<\/p>\n<p><strong>Tucum\u00e1n<\/strong><\/p>\n<p>Corrispondente consolare: Sergio Ricciuti<br \/>\nLas Piedras 419 \u2013 PB \u2013 4000 San Miguel de Tucum\u00e1n<br \/>\nTel. 381-4226072<br \/>\n<a href=\"mailto:viceconsuladodeitaliatuc@outlook.com\">viceconsuladodeitaliatuc@outlook.com<\/a><\/p>\n<p><strong>La Rioja<\/strong><\/p>\n<p>Remo Augusto Bolognesi<br \/>\nAvenida Presidente Peron 739 &#8211; 5300 La Rioja<br \/>\nTel\/Fax: 0380-4425416<br \/>\n<a href=\"mailto:dr.remoabolognesi@hotmail.com\">dr.remoabolognesi@hotmail.com<\/a><\/p>\n<p><strong>Bell Ville<\/strong><\/p>\n<p>Ruben Hector Cassol<br \/>\nVieytes 6 &#8211; 2550 Bell Ville<br \/>\nTel: 03537-15692734<br \/>\n<a href=\"mailto:rubencassol@gmail.com\">rubencassol@gmail.com<\/a><\/p>\n<p><strong>Colonia Caroya<\/strong><\/p>\n<p>Lucia Rossi<br \/>\nAv. San Mart\u00edn 2842 &#8211; 5223 Colonia Caroya<br \/>\nTel: 03525-465555<br \/>\n<a href=\"mailto:corrispondenteitaliacaroya@gmail.com\">corrispondenteitaliacaroya@gmail.com<\/a><\/p>\n<p><a href=\"mailto:corrispondenteitalia@hotmail.com\">corrispondenteitalia@hotmail.com<\/a><\/p>\n","protected":false},"excerpt":{"rendered":"La Circunscripci\u00f3n del Consulado General de C\u00f3rdoba comprende las siguientes Provincias:\u00a0Catamarca, C\u00f3rdoba, La Rioja, Jujuy, Salta, Santiago del Estero, Tucum\u00e1n. Oficinas consulares honorarias dependientes: Vice consulado honorario Catamarca Vice c\u00f3nsul honorario: Pablo Vargiu Mariano Moreno 554 &#8211; 4700 San Fernando del Valle de Catamarca Tel: 0383-4453710\/545826 Cel: 0383-4622067 catamarca.onorario@esteri.it Atenci\u00f3n al p\u00fablico: Jueves de 09:00 [&hellip;]","protected":false},"author":1,"featured_media":0,"parent":146,"menu_order":12,"comment_status":"closed","ping_status":"closed","template":"","meta":{"footnotes":""},"class_list":["post-158","page","type-page","status-publish","hentry"],"_links":{"self":[{"href":"https:\/\/conscordoba.esteri.it\/es\/wp-json\/wp\/v2\/pages\/158","targetHints":{"allow":["GET"]}}],"collection":[{"href":"https:\/\/conscordoba.esteri.it\/es\/wp-json\/wp\/v2\/pages"}],"about":[{"href":"https:\/\/conscordoba.esteri.it\/es\/wp-json\/wp\/v2\/types\/page"}],"author":[{"embeddable":true,"href":"https:\/\/conscordoba.esteri.it\/es\/wp-json\/wp\/v2\/users\/1"}],"replies":[{"embeddable":true,"href":"https:\/\/conscordoba.esteri.it\/es\/wp-json\/wp\/v2\/comments?post=158"}],"version-history":[{"count":6,"href":"https:\/\/conscordoba.esteri.it\/es\/wp-json\/wp\/v2\/pages\/158\/revisions"}],"predecessor-version":[{"id":4294,"href":"https:\/\/conscordoba.esteri.it\/es\/wp-json\/wp\/v2\/pages\/158\/revisions\/4294"}],"up":[{"embeddable":true,"href":"https:\/\/conscordoba.esteri.it\/es\/wp-json\/wp\/v2\/pages\/146"}],"wp:attachment":[{"href":"https:\/\/conscordoba.esteri.it\/es\/wp-json\/wp\/v2\/media?parent=158"}],"curies":[{"name":"wp","href":"https:\/\/api.w.org\/{rel}","templated":true}]}}