{"id":163,"date":"2023-04-03T19:16:15","date_gmt":"2023-04-03T17:16:15","guid":{"rendered":"https:\/\/conscordoba.esteri.it\/chi-siamo\/numeri-di-emergenza\/"},"modified":"2023-08-12T17:09:32","modified_gmt":"2023-08-12T15:09:32","slug":"numeri-di-emergenza","status":"publish","type":"page","link":"https:\/\/conscordoba.esteri.it\/es\/chi-siamo\/numeri-di-emergenza\/","title":{"rendered":"Numeri di emergenza"},"content":{"rendered":"<article id=\"articolo_centro\" class=\"col-md-15 col-sm-15 padding_articolo item-page\" role=\"main\" aria-label=\"articolo\">\n<article id=\"articolo_centro\" class=\"col-md-15 col-sm-15 padding_articolo item-page\" role=\"main\" aria-label=\"articolo\">\n<div class=\"sr-only\" style=\"text-align: left;\">\n<article id=\"articolo_centro\" class=\"col-md-15 col-sm-15 padding_articolo item-page\" role=\"main\" aria-label=\"articolo\">\n<h1 class=\"sr-only\" style=\"text-align: left;\">Tel\u00e9fono de emergencia<\/h1>\n<div class=\"sr-only\" style=\"text-align: left;\">\n<article id=\"articolo_centro\" class=\"col-md-15 col-sm-15 padding_articolo item-page\" role=\"main\" aria-label=\"articolo\"><strong>En caso de emergencias graves, y en ning\u00fan caso para informaciones generales<\/strong>, se encuentra activo desde el horario de cierre de la oficina hasta las 22 horas y los fines de semana de 8:00 a 22:00 horas, el n\u00famero +54 9 351 613 7892. En todos los otros d\u00edas y horarios, s\u00f3lo para <strong>emergencias graves<\/strong>, es posible comunicarse al n\u00famero +39 06 3691 2790.<\/article>\n<\/div>\n<\/article>\n<aside id=\"articolo_dx\" class=\"col-md-4 col-sm-4 col-xs-24\" role=\"complementary\" aria-label=\"approfondimenti\"><\/aside>\n<\/div>\n<\/article>\n<\/article>\n<div><\/div>\n<div><\/div>\n<article id=\"articolo_centro\" class=\"col-md-15 col-sm-15 padding_articolo item-page\" role=\"main\" aria-label=\"articolo\">\n<div><\/div>\n<\/article>\n<aside id=\"articolo_dx\" class=\"col-md-4 col-sm-4 col-xs-24\" role=\"complementary\" aria-label=\"approfondimenti\"><\/aside>\n","protected":false},"excerpt":{"rendered":"Tel\u00e9fono de emergencia En caso de emergencias graves, y en ning\u00fan caso para informaciones generales, se encuentra activo desde el horario de cierre de la oficina hasta las 22 horas y los fines de semana de 8:00 a 22:00 horas, el n\u00famero +54 9 351 613 7892. En todos los otros d\u00edas y horarios, s\u00f3lo [&hellip;]","protected":false},"author":1,"featured_media":0,"parent":146,"menu_order":10,"comment_status":"closed","ping_status":"closed","template":"","meta":{"footnotes":""},"class_list":["post-163","page","type-page","status-publish","hentry"],"_links":{"self":[{"href":"https:\/\/conscordoba.esteri.it\/es\/wp-json\/wp\/v2\/pages\/163","targetHints":{"allow":["GET"]}}],"collection":[{"href":"https:\/\/conscordoba.esteri.it\/es\/wp-json\/wp\/v2\/pages"}],"about":[{"href":"https:\/\/conscordoba.esteri.it\/es\/wp-json\/wp\/v2\/types\/page"}],"author":[{"embeddable":true,"href":"https:\/\/conscordoba.esteri.it\/es\/wp-json\/wp\/v2\/users\/1"}],"replies":[{"embeddable":true,"href":"https:\/\/conscordoba.esteri.it\/es\/wp-json\/wp\/v2\/comments?post=163"}],"version-history":[{"count":0,"href":"https:\/\/conscordoba.esteri.it\/es\/wp-json\/wp\/v2\/pages\/163\/revisions"}],"up":[{"embeddable":true,"href":"https:\/\/conscordoba.esteri.it\/es\/wp-json\/wp\/v2\/pages\/146"}],"wp:attachment":[{"href":"https:\/\/conscordoba.esteri.it\/es\/wp-json\/wp\/v2\/media?parent=163"}],"curies":[{"name":"wp","href":"https:\/\/api.w.org\/{rel}","templated":true}]}}