{"id":177,"date":"2023-04-03T19:17:35","date_gmt":"2023-04-03T17:17:35","guid":{"rendered":"https:\/\/conscordoba.esteri.it\/italia-e-argentina\/cooperazione-allo-sviluppo\/"},"modified":"2024-05-27T15:23:42","modified_gmt":"2024-05-27T13:23:42","slug":"cooperazione-allo-sviluppo","status":"publish","type":"page","link":"https:\/\/conscordoba.esteri.it\/es\/italia-e-argentina\/cooperazione-allo-sviluppo\/","title":{"rendered":"Cooperaci\u00f3n para el desarrollo"},"content":{"rendered":"<p>Para m\u00e1s informaci\u00f3n visita la secci\u00f3n dedicada de la p\u00e1gina web de la Embajada de Italia en Buenos Aires: <a href=\"https:\/\/ambbuenosaires.esteri.it\/it\/italia-e-argentina\/cooperazione-allo-sviluppo\/\">clic aqu\u00ed<\/a>.<\/p>\n","protected":false},"excerpt":{"rendered":"Para m\u00e1s informaci\u00f3n visita la secci\u00f3n dedicada de la p\u00e1gina web de la Embajada de Italia en Buenos Aires: clic aqu\u00ed.","protected":false},"author":1,"featured_media":0,"parent":143,"menu_order":6,"comment_status":"closed","ping_status":"closed","template":"","meta":{"footnotes":""},"class_list":["post-177","page","type-page","status-publish","hentry"],"_links":{"self":[{"href":"https:\/\/conscordoba.esteri.it\/es\/wp-json\/wp\/v2\/pages\/177","targetHints":{"allow":["GET"]}}],"collection":[{"href":"https:\/\/conscordoba.esteri.it\/es\/wp-json\/wp\/v2\/pages"}],"about":[{"href":"https:\/\/conscordoba.esteri.it\/es\/wp-json\/wp\/v2\/types\/page"}],"author":[{"embeddable":true,"href":"https:\/\/conscordoba.esteri.it\/es\/wp-json\/wp\/v2\/users\/1"}],"replies":[{"embeddable":true,"href":"https:\/\/conscordoba.esteri.it\/es\/wp-json\/wp\/v2\/comments?post=177"}],"version-history":[{"count":1,"href":"https:\/\/conscordoba.esteri.it\/es\/wp-json\/wp\/v2\/pages\/177\/revisions"}],"predecessor-version":[{"id":3441,"href":"https:\/\/conscordoba.esteri.it\/es\/wp-json\/wp\/v2\/pages\/177\/revisions\/3441"}],"up":[{"embeddable":true,"href":"https:\/\/conscordoba.esteri.it\/es\/wp-json\/wp\/v2\/pages\/143"}],"wp:attachment":[{"href":"https:\/\/conscordoba.esteri.it\/es\/wp-json\/wp\/v2\/media?parent=177"}],"curies":[{"name":"wp","href":"https:\/\/api.w.org\/{rel}","templated":true}]}}