{"id":190,"date":"2023-04-03T19:29:38","date_gmt":"2023-04-03T17:29:38","guid":{"rendered":"https:\/\/conscordoba.esteri.it\/servizi-consolari-e-visti\/servizi-per-il-cittadino-italiano\/servizi-notarili\/"},"modified":"2024-06-13T18:20:37","modified_gmt":"2024-06-13T16:20:37","slug":"servizi-notarili","status":"publish","type":"page","link":"https:\/\/conscordoba.esteri.it\/es\/servizi-consolari-e-visti\/servizi-per-il-cittadino-italiano\/servizi-notarili\/","title":{"rendered":"Servicios notariales"},"content":{"rendered":"<p>La Oficina Notarial del Consulado General gestiona documentos realizados entre personas vivas (poderes, contratos, etc.) y documentos de \u00faltima voluntad (testamentos), custodia su dep\u00f3sito y expide copias o extractos de los mismos, si los documentos se utilizan en Italia.<\/p>\n<p>Los servicios notariales solicitados con m\u00e1s frecuencia son:<\/p>\n<p><strong>1. Poderes<\/strong><br \/>\n<strong>2. Testamentos P\u00fablicos<\/strong><br \/>\n<strong>3. Documentos P\u00fablicos<\/strong><br \/>\n<strong>4. Certificaciones\/Legalizaciones<\/strong><\/p>\n<p><strong>1. Poderes<\/strong><\/p>\n<ul>\n<li>El poder es un documento con el cual una persona (f\u00edsica o jur\u00eddica) otorga a otra la facultad de actuar en su nombre y representaci\u00f3n. El poder puede ser general o especial.<\/li>\n<li><strong>Poder general:<\/strong>\u00a0el interesado otorga al representante la capacidad de gestionar todos sus actos, presentes y futuros. Se expide por tiempo indeterminado y es revocable.<\/li>\n<li><strong>Poder especial:<\/strong>\u00a0el interesado otorga al representante la capacidad de gestionar una parte de sus actos. Su eficacia cesa cuando se concluye el acto particular por el cual ha sido expedido.<\/li>\n<\/ul>\n<p><strong>2. Testamentos p\u00fablicos<\/strong><\/p>\n<ul>\n<li>El\u00a0<strong>testamento p\u00fablico<\/strong>\u00a0es una declaraci\u00f3n escrita de \u00faltima voluntad que el testador realiza a un funcionario delegado a las funciones notariales en presencia de dos testigos.<\/li>\n<li>El<strong>\u00a0testamento secreto<\/strong>\u00a0puede ser depositado en el Consulado, que se limita a recibir formalmente el documento y a custodiarlo en sus archivos.<\/li>\n<li>El\u00a0<strong>testamento ol\u00f3grafo<\/strong>\u00a0debe ser escrito en forma completa de pu\u00f1o y letra del testador y puede ser depositado en cualquier lugar y ante cualquier persona. Tambi\u00e9n puede ser depositado en el Consulado.<\/li>\n<\/ul>\n<p><strong>3. Documentos p\u00fablicos<\/strong><\/p>\n<p>Se trata de documentos jur\u00eddicos (como, por ejemplo, las donaciones) que, en base a la ley italiana, deben ser redactadas por un escribano.<\/p>\n<p><strong>4.\u00a0Certificaciones<\/strong><\/p>\n<ul>\n<li><strong>Certificaci\u00f3n de firma:<\/strong>\u00a0consiste en la certificaci\u00f3n por parte del funcionario p\u00fablico de la proveniencia de un documento de parte de la persona que lo firm\u00f3. Para realizar este tr\u00e1mite, es necesario presentarse personalmente en la Oficina Notarial con un documento de identidad y con el documento en el cual se desea certificar la firma.<\/li>\n<li><strong>Certificaci\u00f3n de fotograf\u00eda:<\/strong>\u00a0es necesario presentarse personalmente en el Consulado con un documento de identidad y tres fotograf\u00edas iguales.<\/li>\n<li><strong>Legalizaciones\/traducciones:<\/strong>\u00a0\u2014ver secci\u00f3n dedicada haciendo\u00a0<a href=\"https:\/\/conscordoba.esteri.it\/it\/servizi-consolari-e-visti\/servizi-per-il-cittadino-italiano\/traduzione-e-legalizzazione-dei-documenti\/\">clic aqu\u00ed<\/a>.<\/li>\n<\/ul>\n<p><strong>5. Varios (lista no taxativa):<\/strong><\/p>\n<ul>\n<li><strong>Repatriaci\u00f3n de restos f\u00fanebres y cenizas a Italia<\/strong><\/li>\n<\/ul>\n<p>El solicitante, o su apoderado, deber\u00e1 presentarse en el Consulado para efectuar las gestiones relativas al traslado de las cenizas\/restos a Italia.<\/p>\n<p><strong>Documentaci\u00f3n necesaria:<\/strong><\/p>\n<ol>\n<li>Dos certificados de defunci\u00f3n en original, uno de ellos con\u00bbApostille\u00bb y ambos con relativa traducci\u00f3n al italiano m\u00e1s 1 (una) fotocopia.<\/li>\n<li>Autorizaci\u00f3n para el entierro de los restos\/cenizas expedida por el Comune competente<\/li>\n<li><strong>EN CASO DE CENIZAS<\/strong>\u00a0Certificado de incineraci\u00f3n (sin traducci\u00f3n).<\/li>\n<li><strong>EN CASO DE RESTOS<\/strong>\u00a0Certificado m\u00e9dico (sin traducci\u00f3n) donde se indique que el deceso no ocurri\u00f3 por causa de enfermedad infecto-contagiosa.<\/li>\n<li>En caso de reciente deceso (24\/48 horas) se requiere adem\u00e1s certificado de tanatopraxia predispuesto por la empresa de servicios f\u00fanebres donde se indique que el cuerpo ha sido tratado seg\u00fan las normas internacionales actualmente vigentes.\u00a0Transcurridas 48 horas desde el deceso el certificado expedido por el m\u00e9dico deber\u00e1 indicar, adem\u00e1s, que los restos han sido sometidos a tratamiento anti-putrefactivo mediante la introducci\u00f3n en las cavidades corp\u00f3reas de al menos 500 cc. de formalina, luego de que haya transcurrido el eventual per\u00edodo de observaci\u00f3n.<\/li>\n<li>Indicar compa\u00f1\u00eda a\u00e9rea, vuelo, fecha de llegada a Italia y lugar de traspaso de frontera.<\/li>\n<\/ol>\n<ul>\n<li>Una vez presentada la documentaci\u00f3n antes mencionada, el Consulado proceder\u00e1 a solicitar al Comune la autorizaci\u00f3n para el ingreso en territorio italiano de las cenizas\/restos.<\/li>\n<li>Los restos o cenizas deber\u00e1n estar cerrados en una caja doble (Consultar empresa de servicios f\u00fanebres).<\/li>\n<li>Apenas recibida la autorizaci\u00f3n para el ingreso por pare del competente Comune, un funcionario del Consulado proceder\u00e1 al sellado de la caja mediante los sellos previstos y a la entrega del pasaporte mortuorio con adjunto el relativo certificado de defunci\u00f3n.<\/li>\n<li>El pasaporte mortuorio y la legalizaci\u00f3n de la traducci\u00f3n del certificado de defunci\u00f3n est\u00e1n sujetos al pago de los derechos seg\u00fan la Tarifa Consular actualmente vigente.<\/li>\n<\/ul>\n<ul>\n<li><strong>6.\u00a0Informaci\u00f3n \u00fatil<\/strong><\/li>\n<\/ul>\n<p>A continuaci\u00f3n se brindan indicaciones relativas a gestiones a efectuar ante las competentes autoridades argentinas sin la necesidad de tener que presentarse en el Consulado<\/p>\n<ul>\n<li><strong>Certificado de antecedentes penales italiano (certificato generale del casellario giudiziale)<\/strong><\/li>\n<\/ul>\n<p>El certificado de antecedentes penales es uno de los documentos fundamentales que deber\u00e1n presentarse ante las autoridades locales para solicitar la residencia en territorio argentino.\u00a0La \u00fanica autoridad que puede emitir dicho certificado es el Ministero della Giustizia italiano.<\/p>\n<p>Las personas que deban presentar este documento ante una autoridad argentina, deber\u00e1n indefectiblemente solicitar el certificado de antecedes penales (casellario giudiziario) a la Procura della Repubblica (fiscal\u00eda) de la provincia de ultima residencia en Italia o de inscripci\u00f3n AIRE (en caso de connacionales no residentes en Italia y provenientes de otra jurisdicci\u00f3n consular fuera de la Argentina).<\/p>\n<p>A fin de que dicho certificado sea v\u00e1lido en el exterior debe estar legalizado con la \u00abApostille\u00bb, que la realiza la misma Procura della Repubblica.<\/p>\n<ul>\n<li><strong>Apostille<\/strong><\/li>\n<\/ul>\n<p>Para que tengan validez en la Rep\u00fablica Argentina los documentos expedidos en Italia deber\u00e1n contar con la legalizaci\u00f3n Apostille de la Haya. En Italia, los documentos emitidos por las Comunas, la C\u00e1mara de Comercio y las escuelas son apostillados por la Prefettura (Organismo de Gobierno territorial de Provincia); en cambio la Procura della Repubblica (Fiscal\u00eda) apostilla los documentos jur\u00eddicos, como por ejemplo el certificado de antecedentes penales, las actas firmadas por Funcionarios de Tribunales y las actas notariales. No es posible realizar dicha legalizaci\u00f3n en el Consulado General.<\/p>\n<p><strong>IMPORTANTE:<\/strong>\u00a0en ning\u00fan caso el Consulado puede reemplazar las autoridades competentes a la emisi\u00f3n del certificado de antecedentes ni a la legalizaci\u00f3n con Apostilla de la Haya.<\/p>\n","protected":false},"excerpt":{"rendered":"La Oficina Notarial del Consulado General gestiona documentos realizados entre personas vivas (poderes, contratos, etc.) y documentos de \u00faltima voluntad (testamentos), custodia su dep\u00f3sito y expide copias o extractos de los mismos, si los documentos se utilizan en Italia. Los servicios notariales solicitados con m\u00e1s frecuencia son: 1. Poderes 2. Testamentos P\u00fablicos 3. Documentos P\u00fablicos [&hellip;]","protected":false},"author":1,"featured_media":0,"parent":178,"menu_order":12,"comment_status":"closed","ping_status":"closed","template":"","meta":{"footnotes":""},"class_list":["post-190","page","type-page","status-publish","hentry"],"_links":{"self":[{"href":"https:\/\/conscordoba.esteri.it\/es\/wp-json\/wp\/v2\/pages\/190","targetHints":{"allow":["GET"]}}],"collection":[{"href":"https:\/\/conscordoba.esteri.it\/es\/wp-json\/wp\/v2\/pages"}],"about":[{"href":"https:\/\/conscordoba.esteri.it\/es\/wp-json\/wp\/v2\/types\/page"}],"author":[{"embeddable":true,"href":"https:\/\/conscordoba.esteri.it\/es\/wp-json\/wp\/v2\/users\/1"}],"replies":[{"embeddable":true,"href":"https:\/\/conscordoba.esteri.it\/es\/wp-json\/wp\/v2\/comments?post=190"}],"version-history":[{"count":3,"href":"https:\/\/conscordoba.esteri.it\/es\/wp-json\/wp\/v2\/pages\/190\/revisions"}],"predecessor-version":[{"id":3606,"href":"https:\/\/conscordoba.esteri.it\/es\/wp-json\/wp\/v2\/pages\/190\/revisions\/3606"}],"up":[{"embeddable":true,"href":"https:\/\/conscordoba.esteri.it\/es\/wp-json\/wp\/v2\/pages\/178"}],"wp:attachment":[{"href":"https:\/\/conscordoba.esteri.it\/es\/wp-json\/wp\/v2\/media?parent=190"}],"curies":[{"name":"wp","href":"https:\/\/api.w.org\/{rel}","templated":true}]}}