{"id":200,"date":"2023-04-03T19:30:10","date_gmt":"2023-04-03T17:30:10","guid":{"rendered":"https:\/\/conscordoba.esteri.it\/servizi-consolari-e-visti\/servizi-per-il-cittadino-italiano\/codice-fiscale\/"},"modified":"2026-02-24T16:15:08","modified_gmt":"2026-02-24T15:15:08","slug":"codice-fiscale","status":"publish","type":"page","link":"https:\/\/conscordoba.esteri.it\/es\/servizi-consolari-e-visti\/servizi-per-il-cittadino-italiano\/codice-fiscale\/","title":{"rendered":"Codice fiscale (C\u00f3digo de identificaci\u00f3n fiscal)"},"content":{"rendered":"<h3 style=\"text-align: center;\"><strong>CIUDADANOS ITALIANOS<\/strong><\/h3>\n<p style=\"text-align: justify;\">Los ciudadanos italianos mayores de edad inscriptos en AIRE pueden <strong>solicitar el <em>codice fiscale<\/em> <\/strong>para s\u00ed mismos y para sus hijos menores a trav\u00e9s del portal telem\u00e1tico <a href=\"https:\/\/serviziconsolari.esteri.it\/ScoFE\/index.sco\"><strong>Fast-It<\/strong><\/a>, ingresando al servicio correspondiente y siguiendo las instrucciones indicadas. A trav\u00e9s del portal <strong><a href=\"https:\/\/serviziconsolari.esteri.it\/ScoFE\/index.sco\">Fast-It<\/a><\/strong> tambi\u00e9n ser\u00e1 posible descargar el certificado de atribuci\u00f3n del <em>codice fiscale<\/em> una vez que el tr\u00e1mite haya sido completado.<\/p>\n<p style=\"text-align: justify;\"><strong>\u00bfC\u00f3mo hacerlo?<\/strong><\/p>\n<ol style=\"text-align: justify;\">\n<li>Accede al portal<strong><a href=\"https:\/\/serviziconsolari.esteri.it\/ScoFE\/index.sco\"> Fast-It<\/a><\/strong>.<\/li>\n<li>Haz clic en \u201cAnagrafe Consolare e AIRE\u201d y luego en \u201cAttribuzione Codice Fiscale\u201d.<\/li>\n<li>Confirma los datos y realiza la solicitud.<\/li>\n<li>Una vez que la solicitud haya sido procesada por el Consulado, podr\u00e1s descargar el certificado de atribuci\u00f3n del <em>codice fiscale<\/em> de forma aut\u00f3noma.<\/li>\n<\/ol>\n<p style=\"text-align: justify;\"><strong>Si no puedes descargar el certificado de atribuci\u00f3n del <em>codice fiscale<\/em>:<\/strong><\/p>\n<ol style=\"text-align: justify;\">\n<li>Reg\u00edstrate en el portal <a href=\"https:\/\/serviziconsolari.esteri.it\/ScoFE\/index.sco\"><strong>Fast It<\/strong><\/a> o accede si ya tienes una cuenta activa.<\/li>\n<li>Solicita la \u201cAssociazione Online\u201d haciendo clic en \u201cAnagrafe Consolare e AIRE\u201d y luego en \u201cVisualizzare la propria scheda anagrafica\u201d.<\/li>\n<li>Recibir\u00e1s un correo electr\u00f3nico confirmando la asociaci\u00f3n.<\/li>\n<li>Vuelve a ingresar al portal y descarga el certificado.<\/li>\n<\/ol>\n<p style=\"text-align: justify;\">Los ciudadanos mayores de edad inscritos en AIRE que ya tienen el <em>codice fiscale<\/em> pueden<strong> descargar directamente el certificado de atribuci\u00f3n del <em>codice fiscale<\/em><\/strong> a trav\u00e9s del portal telem\u00e1tico <strong><a href=\"https:\/\/serviziconsolari.esteri.it\/ScoFE\/index.sco\">Fast-It<\/a><\/strong>, accediendo al servicio correspondiente y siguiendo las instrucciones indicadas para solicitar el <em>codice fiscale<\/em>; en este caso, no ser\u00e1 necesario el tr\u00e1mite a trav\u00e9s del Consulado.<\/p>\n<p>&nbsp;<\/p>\n<h3 style=\"text-align: center;\"><strong>CIUDADANOS EXTRANJEROS NO COMUNITARIOS<\/strong><\/h3>\n<p style=\"text-align: justify;\">El ciudadano extranjero no residente en Italia debe <strong>delegar<\/strong> expresamente a un representante para presentar el formulario de solicitud del <em>codice fiscale<\/em> directamente en las oficinas de la <em>Agenzia delle Entrate<\/em> en Italia, de acuerdo con el art\u00edculo 1 del Decreto Ministerial n. 281 del 17 de mayo de 2001.<\/p>\n<p style=\"text-align: justify;\">Las direcciones de las oficinas de la <em>Agenzia delle Entrate<\/em> est\u00e1n disponibles en el sitio web: <a href=\"http:\/\/www.agenziaentrate.it\/\">www.agenziaentrate.it<\/a>.<\/p>\n<p style=\"text-align: justify;\"><strong>UNICAMENTE <\/strong>en caso de el tr\u00e1mite para el que se requiera el <em>codice fiscale<\/em> sea <strong>online y\/o<\/strong> <strong>en que el extranjero no pueda delegar a un representante para la solicitud en la <em>Agenzia delle Entrate<\/em><\/strong>, se podr\u00e1 solicitar a este Consulado General indicando espec\u00edficamente el motivo y siguiendo las siguientes instrucciones:<\/p>\n<ul style=\"text-align: justify;\">\n<li>Descargar el\u00a0<strong>Formulario de solicitud \u201cAA4\/8\u201d<\/strong>, desde la p\u00e1gina web de la <em>Agenzia delle Entrate<\/em>, consultando el siguiente link: <a href=\"https:\/\/www.agenziaentrate.gov.it\/portale\/documents\/20143\/278893\/modello+editabile+AA4_8_AA4-8+ita.pdf\/e614eda6-701e-c62f-76e5-bdfcd731060a?t=1512133907266\">https:\/\/www.agenziaentrate.gov.it\/portale\/documents\/20143\/278893\/modello+editabile+AA4_8_AA4-8+ita.pdf\/e614eda6-701e-c62f-76e5-bdfcd731060a?t=1512133907266<\/a><\/li>\n<li>Completar el Formulario\u00a0<strong>en su totalidad<\/strong>, siguiendo atentamente los pasos detallados en el\u00a0<a href=\"https:\/\/www.agenziaentrate.gov.it\/portale\/documents\/20143\/279029\/Instrucciones+para+su+cumplimentacion_AA4_8_istruzioni_SPA.pdf\/6d60420e-7f2a-fe6b-2b09-8226e4dd3202?t=1373565294024\">instructivo<\/a>\u00a0disponible (en varios idiomas), en el antes mencionado sitio web.<\/li>\n<li><strong>Imprimir y suscribir el formulario con firma ol\u00f3grafa<\/strong>\u00a0(no se aceptan firmas \u201cdigitales\u201d).<\/li>\n<li>Escanearlo y enviarlo, junto con una copia (frente y dorso) del\u00a0<strong>documento de identidad argentino (DNI) vigente, con domicilio actualizado<\/strong>, en un \u00fanico e-mail y en formato .PDF, a la direcci\u00f3n de correo electr\u00f3nico:\u00a0<a href=\"mailto:cordoba.codfiscale@esteri.it\">cordoba.codfiscale@esteri.it<\/a><\/li>\n<\/ul>\n<p style=\"text-align: justify;\">Cabe aclarar que \u00fanicamente ser\u00e1 expedida\u00a0<u>la copia digital del certificado<\/u>\u00a0de asignaci\u00f3n de <em>codice fiscale<\/em> (no la credencial f\u00edsica), la cual ser\u00e1 enviada al solicitante por e-mail.<\/p>\n<p style=\"text-align: justify;\">La solicitud debe ser enviada por el directo interesado\u00a0<strong>desde su<\/strong>\u00a0<strong>casilla de correo electr\u00f3nico personal<\/strong>.<\/p>\n<p style=\"text-align: justify;\">Antes de enviar el Formulario \u201cAA4\/8\u201d, se ruega\u00a0<strong>leer atentamente el\u00a0<\/strong><a href=\"https:\/\/www.agenziaentrate.gov.it\/portale\/documents\/20143\/279029\/Instrucciones+para+su+cumplimentacion_AA4_8_istruzioni_SPA.pdf\/6d60420e-7f2a-fe6b-2b09-8226e4dd3202?t=1373565294024\"><strong>instructivo<\/strong><\/a><strong>\u00a0disponible en la p\u00e1gina web de la <em>Agenzia delle Entrate<\/em><\/strong><em>,<\/em> ya que eventuales solicitudes presentadas de manera incompleta, que carezcan de los documentos necesarios o no se encuentren firmadas por el solicitante (con firma ol\u00f3grafa), ser\u00e1n rechazadas.<\/p>\n<p style=\"text-align: justify;\">Finalmente se ruega\u00a0<strong>evitar\u00a0reiterar el pedido<\/strong>, ya que el mismo ser\u00e1 procesado a la brevedad posible. Cabe aclarar adem\u00e1s que eventuales solicitudes enviadas a otras Oficinas de este Consulado General no ser\u00e1n consideradas v\u00e1lidas.<\/p>\n<p style=\"text-align: center;\"><strong>IMPORTANTE<\/strong><\/p>\n<p style=\"text-align: justify;\">El solicitante debe controlar los datos personales en el certificado de <em>codice fiscale<\/em> que recibir\u00e1 por e-mail\u00a0<strong>dentro de las 48 horas desde su emisi\u00f3n<\/strong>, ya que, transcurrido dicho plazo, el Consulado General no puede realizar correcciones.<\/p>\n<p style=\"text-align: justify;\">Se recuerda que las solicitudes de <em>codice fiscale<\/em> pueden ser presentadas \u00fanicamente por personas que residen en la presente circunscripci\u00f3n consular. Por lo tanto, la Oficina se reserva el derecho de solicitar documentaci\u00f3n adicional a los fines de verificar el domicilio real del interesado.<\/p>\n<p style=\"text-align: justify;\"><strong><em>\u00a0<\/em><\/strong><\/p>\n<p style=\"text-align: justify;\"><strong><em>Para descargar los archivos .PDF con el Formulario \u201cAA4\/8\u201d y las Instrucciones para completarlo, consultar los siguientes links:<\/em><\/strong><\/p>\n<p style=\"text-align: justify;\"><strong><em>Italiano<\/em><\/strong><\/p>\n<p><a href=\"https:\/\/www.agenziaentrate.gov.it\/portale\/codice-fiscale-e-tessera-sanitaria\/modello-e-istruzioni\">https:\/\/www.agenziaentrate.gov.it\/portale\/codice-fiscale-e-tessera-sanitaria\/modello-e-istruzioni<\/a><\/p>\n<p style=\"text-align: justify;\"><strong><em>Espa\u00f1ol<\/em><\/strong><\/p>\n<p><a href=\"https:\/\/www.agenziaentrate.gov.it\/portale\/m%C3%B2dulos-versione-in-spagnolo-\">https:\/\/www.agenziaentrate.gov.it\/portale\/m%C3%B2dulos-versione-in-spagnolo-<\/a><\/p>\n<p>&nbsp;<\/p>\n<p style=\"text-align: justify;\"><span style=\"text-decoration: underline;\"><strong>Para m\u00e1s informaci\u00f3n sobre la solicitud de <em>codice fiscale<\/em>, hacer clic <a href=\"https:\/\/conscordoba.esteri.it\/wp-content\/uploads\/2026\/02\/CF-spagnolo.pdf\">AQU\u00cd<\/a><\/strong><\/span><\/p>\n","protected":false},"excerpt":{"rendered":"CIUDADANOS ITALIANOS Los ciudadanos italianos mayores de edad inscriptos en AIRE pueden solicitar el codice fiscale para s\u00ed mismos y para sus hijos menores a trav\u00e9s del portal telem\u00e1tico Fast-It, ingresando al servicio correspondiente y siguiendo las instrucciones indicadas. A trav\u00e9s del portal Fast-It tambi\u00e9n ser\u00e1 posible descargar el certificado de atribuci\u00f3n del codice fiscale [&hellip;]","protected":false},"author":1,"featured_media":0,"parent":178,"menu_order":18,"comment_status":"closed","ping_status":"closed","template":"","meta":{"footnotes":""},"class_list":["post-200","page","type-page","status-publish","hentry"],"_links":{"self":[{"href":"https:\/\/conscordoba.esteri.it\/es\/wp-json\/wp\/v2\/pages\/200","targetHints":{"allow":["GET"]}}],"collection":[{"href":"https:\/\/conscordoba.esteri.it\/es\/wp-json\/wp\/v2\/pages"}],"about":[{"href":"https:\/\/conscordoba.esteri.it\/es\/wp-json\/wp\/v2\/types\/page"}],"author":[{"embeddable":true,"href":"https:\/\/conscordoba.esteri.it\/es\/wp-json\/wp\/v2\/users\/1"}],"replies":[{"embeddable":true,"href":"https:\/\/conscordoba.esteri.it\/es\/wp-json\/wp\/v2\/comments?post=200"}],"version-history":[{"count":7,"href":"https:\/\/conscordoba.esteri.it\/es\/wp-json\/wp\/v2\/pages\/200\/revisions"}],"predecessor-version":[{"id":7170,"href":"https:\/\/conscordoba.esteri.it\/es\/wp-json\/wp\/v2\/pages\/200\/revisions\/7170"}],"up":[{"embeddable":true,"href":"https:\/\/conscordoba.esteri.it\/es\/wp-json\/wp\/v2\/pages\/178"}],"wp:attachment":[{"href":"https:\/\/conscordoba.esteri.it\/es\/wp-json\/wp\/v2\/media?parent=200"}],"curies":[{"name":"wp","href":"https:\/\/api.w.org\/{rel}","templated":true}]}}