{"id":214,"date":"2023-04-03T19:31:10","date_gmt":"2023-04-03T17:31:10","guid":{"rendered":"https:\/\/conscordoba.esteri.it\/servizi-consolari-e-visti\/servizi-per-il-cittadino-straniero\/traduzione-e-legalizzazione-dei-documenti\/"},"modified":"2023-05-29T18:45:27","modified_gmt":"2023-05-29T16:45:27","slug":"traduzione-e-legalizzazione-dei-documenti","status":"publish","type":"page","link":"https:\/\/conscordoba.esteri.it\/es\/servizi-consolari-e-visti\/servizi-per-il-cittadino-straniero\/traduzione-e-legalizzazione-dei-documenti\/","title":{"rendered":"Traducci\u00f3n y legalizaci\u00f3n de documentos"},"content":{"rendered":"<h1>Legalizaci\u00f3n de documentos y traducciones<\/h1>\n<div class=\"sr-only\">La <strong>LEGALIZACI\u00d3N<\/strong>\u00a0es un requisito esencial para que un documento extranjero pueda presentarse y tener efecto jur\u00eddico y legal en Italia. Tambi\u00e9n su traducci\u00f3n.<\/div>\n<div>\n<p>En virtud de la Convenci\u00f3n de La Haya del 5 de octubre de 1961, la legalizaci\u00f3n de actuaciones notariales, documentos judiciales y de estado civil, se sustituye con la\u00a0<strong>APOSTILLE<\/strong>.<\/p>\n<p>En Argentina, la Apostilla la emiten:<\/p>\n<ul>\n<li><em>El Ministerio de Relaciones Exteriores y Culto de la Naci\u00f3n (Canciller\u00eda);<\/em><\/li>\n<li><em>Los Colegios de Escribanos.<\/em><\/li>\n<\/ul>\n<p><strong>TRADUCCIONES:<\/strong><\/p>\n<p>En los pa\u00edses donde existe la figura jur\u00eddica del Traductor P\u00fablico,\u00a0<strong>la conformidad de traducci\u00f3n la certifica el mismo traductor<\/strong>. Cuya firma deber\u00e1 legalizarse por ante el Colegio de Traductores competente.<\/p>\n<p>Por ende, el documento p\u00fablico argentino se acepta en Italia y es v\u00e1lido gracias a la Apostilla anexa al documento y a la traducci\u00f3n.\u00a0<strong>Esto remplazar\u00eda a la conformidad de traducci\u00f3n o \u00abvisto consular\u00bb<\/strong>.<\/p>\n<p><strong>Por lo que los ciudadanos argentinos no tendr\u00edan que presentarse en los Consulados para la legalizaci\u00f3n de los documentos<\/strong>.<\/p>\n<p><em><strong>En s\u00edntesis<\/strong><\/em>,<\/p>\n<ol>\n<li><em>el documento en cuesti\u00f3n deber\u00e1 ser legalizado con la\u00a0<strong>Apostille<\/strong>\u00a0y posteriormente\u00a0<strong>traducido al italiano por un Traductor P\u00fablico matriculado<\/strong>;<\/em><\/li>\n<li><em>luego de ello se\u00a0<strong>legaliza la firma del Traductor en el Colegio de Traductores<\/strong>\u00a0competente; y<\/em><\/li>\n<li><em>por \u00faltimo, se coloca la\u00a0<strong>Apostille sobre la traducci\u00f3n<\/strong>.<\/em><\/li>\n<\/ol>\n<p>Todo lo antes mencionado se aplica adem\u00e1s para los documentos a presentar para la\u00a0<em><strong>ciudadan\u00eda por matrimonio<\/strong><\/em>.<\/p>\n<ul>\n<li>Para m\u00e1s informaci\u00f3n,\u00a0<a href=\"https:\/\/www.esteri.it\/it\/servizi-consolari-e-visti\/italiani-all-estero\/traduzione-e-legalizzazione-documenti\/\"><strong>visite la secci\u00f3n dedicada del sitio web del Ministero degli Affari Esteri e della Cooperazione Internazionale: clic aqu\u00ed<\/strong><\/a>.<\/li>\n<\/ul>\n<p><em><strong>NOTA:<\/strong>\u00a0Q<\/em><em>uien quisiere usufructuar del servicio en el Consulado General, simplemente deber\u00e1 comunicarse por correo electr\u00f3nico a\u00a0<a href=\"mailto:notarile.cordoba@esteri.it\">notarile.cordoba@esteri.it<\/a>\u00a0para acordar una cita.<\/em><\/p>\n<\/div>\n","protected":false},"excerpt":{"rendered":"Legalizaci\u00f3n de documentos y traducciones La LEGALIZACI\u00d3N\u00a0es un requisito esencial para que un documento extranjero pueda presentarse y tener efecto jur\u00eddico y legal en Italia. Tambi\u00e9n su traducci\u00f3n. En virtud de la Convenci\u00f3n de La Haya del 5 de octubre de 1961, la legalizaci\u00f3n de actuaciones notariales, documentos judiciales y de estado civil, se sustituye [&hellip;]","protected":false},"author":1,"featured_media":0,"parent":204,"menu_order":4,"comment_status":"closed","ping_status":"closed","template":"","meta":{"footnotes":""},"class_list":["post-214","page","type-page","status-publish","hentry"],"_links":{"self":[{"href":"https:\/\/conscordoba.esteri.it\/es\/wp-json\/wp\/v2\/pages\/214","targetHints":{"allow":["GET"]}}],"collection":[{"href":"https:\/\/conscordoba.esteri.it\/es\/wp-json\/wp\/v2\/pages"}],"about":[{"href":"https:\/\/conscordoba.esteri.it\/es\/wp-json\/wp\/v2\/types\/page"}],"author":[{"embeddable":true,"href":"https:\/\/conscordoba.esteri.it\/es\/wp-json\/wp\/v2\/users\/1"}],"replies":[{"embeddable":true,"href":"https:\/\/conscordoba.esteri.it\/es\/wp-json\/wp\/v2\/comments?post=214"}],"version-history":[{"count":0,"href":"https:\/\/conscordoba.esteri.it\/es\/wp-json\/wp\/v2\/pages\/214\/revisions"}],"up":[{"embeddable":true,"href":"https:\/\/conscordoba.esteri.it\/es\/wp-json\/wp\/v2\/pages\/204"}],"wp:attachment":[{"href":"https:\/\/conscordoba.esteri.it\/es\/wp-json\/wp\/v2\/media?parent=214"}],"curies":[{"name":"wp","href":"https:\/\/api.w.org\/{rel}","templated":true}]}}