{"id":380,"date":"2023-05-30T13:30:03","date_gmt":"2023-05-30T11:30:03","guid":{"rendered":"https:\/\/conscordoba.esteri.it\/?page_id=380"},"modified":"2025-07-29T18:27:29","modified_gmt":"2025-07-29T16:27:29","slug":"solicitar-la-inscripcion-en-a-i-r-e","status":"publish","type":"page","link":"https:\/\/conscordoba.esteri.it\/es\/servizi-consolari-e-visti\/servizi-per-il-cittadino-italiano\/anagrafe-degli-italiani-residenti-allestero-aire\/solicitar-la-inscripcion-en-a-i-r-e\/","title":{"rendered":"Solicitar la inscripci\u00f3n en A.I.R.E."},"content":{"rendered":"<p><strong>Solicitar la inscripci\u00f3n en el Registro de los Italianos Residentes en el Exterior\u00a0<em>(AIRE)<\/em><\/strong><\/p>\n<p>La solicitud de inscripci\u00f3n al AIRE puede ser efectuada a trav\u00e9s del portal\u00a0<a href=\"https:\/\/serviziconsolarionline.esteri.it\/ScoFE\/index.sco\">Fast It<\/a>:<\/p>\n<p>Cada ciudadano italiano mayor de edad deber\u00e1 presentar su propia solicitud. Cabe precisar que, a pesar de que el sistema permite incluir el nombre del c\u00f3nyuge conviviente, \u00e9ste deber\u00e1 proceder individualmente con una solicitud an\u00e1loga y la documentaci\u00f3n necesaria.<\/p>\n<p>Antes de iniciar el procedimiento on-line se aconseja leer con atenci\u00f3n las instrucciones detalladas en el <strong><a href=\"https:\/\/conscordoba.esteri.it\/wp-content\/uploads\/2025\/07\/Manuale-Fast-It-Anagrafe_pdf.pdf\">Manual Fast It de Anagrafe<\/a><\/strong>\u00a0y disponer de los siguientes documentos.<\/p>\n<p><strong>ADJUNTO 1<\/strong><\/p>\n<p>Formulario debidamente completado y firmado.<\/p>\n<p>(Se genera on-line desde la plataforma durante el procedimiento. El usuario lo debe descargar, imprimir, firmar y escanear).<\/p>\n<p><strong>ADJUNTO 2<\/strong><\/p>\n<p>Copia de los documentos de identidad v\u00e1lidos de todos los miembros de la familia convivientes y, si posee, documentos italianos (pasaporte, carta d\u2019identit\u00e0).<\/p>\n<p><strong>ADJUNTO 3<\/strong><\/p>\n<p><a href=\"https:\/\/conscordoba.esteri.it\/it\/servizi-consolari-e-visti\/servizi-per-il-cittadino-italiano\/anagrafe-degli-italiani-residenti-allestero-aire\/documentazione-comprovante-leffettiva-residenza-per-iscrizione-variazione-aire\/\">Comprobante de residencia<\/a>\u00a0actualizado (de no m\u00e1s de 3 meses) a nombre del solicitante.<\/p>\n<p>Si no se dispone de un comprobante de residencia, no es posible solicitar la inscripci\u00f3n al AIRE.<\/p>\n<p><strong>IMPORTANTE:<\/strong><\/p>\n<p>La solicitud no se considera autom\u00e1ticamente aceptada. Se podr\u00e1 consultar su estado a trav\u00e9s del portal. Cuando el tr\u00e1mite finalice, se enviar\u00e1 via E-mail una comunicaci\u00f3n directamente al interesado.<\/p>\n<p>En caso de que la solicitud resulte incompleta, el interesado ser\u00e1 contactado directamente por la Oficina de Anagrafe para presentar la documentaci\u00f3n necesaria.<\/p>\n<p><a href=\"https:\/\/conscordoba.esteri.it\/consolato_cordoba\/resource\/doc\/2018\/07\/cmo_cargar_datos.pdf\"><em><strong>Notas importantes para cargar datos.<\/strong><\/em><\/a><\/p>\n","protected":false},"excerpt":{"rendered":"Solicitar la inscripci\u00f3n en el Registro de los Italianos Residentes en el Exterior\u00a0(AIRE) La solicitud de inscripci\u00f3n al AIRE puede ser efectuada a trav\u00e9s del portal\u00a0Fast It: Cada ciudadano italiano mayor de edad deber\u00e1 presentar su propia solicitud. Cabe precisar que, a pesar de que el sistema permite incluir el nombre del c\u00f3nyuge conviviente, \u00e9ste [&hellip;]","protected":false},"author":3,"featured_media":0,"parent":186,"menu_order":2,"comment_status":"closed","ping_status":"closed","template":"","meta":{"footnotes":""},"class_list":["post-380","page","type-page","status-publish","hentry"],"_links":{"self":[{"href":"https:\/\/conscordoba.esteri.it\/es\/wp-json\/wp\/v2\/pages\/380","targetHints":{"allow":["GET"]}}],"collection":[{"href":"https:\/\/conscordoba.esteri.it\/es\/wp-json\/wp\/v2\/pages"}],"about":[{"href":"https:\/\/conscordoba.esteri.it\/es\/wp-json\/wp\/v2\/types\/page"}],"author":[{"embeddable":true,"href":"https:\/\/conscordoba.esteri.it\/es\/wp-json\/wp\/v2\/users\/3"}],"replies":[{"embeddable":true,"href":"https:\/\/conscordoba.esteri.it\/es\/wp-json\/wp\/v2\/comments?post=380"}],"version-history":[{"count":1,"href":"https:\/\/conscordoba.esteri.it\/es\/wp-json\/wp\/v2\/pages\/380\/revisions"}],"predecessor-version":[{"id":6391,"href":"https:\/\/conscordoba.esteri.it\/es\/wp-json\/wp\/v2\/pages\/380\/revisions\/6391"}],"up":[{"embeddable":true,"href":"https:\/\/conscordoba.esteri.it\/es\/wp-json\/wp\/v2\/pages\/186"}],"wp:attachment":[{"href":"https:\/\/conscordoba.esteri.it\/es\/wp-json\/wp\/v2\/media?parent=380"}],"curies":[{"name":"wp","href":"https:\/\/api.w.org\/{rel}","templated":true}]}}