{"id":384,"date":"2023-05-30T13:32:42","date_gmt":"2023-05-30T11:32:42","guid":{"rendered":"https:\/\/conscordoba.esteri.it\/?page_id=384"},"modified":"2023-05-30T13:33:17","modified_gmt":"2023-05-30T11:33:17","slug":"visualizar-la-ficha-personal-del-registro-consular","status":"publish","type":"page","link":"https:\/\/conscordoba.esteri.it\/es\/servizi-consolari-e-visti\/servizi-per-il-cittadino-italiano\/anagrafe-degli-italiani-residenti-allestero-aire\/visualizar-la-ficha-personal-del-registro-consular\/","title":{"rendered":"Visualizar la ficha personal del registro consular"},"content":{"rendered":"<p><strong>Visualizar la ficha personal del registro consular<\/strong><\/p>\n<p><strong>El procedimiento de\u00a0<em>Associazione Online<\/em><\/strong><\/p>\n<p><em>Associazione Online<\/em>\u00a0es el nombre de un procedimiento muy simple a trav\u00e9s del cual un ciudadano italiano residente en el exterior, inscripto en el registro consular y ya registrado como usuario en\u00a0<em><strong><a href=\"https:\/\/serviziconsolarionline.esteri.it\/ScoFE\/index.sco\">Fast It<\/a>,<\/strong>\u00a0<\/em>puede visualizar su ficha personal del registro consular y, si es necesario, solicitar se actualice su domicilio. De esta manera, el ciudadano puede visualizar una s\u00edntesis de sus datos personales en tiempo real y conocer el estado de otros tr\u00e1mites iniciados en el Consulado (cambio de domicilio; actualizaci\u00f3n de estado civil o nacimiento de hijos menores).<\/p>\n<p>Instrucciones operativas<\/p>\n<p>1. Registrarse como usuario en\u00a0<a href=\"https:\/\/serviziconsolarionline.esteri.it\/ScoFE\/index.sco\"><em><strong>Fast It<\/strong><\/em><\/a>.<\/p>\n<p>2. Acceder al portal.<\/p>\n<p>3. Hacer click en \u201c<em>Anagrafe consolare e AIRE<\/em>\u201d.<\/p>\n<p>4. Hacer click en \u201c<em>Visualizzare la propria scheda anagrafica<\/em>\u201d.<\/p>\n<p>5. Completar todos los campos requeridos.<\/p>\n<p>6. Adjuntar la documentaci\u00f3n necesaria y enviar la solicitud.<\/p>\n<p>7. Aguardar E-mail de confirmaci\u00f3n por parte del Consulado.<\/p>\n<table class=\"table\">\n<tbody>\n<tr>\n<td>IMPORTANTE: se informa que el n\u00famero PIN al que se hace referencia en el portal no es necesario para visualizar la ficha personal del registro consular. Las funciones del portal para las cuales se prev\u00e9 el uso del PIN a\u00fan no han sido habilitadas. Cuando este servicio est\u00e9 disponible, la informaci\u00f3n ser\u00e1 publicada en la p\u00e1gina web del Consulado.<\/td>\n<\/tr>\n<\/tbody>\n<\/table>\n","protected":false},"excerpt":{"rendered":"Visualizar la ficha personal del registro consular El procedimiento de\u00a0Associazione Online Associazione Online\u00a0es el nombre de un procedimiento muy simple a trav\u00e9s del cual un ciudadano italiano residente en el exterior, inscripto en el registro consular y ya registrado como usuario en\u00a0Fast It,\u00a0puede visualizar su ficha personal del registro consular y, si es necesario, solicitar [&hellip;]","protected":false},"author":3,"featured_media":0,"parent":186,"menu_order":3,"comment_status":"closed","ping_status":"closed","template":"","meta":{"footnotes":""},"class_list":["post-384","page","type-page","status-publish","hentry"],"_links":{"self":[{"href":"https:\/\/conscordoba.esteri.it\/es\/wp-json\/wp\/v2\/pages\/384","targetHints":{"allow":["GET"]}}],"collection":[{"href":"https:\/\/conscordoba.esteri.it\/es\/wp-json\/wp\/v2\/pages"}],"about":[{"href":"https:\/\/conscordoba.esteri.it\/es\/wp-json\/wp\/v2\/types\/page"}],"author":[{"embeddable":true,"href":"https:\/\/conscordoba.esteri.it\/es\/wp-json\/wp\/v2\/users\/3"}],"replies":[{"embeddable":true,"href":"https:\/\/conscordoba.esteri.it\/es\/wp-json\/wp\/v2\/comments?post=384"}],"version-history":[{"count":0,"href":"https:\/\/conscordoba.esteri.it\/es\/wp-json\/wp\/v2\/pages\/384\/revisions"}],"up":[{"embeddable":true,"href":"https:\/\/conscordoba.esteri.it\/es\/wp-json\/wp\/v2\/pages\/186"}],"wp:attachment":[{"href":"https:\/\/conscordoba.esteri.it\/es\/wp-json\/wp\/v2\/media?parent=384"}],"curies":[{"name":"wp","href":"https:\/\/api.w.org\/{rel}","templated":true}]}}