{"id":399,"date":"2023-05-30T13:53:13","date_gmt":"2023-05-30T11:53:13","guid":{"rendered":"https:\/\/conscordoba.esteri.it\/?page_id=399"},"modified":"2023-05-30T13:54:50","modified_gmt":"2023-05-30T11:54:50","slug":"asistencia-economica-y-sanitaria","status":"publish","type":"page","link":"https:\/\/conscordoba.esteri.it\/es\/servizi-consolari-e-visti\/servizi-per-il-cittadino-italiano\/assistenza-ai-cittadini-allestero\/asistencia-economica-y-sanitaria\/","title":{"rendered":"Asistencia econ\u00f3mica y sanitaria"},"content":{"rendered":"<p><strong>ASISTENCIA ECONOMICA Y SANITARIA<\/strong><\/p>\n<p>El Consulado General, a trav\u00e9s de la Oficina de Asistencia, puede erogar prestaciones asistenciales a favor de los ciudadanos italianos nacidos en Italia, inscriptos en el Anagrafe consular, que se encuentran en estado de indigencia. Se considera indigente una persona que no puede proveer \u2013 por motivos de r\u00e9dito, edad, situaci\u00f3n familiar o salud \u2013 los gastos necesarios para su sustentamiento y\/o de los familiares a su cargo.<\/p>\n<p>Las categor\u00edas consideradas prioritarias para el otorgamiento de la asistencia son:<\/p>\n<ul>\n<li>ciudadanos italianos mayores de setenta a\u00f1os o inh\u00e1biles para trabajar;<\/li>\n<li>ciudadanos italianos privados de r\u00e9dito o \u00fanicamente titulares de la pensi\u00f3n m\u00ednima argentina;<\/li>\n<li>ciudadanos italianos que no posean propiedades a su nombre o cuya casa habitaci\u00f3n se encuentre en condiciones precarias;<\/li>\n<li>ciudadanos italianos privados de asistencia sanitaria o que sufren de patolog\u00edas que necesiten tratamientos prolongados;<\/li>\n<li>ciudadanos italianos que no tengan familiares que puedan proveer a su sustentamiento;<\/li>\n<li>ciudadanos italianos con familiares inh\u00e1biles a su cargo.<\/li>\n<\/ul>\n<p>La asistencia consular puede ser erogada a trav\u00e9s de la concesi\u00f3n de subsidios en dinero o de prestaciones m\u00e9dicas y farmac\u00e9uticas.<\/p>\n<p><strong>Subsidios<br \/>\n<\/strong><br \/>\nSe trata de sumas de dinero erogadas por el Consulado General con la finalidad de paliar las m\u00e1s urgentes necesidades materiales de los compatriotas m\u00e1s necesitados. Los subsidios (que pueden ser ordinarios o extraordinarios, seg\u00fan el importe) son pagados en base a la disponibilidad de fondos y no pueden representar, de ning\u00fan modo, una prestaci\u00f3n de car\u00e1cter continuativo, obligatorio o una pensi\u00f3n.<\/p>\n<p><strong>Asistencia m\u00e9dica y farmac\u00e9utica<\/strong><\/p>\n<p>A trav\u00e9s de ciertos Acuerdos estipulados por el Consulado General con el Hospital Italiano y con otras estructuras sanitarias los ciudadanos italianos indigentes pueden obtener beneficios tales como consultas ambulatorias, internaciones, provisi\u00f3n de medicamentos y tratamientos odontol\u00f3gicos.<\/p>\n<p>Se comunica que est\u00e0 disponibile, para conocer como acceder a los distintos servicios y beneficios que ofrece el P.A.M.I. a sus afiliados, el correspondiente link (<a href=\"http:\/\/www.pami.org.ar\/\" target=\"_parent\" rel=\"noopener\">www.pami.org.ar<\/a>).<\/p>\n<p><strong>Solicitudes de Asistencia<\/strong><\/p>\n<p>El ciudadano italiano inscripto en el Anagrafe consular que posea los requisitos necesarios puede realizar una solicitud de asistencia al Consulado General. Tal solicitud deber\u00e1 estar acompa\u00f1ada por:<\/p>\n<ul>\n<li>fotocopia del Documento Nacional de Identidad (D.N.I.) (expedido hace menos de diez a\u00f1os);<\/li>\n<li>eventual recibo de la pensi\u00f3n;<\/li>\n<li>eventual documentaci\u00f3n sanitaria;<\/li>\n<li>facturas de pago de servicios dom\u00e9sticos (luz, gas, agua, tel\u00e9fono);<\/li>\n<li>recibos de pago de impuestos municipales y provinciales.<\/li>\n<\/ul>\n<p>El Consulado General, que enviar\u00e1 al domicilio del interesado un asistente social a los fines de evaluar atentamente lo declarado por el mismo, se reserva el derecho de aceptar o no la solicitud.<\/p>\n<p>Para mayores informaciones\u00a0tomar contacto con el\u00a0<a href=\"https:\/\/conscordoba.esteri.it\/consolato_cordoba\/solato_Cordoba\/Menu\/Il_Consolato\/Gli_uffici\"><strong>Ufficio Assistenza<\/strong>\u00a0<\/a>del Consulado General.<\/p>\n","protected":false},"excerpt":{"rendered":"ASISTENCIA ECONOMICA Y SANITARIA El Consulado General, a trav\u00e9s de la Oficina de Asistencia, puede erogar prestaciones asistenciales a favor de los ciudadanos italianos nacidos en Italia, inscriptos en el Anagrafe consular, que se encuentran en estado de indigencia. Se considera indigente una persona que no puede proveer \u2013 por motivos de r\u00e9dito, edad, situaci\u00f3n [&hellip;]","protected":false},"author":3,"featured_media":0,"parent":188,"menu_order":2,"comment_status":"closed","ping_status":"closed","template":"","meta":{"footnotes":""},"class_list":["post-399","page","type-page","status-publish","hentry"],"_links":{"self":[{"href":"https:\/\/conscordoba.esteri.it\/es\/wp-json\/wp\/v2\/pages\/399","targetHints":{"allow":["GET"]}}],"collection":[{"href":"https:\/\/conscordoba.esteri.it\/es\/wp-json\/wp\/v2\/pages"}],"about":[{"href":"https:\/\/conscordoba.esteri.it\/es\/wp-json\/wp\/v2\/types\/page"}],"author":[{"embeddable":true,"href":"https:\/\/conscordoba.esteri.it\/es\/wp-json\/wp\/v2\/users\/3"}],"replies":[{"embeddable":true,"href":"https:\/\/conscordoba.esteri.it\/es\/wp-json\/wp\/v2\/comments?post=399"}],"version-history":[{"count":0,"href":"https:\/\/conscordoba.esteri.it\/es\/wp-json\/wp\/v2\/pages\/399\/revisions"}],"up":[{"embeddable":true,"href":"https:\/\/conscordoba.esteri.it\/es\/wp-json\/wp\/v2\/pages\/188"}],"wp:attachment":[{"href":"https:\/\/conscordoba.esteri.it\/es\/wp-json\/wp\/v2\/media?parent=399"}],"curies":[{"name":"wp","href":"https:\/\/api.w.org\/{rel}","templated":true}]}}