{"id":404,"date":"2023-05-30T13:56:22","date_gmt":"2023-05-30T11:56:22","guid":{"rendered":"https:\/\/conscordoba.esteri.it\/?page_id=404"},"modified":"2023-05-30T14:00:38","modified_gmt":"2023-05-30T12:00:38","slug":"repatriaciones","status":"publish","type":"page","link":"https:\/\/conscordoba.esteri.it\/es\/servizi-consolari-e-visti\/servizi-per-il-cittadino-italiano\/assistenza-ai-cittadini-allestero\/repatriaciones\/","title":{"rendered":"Repatriaciones"},"content":{"rendered":"<p><strong>OFICINA DE ASISTENCIA SOCIAL DEL CONSULADO GENERAL DE ITALIA EN C\u00d3RDOBA<\/strong><\/p>\n<p><img loading=\"lazy\" decoding=\"async\" src=\"https:\/\/conscordoba.esteri.it\/consolato_cordoba\/resource\/img\/2017\/10\/1471503153912.jpg--voi_preferite_la_bandiera_tricolore_italiana_o_quella_dell_europa_.jpg\" alt=\"1471503153912.jpg voi preferite la bandiera tricolore italiana o quella dell europa \" width=\"152\" height=\"100\" \/><img loading=\"lazy\" decoding=\"async\" src=\"https:\/\/conscordoba.esteri.it\/consolato_cordoba\/resource\/img\/2017\/10\/logo_account_social_cgcordoba.png\" alt=\"logo account social cgcordoba\" width=\"100\" height=\"100\" \/><\/p>\n<p><strong>Correo Electr\u00f3nico:\u00a0<a href=\"mailto:assistenzapensioni.cordoba@esteri.it\">assistenzapensioni.cordoba@esteri.it<\/a>.<\/strong><\/p>\n<p><strong>En caso de\u00a0EMERGENCIAS GRAVES\u00a0llamar al +540351156137892.<\/strong><\/p>\n<h2>Repatriaciones<\/h2>\n<h4>Repatriaciones sanitarias y econ\u00f3micas<\/h4>\n<p>Un sector particularmente delicado de la asistencia a los ciudadanos italianos en el exterior tiene que ver\u00a0con la repatriaci\u00f3n de compatriotas que se encuentran en Pa\u00edses extranjeros en situaciones de graves dificultades que no pueden superarse en el lugar. Las intervenciones del Ministerio de Relaciones Exteriores, en colaboraci\u00f3n con los entes territorialmente competentes (Prefectura, Polic\u00eda, Comunas, Unidades Sanitarias locales, Servicios Sociales) contemplan:<\/p>\n<ul>\n<li>compatriotas emigrados que se encuentran en la necesidad de volver a Italia definitivamente por motivos econ\u00f3micos o sanitarios;<\/li>\n<li>menores en estado de abandono;<\/li>\n<li>enfermos mentales (es necesaria la presencia de uno o m\u00e1s acompa\u00f1antes calificados y la disponibilidad de hospitales especializados);<\/li>\n<li>ciudadanos italianos que\u00a0finalizan una condena o expulsados;<\/li>\n<li>ancianos solos, para los cuales se solicita la internaci\u00f3n permanente en hogares en Italia;<\/li>\n<li>enfermos graves que no pueden ser tratados en el lugar por falta de estructuras id\u00f3neas.<\/li>\n<\/ul>\n<p>Las repatriaciones a cargo del Estado se limitan a los casos de comprobada indigencia certificada por la Representaci\u00f3n diplom\u00e1tica-consular. En los otros casos la repatriaci\u00f3n se concreta s\u00f3lo despu\u00e9s de la suscripci\u00f3n de pr\u00e9stamos con promesa de restituci\u00f3n al Estado.<\/p>\n<p><strong>Repatriaci\u00f3n de restos f\u00fanebres<\/strong><\/p>\n<p>En caso de deceso de un ciudadano italiano en el territorio de la Circunscripci\u00f3n consular la Oficina Asistencia del Consulado General, ante la solicitud de los familiares, contacta la competente Comuna italiana para obtener la autorizaci\u00f3n a la introducci\u00f3n de los restos. Una vez obtenida tal autorizaci\u00f3n la empresa de servicios f\u00fanebres encargada por los familiares para la repatriaci\u00f3n puede proceder.<\/p>\n<p>Generalmente, los gastos de repatriaci\u00f3n de los restos son asumidos por los familiares. Es posible tambi\u00e9n solicitar a las Regiones y a los entes locales posibles reembolsos o contribuciones.<\/p>\n<p>En caso de deceso de compatriotas residentes en el exterior en estado de acertada indigencia el Consulado General puede prestar asistencia a los familiares indigentes del compatriota fallecido residentes en el exterior mediante un reembolso total o parcial de los gastos f\u00fanebres locales regularmente documentados.<\/p>\n<p><strong>Oficina de Asistencia Social, Jubilaciones y Pensiones del Consulado General de Italia en C\u00f3rdoba:<\/strong>\u00a0<a href=\"mailto:assistenzapensioni.cordoba@esteri.it\">assistenzapensioni.cordoba@esteri.it<\/a><\/p>\n","protected":false},"excerpt":{"rendered":"OFICINA DE ASISTENCIA SOCIAL DEL CONSULADO GENERAL DE ITALIA EN C\u00d3RDOBA Correo Electr\u00f3nico:\u00a0assistenzapensioni.cordoba@esteri.it. En caso de\u00a0EMERGENCIAS GRAVES\u00a0llamar al +540351156137892. Repatriaciones Repatriaciones sanitarias y econ\u00f3micas Un sector particularmente delicado de la asistencia a los ciudadanos italianos en el exterior tiene que ver\u00a0con la repatriaci\u00f3n de compatriotas que se encuentran en Pa\u00edses extranjeros en situaciones de graves [&hellip;]","protected":false},"author":3,"featured_media":0,"parent":188,"menu_order":3,"comment_status":"closed","ping_status":"closed","template":"","meta":{"footnotes":""},"class_list":["post-404","page","type-page","status-publish","hentry"],"_links":{"self":[{"href":"https:\/\/conscordoba.esteri.it\/es\/wp-json\/wp\/v2\/pages\/404","targetHints":{"allow":["GET"]}}],"collection":[{"href":"https:\/\/conscordoba.esteri.it\/es\/wp-json\/wp\/v2\/pages"}],"about":[{"href":"https:\/\/conscordoba.esteri.it\/es\/wp-json\/wp\/v2\/types\/page"}],"author":[{"embeddable":true,"href":"https:\/\/conscordoba.esteri.it\/es\/wp-json\/wp\/v2\/users\/3"}],"replies":[{"embeddable":true,"href":"https:\/\/conscordoba.esteri.it\/es\/wp-json\/wp\/v2\/comments?post=404"}],"version-history":[{"count":0,"href":"https:\/\/conscordoba.esteri.it\/es\/wp-json\/wp\/v2\/pages\/404\/revisions"}],"up":[{"embeddable":true,"href":"https:\/\/conscordoba.esteri.it\/es\/wp-json\/wp\/v2\/pages\/188"}],"wp:attachment":[{"href":"https:\/\/conscordoba.esteri.it\/es\/wp-json\/wp\/v2\/media?parent=404"}],"curies":[{"name":"wp","href":"https:\/\/api.w.org\/{rel}","templated":true}]}}