{"id":420,"date":"2023-05-30T14:12:40","date_gmt":"2023-05-30T12:12:40","guid":{"rendered":"https:\/\/conscordoba.esteri.it\/?page_id=420"},"modified":"2023-05-30T14:14:22","modified_gmt":"2023-05-30T12:14:22","slug":"elecciones-politicas","status":"publish","type":"page","link":"https:\/\/conscordoba.esteri.it\/es\/servizi-consolari-e-visti\/servizi-per-il-cittadino-italiano\/servizi-elettorali\/elecciones-politicas\/","title":{"rendered":"Elecciones pol\u00edticas"},"content":{"rendered":"<p><strong>ELECCIONES POLITICAS<\/p>\n<p><\/strong><\/p>\n<p align=\"left\">Los ciudadanos italianos residentes en el extranjero tienen derecho a votar para la elecci\u00f3n de la C\u00e1mara de Diputados y del Senado de la Rep\u00fablica. Eligen\u00a0a los 12 Diputados y a los 6 Senadores de la Circunscripci\u00f3n Exterior.<\/p>\n<p>La misma se subdivide en 4 Distritos Electorales: a) Europa; b) Am\u00e9rica Meridional; c) Am\u00e9rica Septentrional y Central; d) Africa, Asia, Ocean\u00eda y Ant\u00e1rtida.<br \/>\nEn cada distrito se elige 1 Diputado y 1 Senador, mientras que los dem\u00e1s esca\u00f1os se distribuyen proporcionalmente en base al n\u00famero de ciudadanos italianos residentes. La Rep\u00fablica Argentina pertenece al Distrito Electoral Am\u00e9rica Meridional, donde en las elecciones parlamentarias de 2006 se eligieron 3 Diputados y 2 Senadores.<\/p>\n<p>Los electores votan para la listas que se presentan en el distrito electoral donde reside. Los candidatos deben ser electores residentes en el distrito electoral para el cual se postulan.<\/p>\n<p>Todos los ciudadanos italianos residentes en el exterior, que hayan cumplido los 18 a\u00f1os (para la elecci\u00f3n de Diputados) y 25 a\u00f1os (para la elecci\u00f3n de Senadores) y que est\u00e9n inscriptos en el padr\u00f3n electoral que el Ministerio del Interior actualiza en base a las inscripciones electorales realizadas por las Comunas, tienen derecho a votar. Por lo tanto es esencial que el ciudadano mantenga actualizados sus datos en el anagrafe consular.<\/p>\n<p>Los ciudadanos italianos residentes en el exterior votan por correspondencia. Dentro de los 18 d\u00edas anteriores a las elecciones, el Consulado env\u00eda a los electores un sobre que contiene:<\/p>\n<ul>\n<li>el certificado electoral;<\/li>\n<li>la\/s\u00a0boleta\/s electoral\/es (voto\/s);<\/li>\n<li>un sobre blanco peque\u00f1o donde poner las boletas votadas;<\/li>\n<li>un sobre grande de respuesta postal paga con la direcci\u00f3n del Consulado (donde el elector debe poner el tal\u00f3n del certificado electoral y el sobre blanco cerrado con las boletas votadas);<\/li>\n<li>las listas de candidatos;<\/li>\n<li>una hoja explicativa sobre las modalidades del voto;<\/li>\n<li>el texto de la Ley n. 459\/2001.<\/li>\n<\/ul>\n<p>El elector debe enviar los votos a la Oficina consular dentro de los 10 d\u00edas anteriores a la fecha de las elecciones. Son v\u00e1lidos s\u00f3lo aquellos que lleguen al Consulado antes de las 16 hs. del jueves anterior a las elecciones. El Consulado env\u00eda inmediatamente las boletas a Roma, donde se realiza el escrutinio junto a las boletas votadas en Italia.<\/p>\n<p>Los electores que 14 d\u00edas antes de las elecciones no hayan recibido en su domicilio el material electoral pueden solicitar un duplicado present\u00e1ndose personalmente en el Consulado.<\/p>\n<p>Las Representaciones diplom\u00e1ticas realizan convenios con los Estados donde residen ciudadanos italianos para garantizar que el voto por correspondencia se ejerza en condiciones de igualdad, libertad y secreto y que no implique ning\u00fan tipo de perjuicios para los votantes. Tambi\u00e9n el desarrollo de la campa\u00f1a electoral est\u00e1 reglamentado de acuerdo a convenios con los Gobiernos extranjeros aunque \u00e9stos no son imprescindibles para el ejercicio del voto por correspondencia.<\/p>\n<p>Mediante la \u201copci\u00f3n\u201d, los ciudadanos italianos residentes en el exterior pueden elegir votar en Italia para los candidatos del distrito electoral nacional donde est\u00e9n inscriptos. El elector que desea votar en Italia debe informarlo por escrito al Consulado antes del 31 de diciembre del a\u00f1o anterior a las elecciones o, en caso de elecciones anticipadas, en un plazo no mayor a 10 d\u00edas desde el llamado a elecciones. La opci\u00f3n tiene validez para una sola elecci\u00f3n pol\u00edtica o refer\u00e9ndum. El elector que elige votar en Italia no tiene derecho a reintegros por gastos de viajes.<\/p>\n","protected":false},"excerpt":{"rendered":"ELECCIONES POLITICAS Los ciudadanos italianos residentes en el extranjero tienen derecho a votar para la elecci\u00f3n de la C\u00e1mara de Diputados y del Senado de la Rep\u00fablica. Eligen\u00a0a los 12 Diputados y a los 6 Senadores de la Circunscripci\u00f3n Exterior. La misma se subdivide en 4 Distritos Electorales: a) Europa; b) Am\u00e9rica Meridional; c) Am\u00e9rica [&hellip;]","protected":false},"author":3,"featured_media":0,"parent":189,"menu_order":2,"comment_status":"closed","ping_status":"closed","template":"","meta":{"footnotes":""},"class_list":["post-420","page","type-page","status-publish","hentry"],"_links":{"self":[{"href":"https:\/\/conscordoba.esteri.it\/es\/wp-json\/wp\/v2\/pages\/420","targetHints":{"allow":["GET"]}}],"collection":[{"href":"https:\/\/conscordoba.esteri.it\/es\/wp-json\/wp\/v2\/pages"}],"about":[{"href":"https:\/\/conscordoba.esteri.it\/es\/wp-json\/wp\/v2\/types\/page"}],"author":[{"embeddable":true,"href":"https:\/\/conscordoba.esteri.it\/es\/wp-json\/wp\/v2\/users\/3"}],"replies":[{"embeddable":true,"href":"https:\/\/conscordoba.esteri.it\/es\/wp-json\/wp\/v2\/comments?post=420"}],"version-history":[{"count":0,"href":"https:\/\/conscordoba.esteri.it\/es\/wp-json\/wp\/v2\/pages\/420\/revisions"}],"up":[{"embeddable":true,"href":"https:\/\/conscordoba.esteri.it\/es\/wp-json\/wp\/v2\/pages\/189"}],"wp:attachment":[{"href":"https:\/\/conscordoba.esteri.it\/es\/wp-json\/wp\/v2\/media?parent=420"}],"curies":[{"name":"wp","href":"https:\/\/api.w.org\/{rel}","templated":true}]}}