{"id":424,"date":"2023-05-30T14:15:10","date_gmt":"2023-05-30T12:15:10","guid":{"rendered":"https:\/\/conscordoba.esteri.it\/?page_id=424"},"modified":"2023-05-30T14:17:25","modified_gmt":"2023-05-30T12:17:25","slug":"elecciones-europeas","status":"publish","type":"page","link":"https:\/\/conscordoba.esteri.it\/es\/servizi-consolari-e-visti\/servizi-per-il-cittadino-italiano\/servizi-elettorali\/elecciones-europeas\/","title":{"rendered":"Elecciones europeas"},"content":{"rendered":"<p>Conforme a la ley n. 18\/1979, en el caso de elecciones para la renovaci\u00f3n del Parlamento Europeo no se vota por correspondencia.<\/p>\n<p>Los electores\u00a0<em>no residentes<\/em>\u00a0en la Uni\u00f3n Europea pueden votar para el Parlamento Europeo \u00fanicamente en Italia en la mesa electoral de la Comuna de inscripci\u00f3n anagr\u00e1fica.<\/p>\n<p>En cambio, los electores italianos\u00a0<em>residentes<\/em>\u00a0en Pa\u00edses de la Uni\u00f3n Europea pueden:<\/p>\n<ul>\n<li>votar en las mesas electorales organizadas en los Consulados italianos en los Pa\u00edses de la U.E.;<\/li>\n<li>elegir votar para los candidatos del Pa\u00eds de residencia;<\/li>\n<li>volver a Italia y votar en la mesa electoral de la Comuna de inscripci\u00f3n anagr\u00e1fica.<\/li>\n<\/ul>\n","protected":false},"excerpt":{"rendered":"Conforme a la ley n. 18\/1979, en el caso de elecciones para la renovaci\u00f3n del Parlamento Europeo no se vota por correspondencia. Los electores\u00a0no residentes\u00a0en la Uni\u00f3n Europea pueden votar para el Parlamento Europeo \u00fanicamente en Italia en la mesa electoral de la Comuna de inscripci\u00f3n anagr\u00e1fica. En cambio, los electores italianos\u00a0residentes\u00a0en Pa\u00edses de la [&hellip;]","protected":false},"author":3,"featured_media":0,"parent":189,"menu_order":3,"comment_status":"closed","ping_status":"closed","template":"","meta":{"footnotes":""},"class_list":["post-424","page","type-page","status-publish","hentry"],"_links":{"self":[{"href":"https:\/\/conscordoba.esteri.it\/es\/wp-json\/wp\/v2\/pages\/424","targetHints":{"allow":["GET"]}}],"collection":[{"href":"https:\/\/conscordoba.esteri.it\/es\/wp-json\/wp\/v2\/pages"}],"about":[{"href":"https:\/\/conscordoba.esteri.it\/es\/wp-json\/wp\/v2\/types\/page"}],"author":[{"embeddable":true,"href":"https:\/\/conscordoba.esteri.it\/es\/wp-json\/wp\/v2\/users\/3"}],"replies":[{"embeddable":true,"href":"https:\/\/conscordoba.esteri.it\/es\/wp-json\/wp\/v2\/comments?post=424"}],"version-history":[{"count":0,"href":"https:\/\/conscordoba.esteri.it\/es\/wp-json\/wp\/v2\/pages\/424\/revisions"}],"up":[{"embeddable":true,"href":"https:\/\/conscordoba.esteri.it\/es\/wp-json\/wp\/v2\/pages\/189"}],"wp:attachment":[{"href":"https:\/\/conscordoba.esteri.it\/es\/wp-json\/wp\/v2\/media?parent=424"}],"curies":[{"name":"wp","href":"https:\/\/api.w.org\/{rel}","templated":true}]}}