{"id":435,"date":"2023-05-30T14:19:59","date_gmt":"2023-05-30T12:19:59","guid":{"rendered":"https:\/\/conscordoba.esteri.it\/?page_id=435"},"modified":"2024-02-09T15:47:36","modified_gmt":"2024-02-09T14:47:36","slug":"elecciones-comites","status":"publish","type":"page","link":"https:\/\/conscordoba.esteri.it\/es\/servizi-consolari-e-visti\/servizi-per-il-cittadino-italiano\/servizi-elettorali\/elecciones-comites\/","title":{"rendered":"Elecciones Comites"},"content":{"rendered":"<h1>Elecciones de los Comit\u00e9s de los Italianos en el Exterior<\/h1>\n<div class=\"sr-only\">Los integrantes de los COMITES son elegidos en base a listas de candidatos suscriptas por los ciudadanos italianos residentes en cada circunscripci\u00f3n consular.<\/div>\n<div>\n<p>Los ciudadanos mayores de 18 a\u00f1os residentes en el exterior inscriptos en las listas electorales pueden votar por correspondencia, sin tener que hacerlo personalmente como suced\u00eda antes.<\/p>\n<p>El procedimiento de voto, establecido por la Ley n\u00ba 286\/2003, es completamente similar al previsto para las elecciones pol\u00edticas, presentando no obstante una diferencia importante: quien est\u00e9 interesado en ejercer el propio derecho de voto, debe manifestarlo expl\u00edcitamente solicitando participar de las elecciones del Comites (derecho de opci\u00f3n).<\/p>\n<p><strong>MIEMBROS ELEGIDOS<\/strong><\/p>\n<ul>\n<li>Valzacchi Gerardo H\u00e9ctor (Presidente).<\/li>\n<li>Rodolfo Borghese.<\/li>\n<li>Sergio Dar\u00edo Badino.<\/li>\n<li>Luis Mar\u00eda Casanegra.<\/li>\n<li>Antonio Giovanni Carlo Di Monte.<\/li>\n<li>Marta Beatriz Duelli.<\/li>\n<li>Eulalia Irene Mosca.<\/li>\n<li>Carlos Alberto Ponsella.<\/li>\n<li>Jos\u00e9 Luis Vaira.<\/li>\n<li>Rodolfo Gabriel Ramos.<\/li>\n<li>Francisco Pablo Gabellieri.<\/li>\n<li>Gerardo Ballari.<\/li>\n<\/ul>\n<p><strong>MIEMBROS COOPTADOS<\/strong><\/p>\n<ul>\n<li>Juan Pablo Prosdocimo.<\/li>\n<li>Jos\u00e9 Luis Vega.<\/li>\n<li>Delis Moriondo.<\/li>\n<li>Luis Giletta.<\/li>\n<\/ul>\n<\/div>\n","protected":false},"excerpt":{"rendered":"Elecciones de los Comit\u00e9s de los Italianos en el Exterior Los integrantes de los COMITES son elegidos en base a listas de candidatos suscriptas por los ciudadanos italianos residentes en cada circunscripci\u00f3n consular. Los ciudadanos mayores de 18 a\u00f1os residentes en el exterior inscriptos en las listas electorales pueden votar por correspondencia, sin tener que [&hellip;]","protected":false},"author":3,"featured_media":0,"parent":189,"menu_order":5,"comment_status":"closed","ping_status":"closed","template":"","meta":{"footnotes":""},"class_list":["post-435","page","type-page","status-publish","hentry"],"_links":{"self":[{"href":"https:\/\/conscordoba.esteri.it\/es\/wp-json\/wp\/v2\/pages\/435","targetHints":{"allow":["GET"]}}],"collection":[{"href":"https:\/\/conscordoba.esteri.it\/es\/wp-json\/wp\/v2\/pages"}],"about":[{"href":"https:\/\/conscordoba.esteri.it\/es\/wp-json\/wp\/v2\/types\/page"}],"author":[{"embeddable":true,"href":"https:\/\/conscordoba.esteri.it\/es\/wp-json\/wp\/v2\/users\/3"}],"replies":[{"embeddable":true,"href":"https:\/\/conscordoba.esteri.it\/es\/wp-json\/wp\/v2\/comments?post=435"}],"version-history":[{"count":1,"href":"https:\/\/conscordoba.esteri.it\/es\/wp-json\/wp\/v2\/pages\/435\/revisions"}],"predecessor-version":[{"id":2540,"href":"https:\/\/conscordoba.esteri.it\/es\/wp-json\/wp\/v2\/pages\/435\/revisions\/2540"}],"up":[{"embeddable":true,"href":"https:\/\/conscordoba.esteri.it\/es\/wp-json\/wp\/v2\/pages\/189"}],"wp:attachment":[{"href":"https:\/\/conscordoba.esteri.it\/es\/wp-json\/wp\/v2\/media?parent=435"}],"curies":[{"name":"wp","href":"https:\/\/api.w.org\/{rel}","templated":true}]}}