{"id":440,"date":"2023-05-30T14:21:49","date_gmt":"2023-05-30T12:21:49","guid":{"rendered":"https:\/\/conscordoba.esteri.it\/?page_id=440"},"modified":"2023-05-30T14:22:36","modified_gmt":"2023-05-30T12:22:36","slug":"elecciones-cgie","status":"publish","type":"page","link":"https:\/\/conscordoba.esteri.it\/es\/servizi-consolari-e-visti\/servizi-per-il-cittadino-italiano\/servizi-elettorali\/elecciones-cgie\/","title":{"rendered":"Elecciones CGIE"},"content":{"rendered":"<p>El CGIE est\u00e1 compuesto por 94 miembros de los cuales 65 son elegidos por los italianos residentes en el exterior cada cinco a\u00f1os mediante las asambleas electorales locales (compuestas por miembros de los Comites y por representantes de Asociaciones italianas). A los miembros electivos se suman 29 nombrados con Decreto del Presidente del Consejo de Ministros bajo indicaci\u00f3n de las Asociaiones nacionales de emigraci\u00f3n, de los Partidos con representaci\u00f3n parlamentaria, de las Organizaciones sindicales y de los Patronatos con\u00a0mayor nivel de representatividad.<\/p>\n<p>Para mayores informaciones sobre la actividad del CGIE consultar la\u00a0<a href=\"https:\/\/conscordoba.esteri.it\/consolato_cordoba\/solato_Cordoba\/Menu\/I_Servizi\/Per_i_cittadini\/Servizi_elettorali\/Normativa_comites_cgie\"><strong>Normativa Comites y CGIE.<\/strong><\/a><\/p>\n","protected":false},"excerpt":{"rendered":"El CGIE est\u00e1 compuesto por 94 miembros de los cuales 65 son elegidos por los italianos residentes en el exterior cada cinco a\u00f1os mediante las asambleas electorales locales (compuestas por miembros de los Comites y por representantes de Asociaciones italianas). A los miembros electivos se suman 29 nombrados con Decreto del Presidente del Consejo de [&hellip;]","protected":false},"author":3,"featured_media":0,"parent":189,"menu_order":6,"comment_status":"closed","ping_status":"closed","template":"","meta":{"footnotes":""},"class_list":["post-440","page","type-page","status-publish","hentry"],"_links":{"self":[{"href":"https:\/\/conscordoba.esteri.it\/es\/wp-json\/wp\/v2\/pages\/440","targetHints":{"allow":["GET"]}}],"collection":[{"href":"https:\/\/conscordoba.esteri.it\/es\/wp-json\/wp\/v2\/pages"}],"about":[{"href":"https:\/\/conscordoba.esteri.it\/es\/wp-json\/wp\/v2\/types\/page"}],"author":[{"embeddable":true,"href":"https:\/\/conscordoba.esteri.it\/es\/wp-json\/wp\/v2\/users\/3"}],"replies":[{"embeddable":true,"href":"https:\/\/conscordoba.esteri.it\/es\/wp-json\/wp\/v2\/comments?post=440"}],"version-history":[{"count":0,"href":"https:\/\/conscordoba.esteri.it\/es\/wp-json\/wp\/v2\/pages\/440\/revisions"}],"up":[{"embeddable":true,"href":"https:\/\/conscordoba.esteri.it\/es\/wp-json\/wp\/v2\/pages\/189"}],"wp:attachment":[{"href":"https:\/\/conscordoba.esteri.it\/es\/wp-json\/wp\/v2\/media?parent=440"}],"curies":[{"name":"wp","href":"https:\/\/api.w.org\/{rel}","templated":true}]}}