{"id":445,"date":"2023-05-30T14:23:45","date_gmt":"2023-05-30T12:23:45","guid":{"rendered":"https:\/\/conscordoba.esteri.it\/?page_id=445"},"modified":"2023-05-30T14:24:39","modified_gmt":"2023-05-30T12:24:39","slug":"normativa-comites-y-cgie","status":"publish","type":"page","link":"https:\/\/conscordoba.esteri.it\/es\/servizi-consolari-e-visti\/servizi-per-il-cittadino-italiano\/servizi-elettorali\/normativa-comites-y-cgie\/","title":{"rendered":"Normativa Comites y CGIE"},"content":{"rendered":"<h2>Normativa COMITES y CGIE<\/h2>\n<h2>EL CONSEJO GENERAL DE LOS ITALIANOS EN EL EXTERIOR (C.G.I.E)<\/h2>\n<p>Institu\u00eddo por Ley n. 368 del 6 de noviembre de 1989 (modificada por Ley n. 198\/1998) y reglamentado por el Decreto del Presidente de la Rep\u00fablica n. 329 del 14 de setiembre de 1998, el C.G.I.E. desarrolla una actividad de consulta para el Gobierno acerca de los grandes temas de inter\u00e9s para los italianos en el exterior. El C.G.I.E. fue el primer paso hacia la participaci\u00f3n activa en la vida pol\u00edtica italiana de las colectividades italianas en el mundo y es la instituci\u00f3n esencial para su vinculaci\u00f3n permanente con Italia.<\/p>\n<p>El Consejo General de los Italianos en el Exterior se re\u00fane a nivel de Asamblea Plenaria,\u00a0Comisiones Continentales y Comisiones Tem\u00e1ticas.\u00a0El C.G.I.E. est\u00e1 integrado por\u00a094 miembros; de\u00a0los cuales 65 son elegidos directamente por los italianos en el exterior cada cinco a\u00f1os a trav\u00e9s de asambleas electorales locales. Los\u00a0restantes 29 integrantes\u00a0son nombrados con Decreto del Presidente del Consejo de Ministros\u00a0en base a designaciones de las Asociaciones nacionales de la emigraci\u00f3n, de los Partidos con representaci\u00f3n parlamentaria, de los Sindicatos y de los Patronatos m\u00e1s representativos.<\/p>\n<p>El Presidente del CGIE es el Ministro de Relaciones Exteriores, mientras son electivos los cargos de Secretario General\u00a0(a quien corresponde convocar a la Asamblea plenaria y al Comit\u00e9 de Presidencia, dirigir los\u00a0trabajos y ejecutar las\u00a0decisiones);\u00a0de los\u00a0cuatro\u00a0Subsecretarios Generales para las tres \u00e1reas geogr\u00e1ficas (Europa y Africa del Norte, Am\u00e9rica Latina,\u00a0Pa\u00edses Aglosajones Extraeuropeos) y\u00a0para el grupo de integrantes nombrados por el Gobierno) y\u00a0del Comit\u00e9 de Presidencia (compuesto en total por 17 miembros), que se re\u00fane al menos 6 veces al a\u00f1o.<br \/>\nEn las dos Asambleas plenarias anuales el CGIE, \u00f3rgano de consulta, analiza los problemas de las colectividades italianas en el extranjero, da opiniones, propuestas y recomendaciones\u00a0en materia de\u00a0iniciativas legislativas o administrativas del Estado o de las Regiones, tratados internacionales y normativas comunitarias que conciernes a las comunidades italianas en el exterior. En especial,\u00a0el CGIE brinda una opini\u00f3n obligatoria acerca de las iniciativas del Gobierno en las siguientes \u00e1reas: fondos asignados a favor de las comunidades en el exterior; programas plurianuales y fondos correspondientes para la pol\u00edtica escolar, capacitaci\u00f3n profesional y seguridad social y provisional, criterios para la\u00a0concesi\u00f3n de subsidios a asociaciones nacionales, patronatos, instituciones de formaci\u00f3n profesional, \u00f3rganos de prensa y de informaci\u00f3n, programas de radio y de televisi\u00f3n para las colectividades en el extranjero, l\u00edneas de reforma de los servicios consulares, escolares y sociales.<\/p>\n<p><strong>COMITES DE LOS ITALIANOS EN EL EXTERIOR (COM.IT.ES.)<\/strong><\/p>\n<p>Institu\u00eddo por ley n. n. 205\/1985, los Com.It.Es. son instituciones representativas de nuestra colectividad, elegidas directamente por los italianos residentes en el extranjero en cada jurisdicci\u00f3n consular donde residen por lo menos 3.000 ciudadanos italianos. En las jurisdicciones donde residen menos de 3.000 ciudadanos italianos, los Com.It.Es. pueden ser nombrados por la Autoridad diplom\u00e1tico-consular.<\/p>\n<p>La normativa que regula los Com.it.Es. ha sido profundamente modificada por ley n. 286 del 26 de octubre de 2003 y por el\u00a0Decreto del Presidente de la Rep\u00fablica\u00a0n. 395 del 29 de diciembre de 2003. Entre otras novedades, se destaca en primer lugar la posibilidad del voto por correspondencia en la elecci\u00f3n de los Com.It.Es., basado en el mismo procedimiento establecido para las elecciones parlamentarias seg\u00fan la\u00a0ley n. 459 del 27 de diciembre de 2001.<\/p>\n<p>Los Com.It.Es. est\u00e1n formados por 12 o 18\u00a0miembros, seg\u00fan sean elegidos en una\u00a0Circunscripci\u00f3n consular con un n\u00famero\u00a0menor o mayor de 100.000 residentes respectivamente, de acuerdo al padr\u00f3n de ciudadanos utilizado para la elecci\u00f3n de representantes parlamentarios. El\u00a0Comit\u00e9, una vez elegido,\u00a0puede sucesivamente decidir \u201ccooptar\u201d a 4 o 6 integrantes, ciudadanos extranjeros de origen italiano.<\/p>\n<p>Otra novedad importante de la ley n. 286\/2003 es el art\u00edculo 1, inciso 2, que\u00a0define por primera vez a los Com.It.Es. como \u00abinstituciones de representaci\u00f3n de los italianos en el exterior en las relaciones con las\u00a0autoridades diplom\u00e1tico-consulares\u00bb, de manera que se valoriza su rol no s\u00f3lo ante la colectividad de quien son expresi\u00f3n sino tambi\u00e9n ante la Autoridad consular. La nueva ley subraya las\u00a0estrechas relaciones de colaboraci\u00f3n y cooperaci\u00f3n que deben crearse entre la Autoridad consular y los Com.It.Es., incluso mediante un \u201cconstante flujo de informaci\u00f3n\u201d.<\/p>\n<p>Respecto a sus funciones,\u00a0los Com.It.Es., mediante estudios e investigaciones, contribuyen a individuar las exigencias de desarrollo social, cultural y civil de la comunidad italiana de referencia; son objeto de particular inter\u00e9s la\u00a0participaci\u00f3n de los j\u00f3venes, la igualdad de oportunidades, la asistencia social y escolar, la formaci\u00f3n profesional, el sector recreativo, el deporte y el tiempo libre.<\/p>\n<p>Los Com.It.Es. tambi\u00e9n deben colaboran con la Autoridad consular en la tutela de los derechos e intereses de los ciudadanos italianos residentes en la Circunscripci\u00f3n consular. Luego de las elecciones de marzo de 2004 funcionan 126 Com.It.Es. en 38 Pa\u00edses: 69 se encuentran en Europa, 23 en Am\u00e9rica Latina, 4 en Am\u00e9rica Central, 16 en Norteam\u00e9rica, 7 en Asia y 7 en \u00c1frica.<\/p>\n","protected":false},"excerpt":{"rendered":"Normativa COMITES y CGIE EL CONSEJO GENERAL DE LOS ITALIANOS EN EL EXTERIOR (C.G.I.E) Institu\u00eddo por Ley n. 368 del 6 de noviembre de 1989 (modificada por Ley n. 198\/1998) y reglamentado por el Decreto del Presidente de la Rep\u00fablica n. 329 del 14 de setiembre de 1998, el C.G.I.E. desarrolla una actividad de consulta [&hellip;]","protected":false},"author":3,"featured_media":0,"parent":189,"menu_order":7,"comment_status":"closed","ping_status":"closed","template":"","meta":{"footnotes":""},"class_list":["post-445","page","type-page","status-publish","hentry"],"_links":{"self":[{"href":"https:\/\/conscordoba.esteri.it\/es\/wp-json\/wp\/v2\/pages\/445","targetHints":{"allow":["GET"]}}],"collection":[{"href":"https:\/\/conscordoba.esteri.it\/es\/wp-json\/wp\/v2\/pages"}],"about":[{"href":"https:\/\/conscordoba.esteri.it\/es\/wp-json\/wp\/v2\/types\/page"}],"author":[{"embeddable":true,"href":"https:\/\/conscordoba.esteri.it\/es\/wp-json\/wp\/v2\/users\/3"}],"replies":[{"embeddable":true,"href":"https:\/\/conscordoba.esteri.it\/es\/wp-json\/wp\/v2\/comments?post=445"}],"version-history":[{"count":0,"href":"https:\/\/conscordoba.esteri.it\/es\/wp-json\/wp\/v2\/pages\/445\/revisions"}],"up":[{"embeddable":true,"href":"https:\/\/conscordoba.esteri.it\/es\/wp-json\/wp\/v2\/pages\/189"}],"wp:attachment":[{"href":"https:\/\/conscordoba.esteri.it\/es\/wp-json\/wp\/v2\/media?parent=445"}],"curies":[{"name":"wp","href":"https:\/\/api.w.org\/{rel}","templated":true}]}}