{"id":458,"date":"2023-05-30T14:39:11","date_gmt":"2023-05-30T12:39:11","guid":{"rendered":"https:\/\/conscordoba.esteri.it\/?page_id=458"},"modified":"2025-06-24T17:08:36","modified_gmt":"2025-06-24T15:08:36","slug":"otras-modalidades","status":"publish","type":"page","link":"https:\/\/conscordoba.esteri.it\/es\/servizi-consolari-e-visti\/servizi-per-il-cittadino-straniero\/cittadinanza\/otras-modalidades\/","title":{"rendered":"Otras modalidades"},"content":{"rendered":"<p style=\"text-align: justify;\"><strong>CIUDADAN\u00cdA POR NACIMIENTO EN TERRITORIO ITALIANO (<em>IURE SOLI<\/em>)<\/strong><\/p>\n<ul style=\"text-align: justify;\">\n<li>Aquel cuyos progenitores sean desconocidos o ap\u00e1tridas, o no transmitan su propia ciudadan\u00eda al hijo seg\u00fan la ley del Estado del cual son ciudadanos.<\/li>\n<li>El hijo de personas desconocidas que sea encontrado abandonado en territorio italiano y cuya ciudadan\u00eda no pueda determinarse.<\/li>\n<li>El extranjero, incluso no descendiente de ciudadanos italianos, nacido en territorio italiano, puede obtener la ciudadan\u00eda si reside legal e ininterrumpidamente en Italia desde su nacimiento y hasta alcanzar la mayor\u00eda de edad, previa declaraci\u00f3n de voluntad que debe presentarse dentro del a\u00f1o posterior a haber alcanzado la mayor\u00eda de edad.<\/li>\n<\/ul>\n<p style=\"text-align: justify;\"><strong>CIUDADAN\u00cdA POR RECONOCIMIENTO O POR DECLARACI\u00d3N JUDICIAL DE PATERNIDAD\/MATERNIDAD<\/strong><\/p>\n<ul style=\"text-align: justify;\">\n<li>Es ciudadano italiano el hijo reconocido o declarado durante su minor\u00eda de edad por un ciudadano italiano, siempre que se cumplan los requisitos del art. 3-bis de la Ley N.\u00ba 91\/1992. En caso de que el hijo reconocido o declarado sea mayor de edad, es necesaria la elecci\u00f3n de ciudadan\u00eda por parte de este \u00faltimo dentro del plazo de un a\u00f1o desde dicho reconocimiento.<\/li>\n<\/ul>\n<p style=\"text-align: justify;\"><strong>CIUDADAN\u00cdA POR ADOPCI\u00d3N<\/strong><\/p>\n<ul style=\"text-align: justify;\">\n<li>El menor extranjero adoptado por un ciudadano italiano mediante una resoluci\u00f3n de la Autoridad Judicial italiana, o en caso de una adopci\u00f3n dictada en el exterior y declarada eficaz en Italia (por el Tribunal de Menores), puede convertirse en ciudadano italiano por beneficio de ley, con la condici\u00f3n de que ambos progenitores realicen, ante las autoridades consulares competentes, la declaraci\u00f3n de voluntad para la adquisici\u00f3n de la ciudadan\u00eda italiana en un plazo no mayor a un a\u00f1o desde la fecha en que se estableci\u00f3 la adopci\u00f3n.<\/li>\n<li>Si el adoptado es mayor de edad, puede adquirir la ciudadan\u00eda italiana por naturalizaci\u00f3n despu\u00e9s de 5 a\u00f1os de residencia legal en Italia posteriores a la adopci\u00f3n.<\/li>\n<\/ul>\n<p style=\"text-align: justify;\"><strong>NATURALIZACI\u00d3N<\/strong><\/p>\n<p style=\"text-align: justify;\">El requisito es la residencia legal en Italia durante:<\/p>\n<ul style=\"text-align: justify;\">\n<li><strong>2 a\u00f1os<\/strong> para descendientes hasta el segundo grado de quien es o ha sido ciudadano italiano por nacimiento.<\/li>\n<li><strong>3 a\u00f1os<\/strong> para los extranjeros nacidos en territorio italiano.<\/li>\n<li><strong>4 a\u00f1os<\/strong> para los ciudadanos de un Estado perteneciente a la Uni\u00f3n Europea.<\/li>\n<li><strong>5 a\u00f1os<\/strong> para los extranjeros mayores de edad adoptados por ciudadanos italianos y para los ap\u00e1tridas y refugiados.<\/li>\n<li><strong>7 a\u00f1os<\/strong> para para aquellos con filiaci\u00f3n establecida con un ciudadano italiano antes de la entrada en vigor de la Ley 184\/1983.<\/li>\n<li><strong>10 a\u00f1os<\/strong> para ciudadanos no comunitarios.<\/li>\n<\/ul>\n<p style=\"text-align: justify;\"><strong>RECONOCIMIENTO DE LA CIUDADAN\u00cdA ITALIANA EN BASE A LEYES ESPECIALES<\/strong><\/p>\n<ul>\n<li style=\"text-align: justify;\">La Ley N.\u00ba 379 del 14 de diciembre de 2000 prev\u00e9 el reconocimiento de la ciudadan\u00eda italiana a favor de las personas nacidas y que ya resid\u00edan en los territorios del antiguo Imperio Austro-Hung\u00e1rico y a sus descendientes que cumplan con los requisitos necesarios.<\/li>\n<li style=\"text-align: justify;\">La Ley N.\u00ba 124 del 8 de marzo de 2006 prev\u00e9 el reconocimiento de la ciudadan\u00eda italiana a favor de los connacionales que residieron entre 1940 y 1947 en Istria, Fiume y Dalmazia, que la perdieron cuando dichos territorios fueron cedidos a la Rep\u00fablica Yugoslava en virtud de los tratados de Par\u00eds del 10 de febrero de 1947 y de Osimo del 10 de noviembre de 1975, y a sus descendientes. La solicitud debe presentarse ante la Autoridad diplom\u00e1tico-consular italiana si el solicitante reside en el extranjero, o en el Municipio si reside en Italia.<\/li>\n<\/ul>\n","protected":false},"excerpt":{"rendered":"CIUDADAN\u00cdA POR NACIMIENTO EN TERRITORIO ITALIANO (IURE SOLI) Aquel cuyos progenitores sean desconocidos o ap\u00e1tridas, o no transmitan su propia ciudadan\u00eda al hijo seg\u00fan la ley del Estado del cual son ciudadanos. El hijo de personas desconocidas que sea encontrado abandonado en territorio italiano y cuya ciudadan\u00eda no pueda determinarse. El extranjero, incluso no descendiente [&hellip;]","protected":false},"author":3,"featured_media":0,"parent":213,"menu_order":4,"comment_status":"closed","ping_status":"closed","template":"","meta":{"footnotes":""},"class_list":["post-458","page","type-page","status-publish","hentry"],"_links":{"self":[{"href":"https:\/\/conscordoba.esteri.it\/es\/wp-json\/wp\/v2\/pages\/458","targetHints":{"allow":["GET"]}}],"collection":[{"href":"https:\/\/conscordoba.esteri.it\/es\/wp-json\/wp\/v2\/pages"}],"about":[{"href":"https:\/\/conscordoba.esteri.it\/es\/wp-json\/wp\/v2\/types\/page"}],"author":[{"embeddable":true,"href":"https:\/\/conscordoba.esteri.it\/es\/wp-json\/wp\/v2\/users\/3"}],"replies":[{"embeddable":true,"href":"https:\/\/conscordoba.esteri.it\/es\/wp-json\/wp\/v2\/comments?post=458"}],"version-history":[{"count":3,"href":"https:\/\/conscordoba.esteri.it\/es\/wp-json\/wp\/v2\/pages\/458\/revisions"}],"predecessor-version":[{"id":5995,"href":"https:\/\/conscordoba.esteri.it\/es\/wp-json\/wp\/v2\/pages\/458\/revisions\/5995"}],"up":[{"embeddable":true,"href":"https:\/\/conscordoba.esteri.it\/es\/wp-json\/wp\/v2\/pages\/213"}],"wp:attachment":[{"href":"https:\/\/conscordoba.esteri.it\/es\/wp-json\/wp\/v2\/media?parent=458"}],"curies":[{"name":"wp","href":"https:\/\/api.w.org\/{rel}","templated":true}]}}