{"id":470,"date":"2023-05-30T14:44:45","date_gmt":"2023-05-30T12:44:45","guid":{"rendered":"https:\/\/conscordoba.esteri.it\/?page_id=470"},"modified":"2025-07-02T15:25:29","modified_gmt":"2025-07-02T13:25:29","slug":"comprobantes-de-residencia","status":"publish","type":"page","link":"https:\/\/conscordoba.esteri.it\/es\/servizi-consolari-e-visti\/servizi-per-il-cittadino-straniero\/cittadinanza\/comprobantes-de-residencia\/","title":{"rendered":"Comprobantes de residencia"},"content":{"rendered":"<p style=\"text-align: justify;\">Detallamos a continuaci\u00f3n los comprobantes de residencia aceptados por este Consulado general:<\/p>\n<ul style=\"text-align: justify;\">\n<li><strong>Facturas de servicios de luz, gas, tel\u00e9fono fijo, internet y televisi\u00f3n por cable:<\/strong>\u00a0<em>dichos servicios deben estar a nombre del solicitante, el domicilio del suministro debe coincidir con el domicilio de residencia declarado en la solicitud de ciudadan\u00eda. Se deben aportar dos facturas: una correspondiente al mes del turno asignado para la presentaci\u00f3n de la solicitud y una correspondiente al sexto mes anterior a esa fecha.<\/em> <em>Las facturas deben presentarse en original, con firma y sello del Ente prestador o, en su defecto, deben contar con mecanismos de validaci\u00f3n online (QR, c\u00f3digo de validaci\u00f3n, etc.);<\/em><\/li>\n<li><strong>Certificados de alumno regular emitidos por escuelas, universidades o institutos terciarios que cuenten con t\u00edtulos reconocidos por las autoridades locales, acompa\u00f1ados de la correspondiente historia acad\u00e9mica (con materias rendidas recientemente) o bien certificados de materias cursadas en el a\u00f1o lectivo en curso:<\/strong>\u00a0<em>los certificados deben indicar el nombre, apellido, fecha de nacimiento y posiblemente el domicilio de residencia del estudiante; el lugar donde se desarrolla el cursado debe coincidir con el lugar en el que el solicitante de la ciudadan\u00eda declara residir; deben ser referidos al a\u00f1o en el cual se presenta la solicitud (por ejemplo, si el solicitante se presenta el 10.12.2025, no se aceptan certificados de cursos realizados en el 2023); en caso de instituciones privadas, el certificado puede estar acompa\u00f1ado por los comprobantes de pago de las cuotas;<\/em><\/li>\n<li><strong>Certificados de afiliaci\u00f3n a una obra social o la factura mensual:<\/strong>\u00a0<em>los certificados deben indicar los datos personales completos del solicitante (nombre, apellido, fecha de nacimiento y domicilio de residencia), como as\u00ed tambi\u00e9n la fecha de afiliaci\u00f3n. <u>No se aceptar\u00e1n certificados que no especifiquen el domicilio del interesado<\/u>. El certificado debe haber sido emitido el mismo mes del turno y debe presentarse en original, con firma y sello del Ente prestador o, en su defecto, deben contar con mecanismos de validaci\u00f3n online (QR, c\u00f3digo de validaci\u00f3n, etc.); el certificado tambi\u00e9n es v\u00e1lido para los familiares a cargo (es decir, puede presentarlo el c\u00f3nyuge y los hijos del titular, siempre que figuren como beneficiarios); se aceptan adem\u00e1s las facturas de pago mensual de la obra social, siempre y cuando indiquen el nombre, el apellido y el domicilio del solicitante (ver informaci\u00f3n facturas de servicios);<\/em><\/li>\n<li><strong>Recibo de sueldo con domicilio o inscripci\u00f3n en ARCA como trabajador independiente:<\/strong>\u00a0<em>el recibo de sueldo del trabajador en relaci\u00f3n de dependencia o el comprobante de inscripci\u00f3n en ARCA como trabajador independiente deben indicar los datos personales completos del solicitante (nombre, apellido, fecha de nacimiento y domicilio de residencia); en cuanto a los recibos de sueldo, estos deben ser del mismo mes en que se presenta la solicitud de ciudadan\u00eda y del sexto mes anterior; si el recibo de sueldo no contiene el domicilio del solicitante, puede ser integrado con copia del resumen de la cuenta donde se acredita el sueldo (\u201ccuenta sueldo\u201d) o con un certificado laboral emitido por el empleador en el cual conste el domicilio del empleado; los certificados de inscripci\u00f3n en ARCA aceptados son de \u201cMonotributo\u201d<\/em> (Constancia de Opci\u00f3n)<em> o de \u201cResponsable inscripto\u201d y deben estar en vigencia (no se aceptan comprobantes vencidos). En ambos casos, el domicilio registrado debe ser el declarado en la solicitud de ciudadan\u00eda italiana;<\/em><\/li>\n<li><strong>Certificado de inscripci\u00f3n a un colegio profesional (o factura mensual):<\/strong>\u00a0<em>el certificado debe indicar el nombre, apellido, fecha de nacimiento y domicilio de residencia del solicitante y debe estar en vigencia (no se aceptan certificados vencidos); el d\u00eda del turno, el solicitante debe presentar los certificados en original, con firma y sello del funcionario competente; se aceptan adem\u00e1s las facturas de pago mensual, siempre y cuando indiquen el nombre, el apellido y el domicilio del solicitante (ver informaci\u00f3n facturas de servicios);<\/em><\/li>\n<li><strong>Contrato de alquiler a nombre del solicitante o los recibos de pago del alquiler:\u00a0<\/strong><em>el contrato debe ser del inmueble en el cual el solicitante vive (no se aceptan contratos estipulados por el solicitante a beneficio de terceros); adem\u00e1s debe indicar el nombre, apellido y DNI del solicitante y estar registrado en \u201cRentas\u201d o firmado ante Escribano p\u00fablico; el inmueble debe estar destinado a uso habitacional (no se aceptan contratos de alquiler de edificios comerciales, cocheras o terrenos); los recibos de pago deben ser fiscales, v\u00e1lidos para ARCA (no se aceptan recibos completados a mano);<\/em><\/li>\n<li><strong>Certificados de ANSES en caso de jubilados:<\/strong>\u00a0<em>el certificado debe indicar el nombre, apellido, fecha de nacimiento y domicilio de residencia del solicitante y debe estar en vigencia (no se aceptan certificados vencidos); el d\u00eda del turno, el solicitante debe presentar los certificados en original, con firma y sello del funcionario competente y debe estar acompa\u00f1ado de los recibos de pagos de la jubilaci\u00f3n correspondiente al mes del turno y al sexto mes anterior.<\/em><\/li>\n<\/ul>\n<p style=\"text-align: justify;\">\n<p style=\"text-align: justify;\"><strong>Por otro lado,\u00a0no\u00a0se aceptan en calidad de comprobantes:<\/strong><\/p>\n<ul style=\"text-align: justify;\">\n<li><strong>Facturas de agua, cloacas, pavimento; seguros contra robos o incendios; impuestos municipales y\/o provinciales (tanto de inmuebles como de veh\u00edculos);<\/strong><\/li>\n<li><strong>T\u00edtulos de propiedad del automotor, seguros de automotores, carnet de conducir;<\/strong><\/li>\n<li><strong>Facturas de telefon\u00eda celular, res\u00famenes de cuenta bancarios o de tarjetas de cr\u00e9dito, servicios de ambulancia o emergencias m\u00e9dicas, seguros de vida, servicios de sepelio;<\/strong><\/li>\n<li><strong>Documentaci\u00f3n que acredite la propiedad de edificios destinados a uso comercial, de terrenos o inmuebles sujetos a alquiler o rentas, o bien documentaci\u00f3n referida a empresas de las cuales el solicitante es titular;<\/strong><\/li>\n<\/ul>\n<p style=\"text-align: justify;\"><em>debido a que no son suficientes para demostrar que el solicitante resida en el inmueble al que las facturas hacen referencia, o en donde posee el auto, o recibe servicios bancarios o de telefon\u00eda m\u00f3vil o incluso en el inmueble de su propiedad (edificios, terrenos) o en donde se encuentra la empresa de la cual es titular.<\/em><\/p>\n<ul style=\"text-align: justify;\">\n<li><strong>Declaraciones juradas ante un escribano o certificados de residencia policiales;<\/strong><\/li>\n<li><strong>Declaraciones juradas expedidas mediante Ciudadano Digital (CiDi);<\/strong><\/li>\n<\/ul>\n<p style=\"text-align: justify;\"><em>debido a que se basan en declaraciones efectuadas por el solicitante o por testigos.<\/em><\/p>\n<p>&nbsp;<\/p>\n","protected":false},"excerpt":{"rendered":"Detallamos a continuaci\u00f3n los comprobantes de residencia aceptados por este Consulado general: Facturas de servicios de luz, gas, tel\u00e9fono fijo, internet y televisi\u00f3n por cable:\u00a0dichos servicios deben estar a nombre del solicitante, el domicilio del suministro debe coincidir con el domicilio de residencia declarado en la solicitud de ciudadan\u00eda. Se deben aportar dos facturas: una [&hellip;]","protected":false},"author":3,"featured_media":0,"parent":213,"menu_order":7,"comment_status":"closed","ping_status":"closed","template":"","meta":{"footnotes":""},"class_list":["post-470","page","type-page","status-publish","hentry"],"_links":{"self":[{"href":"https:\/\/conscordoba.esteri.it\/es\/wp-json\/wp\/v2\/pages\/470","targetHints":{"allow":["GET"]}}],"collection":[{"href":"https:\/\/conscordoba.esteri.it\/es\/wp-json\/wp\/v2\/pages"}],"about":[{"href":"https:\/\/conscordoba.esteri.it\/es\/wp-json\/wp\/v2\/types\/page"}],"author":[{"embeddable":true,"href":"https:\/\/conscordoba.esteri.it\/es\/wp-json\/wp\/v2\/users\/3"}],"replies":[{"embeddable":true,"href":"https:\/\/conscordoba.esteri.it\/es\/wp-json\/wp\/v2\/comments?post=470"}],"version-history":[{"count":1,"href":"https:\/\/conscordoba.esteri.it\/es\/wp-json\/wp\/v2\/pages\/470\/revisions"}],"predecessor-version":[{"id":6045,"href":"https:\/\/conscordoba.esteri.it\/es\/wp-json\/wp\/v2\/pages\/470\/revisions\/6045"}],"up":[{"embeddable":true,"href":"https:\/\/conscordoba.esteri.it\/es\/wp-json\/wp\/v2\/pages\/213"}],"wp:attachment":[{"href":"https:\/\/conscordoba.esteri.it\/es\/wp-json\/wp\/v2\/media?parent=470"}],"curies":[{"name":"wp","href":"https:\/\/api.w.org\/{rel}","templated":true}]}}