{"id":476,"date":"2023-05-30T15:18:11","date_gmt":"2023-05-30T13:18:11","guid":{"rendered":"https:\/\/conscordoba.esteri.it\/?page_id=476"},"modified":"2025-07-03T16:14:46","modified_gmt":"2025-07-03T14:14:46","slug":"estudios","status":"publish","type":"page","link":"https:\/\/conscordoba.esteri.it\/es\/servizi-consolari-e-visti\/servizi-per-il-cittadino-italiano\/altri-servizi\/estudios\/","title":{"rendered":"Estudios"},"content":{"rendered":"<p style=\"text-align: justify;\"><strong>DECLARACI\u00d3N DE VALOR<\/strong><\/p>\n<p style=\"text-align: justify;\">La declaraci\u00f3n de valor es una certificaci\u00f3n expedida por las autoridades consulares italianas la cual tiene el \u00fanico objetivo de describir el valor adquirido con el T\u00edtulo de estudio en el Pa\u00eds de origen.<\/p>\n<p style=\"text-align: justify;\"><u>Por lo tanto, la declaraci\u00f3n de valor no atribuye ning\u00fan reconocimiento al T\u00edtulo. De echo, el reconocimiento o la equivalencia de los T\u00edtulos es competencia de las espec\u00edficas Autoridades italianas. <\/u><\/p>\n<p style=\"text-align: justify;\"><u>La declaration de valor es \u00fatil a los que, habiendo conseguido un t\u00edtulo de estudio ante instituciones educativas extranjeras, desean proseguir sus estudios en Italia o bien iniciar los procedimientos de equivalencia de T\u00edtulos de Estudio o el Reconocimiento profesional.<\/u><\/p>\n<p style=\"text-align: justify;\">Los usuarios ciudadanos italianos y\/o extranjeros que hayan conseguido un T\u00edtulo de estudio en la circunscripci\u00f3n consular de C\u00f3rdoba, pueden solicitar la Declaraci\u00f3n de valor, previo turno adquirido a trav\u00e9s del portal <a href=\"https:\/\/prenotami.esteri.it\/\"><strong>https:\/\/prenotami.esteri.it\/<\/strong><\/a><\/p>\n<p style=\"text-align: justify;\"><strong>Documentaci\u00f3n necesaria:<\/strong><\/p>\n<ul style=\"text-align: justify;\">\n<li>T\u00edtulo final de estudio original (secundario, universitario, especializaci\u00f3n) legalizado con apostille y traducido al italiano) m\u00e1s una fotocopia;<\/li>\n<li>Certificado anal\u00edtico y original (secundario, universitario, especializaci\u00f3n) legalizado con apostille y traducido al italiano) m\u00e1s una fotocopia;<\/li>\n<\/ul>\n<p style=\"text-align: justify;\"><strong>Documentaci\u00f3n opcional que podr\u00e1 ser solicitada por las autoridades italianas competentes.<\/strong><\/p>\n<ul style=\"text-align: justify;\">\n<li>Programas de estudio de cada materia del curso\/carrera (sellados y numerados por la instituci\u00f3n competente); en este caso no es necesario legalizar ni traducir. Para m\u00e1s informaci\u00f3n, consulte el sitio web del Ministerio de Educaci\u00f3n y M\u00e9rito: <a href=\"https:\/\/www.mim.gov.it\">https:\/\/www.mim.gov.it<\/a><\/li>\n<li>Declaraci\u00f3n expedida por el Instituto o la Universidad en la que conste efectivo cumplimiento de los citados programas de estudio, con la Apostilla de La Haya y traducida al italiano;<\/li>\n<li>Certificaci\u00f3n en original con membrete de la Instituci\u00f3n, expedida por la Universidad\/Instituto o Colegio Profesional en la cual conste:<\/li>\n<\/ul>\n<ul style=\"text-align: justify;\">\n<li>la normativa y fuente jur\u00eddica que regula el ejercicio de la profesi\u00f3n en la Rep\u00fablica Argentina (Ley, Decreto, Reglamento, etc.) y que defina la actividad y las responsabilidades inherentes a la misma;<\/li>\n<li>la Autoridad estatal competente para el control del ejercicio profesional (Ministerio, Departamento, Colegio Profesional, etc.);<\/li>\n<li>Asimismo, en caso de que la Declaraci\u00f3n de Valor sea solicitada con el fin de obtener el reconocimiento del t\u00edtulo profesional\/acad\u00e9mico en Italia, ser\u00e1 necesario presentar tambi\u00e9n la certificaci\u00f3n emitida por la Autoridad competente, en la que conste la inscripci\u00f3n en el Colegio Profesional correspondiente y el n\u00famero de matr\u00edcula (deber\u00e1 presentarse en original, debidamente apostillada y traducida al italiano).<\/li>\n<\/ul>\n<p style=\"text-align: justify;\">Las declaraci\u00f3nes de valor expedidas por el Instituto o la Universidad, est\u00e1n sujetas al pago de derechos consulares seg\u00fan la Tarifa consular vigente <strong>Art. 66 N y Art. 72 A<\/strong> <a href=\"https:\/\/conscordoba.esteri.it\/it\/servizi-consolari-e-visti\/servizi-per-il-cittadino-italiano\/tariffe-consolari\/\"><strong>https:\/\/conscordoba.esteri.it\/it\/servizi-consolari-e-visti\/servizi-per-il-cittadino-italiano\/tariffe-consolari\/<\/strong><\/a><\/p>\n<p style=\"text-align: justify;\">Las declaraciones de valor son gratuitas, en virtud del\u00a0<strong>Decreto Legislativo n. 71 del 2011 art. 66 letra C<\/strong>, en los siguientes casos:<\/p>\n<ul style=\"text-align: justify;\">\n<li><strong>Proseguir estudios en Italia;<\/strong><\/li>\n<li><strong>Becas de estudio;<\/strong><\/li>\n<\/ul>\n<p style=\"text-align: justify;\">En ese caso, deber\u00e1 presentarse una copia de la inscripci\u00f3n en una Universidad italiana o documentaci\u00f3n que acredite la obtenci\u00f3n de la beca de estudios.<\/p>\n<p style=\"text-align: justify;\">Para m\u00e1s informaci\u00f3n, se puede escribir a:<a href=\"mailto:cordoba.studievisti@esteri.it\">cordoba.studievisti@esteri.it<\/a><\/p>\n<p style=\"text-align: justify;\"><strong>\u00a0<\/strong><\/p>\n<p style=\"text-align: justify;\"><strong>RECONOCIMIENTO DEL T\u00cdTULO EN ITALIA <\/strong><\/p>\n<p style=\"text-align: justify;\">Los ciudadanos italianos o extranjeros que hayan obtenidos t\u00edtulos acad\u00e9micos en el exterior ante Universidades estatales o legalmente reconocidas y que aspiren a solicitar el reconocimiento en Italia de su curriculum studiorum a los fines de la obtenci\u00f3n de an\u00e1logo t\u00edtulo acad\u00e9mico italiano, pueden formular solicitud ante una Universidad de su elecci\u00f3n.<\/p>\n<p style=\"text-align: justify;\">Los distintos Ministerios son responsables de los procedimientos de reconocimiento profesional de los t\u00edtulos conseguidos en el exterior. Los profesionales que posean t\u00edtulo obtenido en un Estado no perteneciente a la Uni\u00f3n Europea pueden presentar solicitud de reconocimiento del t\u00edtulo a los fines de ejercer la profesi\u00f3n correspondiente en Italia.<\/p>\n<p style=\"text-align: justify;\"><strong>LAS ESCUELAS EN ITALIA<\/strong><\/p>\n<p style=\"text-align: justify;\">El listado completo de Escuelas italianas Primarias, de nivel Medio y Secundaria, estatales y no estatales, es constantemente actualizado por el Ministerio de Educaci\u00f3n y se puede consultar en la siguiente p\u00e1gina oficial del MIM: <a href=\"https:\/\/www.mim.gov.it\">https:\/\/www.mim.gov.it<\/a><\/p>\n<p style=\"text-align: justify;\">\n<p style=\"text-align: justify;\"><strong>Para la inscripci\u00f3n en escuelas primarias o secundarias en Italia<\/strong> es necesario presentar el:<\/p>\n<ul style=\"text-align: justify;\">\n<li>Certificado de estudios cumplidos con declaraci\u00f3n de valor expedida por el Consulado de Italia competente;<\/li>\n<\/ul>\n<p style=\"text-align: justify;\"><strong>Para la equiparaci\u00f3n del t\u00edtulo de estudio secundario <\/strong>es necesario presentar el:<\/p>\n<ul style=\"text-align: justify;\">\n<li>T\u00edtulo final de escuela secundaria;<\/li>\n<li>Certificado anal\u00edtico con Declaraci\u00f3n de Valor expedida por el Consulado de Italia competente;<\/li>\n<li>Eventuales certificados de asistencia a cursos de idioma italiano.<\/li>\n<\/ul>\n<p style=\"text-align: justify;\"><strong>\u00a0<\/strong><\/p>\n<p style=\"text-align: justify;\"><strong>LAS UNIVERSIDADES EN ITALIA<\/strong><\/p>\n<p style=\"text-align: justify;\">Noticias de inter\u00e9s general acerca de la organizaci\u00f3n y el funcionamiento de las Universidades italianas se encuentran disponibles en la secci\u00f3n del sitio del Ministerio de Educaci\u00f3n y M\u00e9rito <a href=\"https:\/\/www.mim.gov.it\">https:\/\/www.mim.gov.it<\/a><\/p>\n<p style=\"text-align: justify;\">Listas completas de los Ateneos se pueden consultar a trav\u00e9s del motor de b\u00fasqueda CINECA: <a href=\"https:\/\/www.cineca.it\">https:\/\/www.cineca.it<\/a><\/p>\n<p style=\"text-align: justify;\">Tambi\u00e9n existe una p\u00e1gina dedicada a las Universidades en el sito de la CRUI \u2013 Conferencia de los rectores de las Universidades Italianas:\u00a0<a href=\"http:\/\/www.crui.it\">www.crui.it<\/a>.<\/p>\n<p style=\"text-align: justify;\">Los estudiantes extranjeros interesados en estudiar en las Universidades Italianas encontrar\u00e1n toda la informaci\u00f3n en el sitio web del MIM en la p\u00e1gina relativa a la Oferta formativa (Offerta formativa).<\/p>\n<p style=\"text-align: justify;\"><strong>Para la inscripci\u00f3n a facultades Universitarias italianas se deber\u00e1 presentar :<\/strong><\/p>\n<ul style=\"text-align: justify;\">\n<li>T\u00edtulo final de escuela secundaria con la correspondiente declaraci\u00f3n de valor expedida por la Representaci\u00f3n Consular Italiana competente por jurisdicci\u00f3n;<\/li>\n<\/ul>\n<ul style=\"text-align: justify;\">\n<li>Certificado anal\u00edtico.<\/li>\n<\/ul>\n<p style=\"text-align: justify;\">La inscripci\u00f3n de ciudadanos extranjeros a Universidades en Italia se realiza exclusivamente a trav\u00e9s del del portal: <a href=\"https:\/\/www.universitaly.it\/\">https:\/\/www.universitaly.it\/<\/a><\/p>\n<p style=\"text-align: justify;\"><strong>\u00a0<\/strong><\/p>\n<p style=\"text-align: justify;\"><strong>\u00a0<\/strong><\/p>\n<p style=\"text-align: justify;\"><strong>DOCUMENTACI\u00d3N NECESARIA PARA EL RECONOCIMIENTO EN ITALIA DE T\u00cdTULOS OBTENIDOS EN ARGENTINA (TOTAL O PARCIALMENTE):<\/strong><\/p>\n<p style=\"text-align: justify;\"><strong>Obligatorios:<\/strong><\/p>\n<ul style=\"text-align: justify;\">\n<li>T\u00edtulo final o parcial con la correspondiente declaraci\u00f3n de valor expedida por la Representaci\u00f3n Consular Italiana competente por jurisdicci\u00f3n<\/li>\n<li>Certificado anal\u00edtico<\/li>\n<\/ul>\n<p style=\"text-align: justify;\"><strong>Adicional:<\/strong><\/p>\n<ul style=\"text-align: justify;\">\n<li>Programas de estudio de la carrera por cada materia (sellados y numerados por la Universidad); no es necesaria legalizaci\u00f3n ni traducci\u00f3n.<\/li>\n<li>Declaraci\u00f3n\/Constancia expedida por la Universidad que certifique el efectivo desarrollo de los citados programas de estudio.<\/li>\n<\/ul>\n<p style=\"text-align: justify;\"><strong>La documentaci\u00f3n debe ser legalizada por el Ministerio de Educaci\u00f3n de la Rep\u00fablica Argentina, validada con la Apostilla de La Haya y traducida al idioma italiano.<\/strong><\/p>\n<p style=\"text-align: justify;\"><strong>NOTA:<\/strong><\/p>\n<p style=\"text-align: justify;\">Los t\u00edtulos de estudio de escuela secundaria argentinos no son reconocidos autom\u00e1ticamente en Italia. De todas formas, conforme a lo previsto en el\u00a0<strong>Acuerdo Cultural entre Italia y Argentina del 03\/12\/1997<\/strong>, son aptos para la admisi\u00f3n a las Universidades y a los Institutos de Educaci\u00f3n Superior italianos, siempre que est\u00e9n provistos de la correspondiente Declaraci\u00f3n de Valor.<\/p>\n<p style=\"text-align: justify;\">Los t\u00edtulos de estudio obtenidos en el exterior, una vez declarados equivalentes a los t\u00edtulos italianos (secundario, universitario, especializaci\u00f3n), tienen en Italia valor legal. Esto significa, por ejemplo, que la persona en poder de la ciudadan\u00eda italiana tiene derecho de participar en los concursos de la Administraci\u00f3n P\u00fablica italiana, si ha obtenido la equiparaci\u00f3n de su t\u00edtulo de estudio extranjero.<\/p>\n<p style=\"text-align: justify;\">La traducci\u00f3n de los t\u00edtulos de estudio y eventuales certificaciones pueden traducirse tambi\u00e9n en Italia. Para las inscripciones a las Universidades se deber\u00e1 atener a los requisitos de cada Ateneo.<\/p>\n<p style=\"text-align: justify;\">\n<p style=\"text-align: justify;\"><strong>DATOS \u00daTILES<\/strong><\/p>\n<p style=\"text-align: justify;\"><strong>T\u00edtulos de estudio obtenidos en Italia:<\/strong><\/p>\n<p style=\"text-align: justify;\">A las personas que hayan estudiado o hayan obtenido t\u00edtulos en Italia y deseen continuar sus estudios o solicitar su reconocimiento en Argentina, se les recomienda realizar en Italia el procedimiento inverso:<\/p>\n<ul style=\"text-align: justify;\">\n<li>Legalizar los boletines, las libretas, los diplomas, los t\u00edtulos, etc., ante las Autoridades Italianas competentes;<\/li>\n<li>Legalizar con Apostilla de La Haya ante la \u00abProcura della Repubblica\u00bb (Fiscal\u00eda) o la \u00abPrefettura\u00bb (Organismo de Gobierno Territorial de una Provincia) competente;<\/li>\n<li>Hacer traducir todo del italiano al castellano por un traductor;<\/li>\n<li>Solicitar al Consulado argentino competente por territorio la legalizaci\u00f3n de la traducci\u00f3n y la declaraci\u00f3n de valor de cada documento.<\/li>\n<\/ul>\n<p style=\"text-align: justify;\">\n<p style=\"text-align: justify;\"><strong>Informaci\u00f3n adicional:<\/strong><\/p>\n<p style=\"text-align: justify;\"><strong>Ministerio de Educaci\u00f3n de la Naci\u00f3n Argentina: <\/strong><a href=\"https:\/\/www.argentina.gob.ar\/educacion\">https:\/\/www.argentina.gob.ar\/educacion<\/a><\/p>\n<p style=\"text-align: justify;\"><strong>\u00a0<\/strong><\/p>\n<p style=\"text-align: justify;\"><strong>Becas de estudio:<\/strong><\/p>\n<p style=\"text-align: justify;\">Se puede consultar el siguiente sitio: <a href=\"https:\/\/studyinitaly.esteri.it\"><strong>https:\/\/studyinitaly.esteri.it<\/strong><\/a><\/p>\n<p style=\"text-align: justify;\"><strong>VISAS:<\/strong><\/p>\n<p style=\"text-align: justify;\">Los ciudadanos argentinos o extranjeros para poder permanecer en Italia por motivos de estudio deben necesariamente solicitar una VISA de tipo D para ingresar a Italia.<\/p>\n<p style=\"text-align: justify;\">Para mayor informaci\u00f3n, se puede consultar la secci\u00f3n correspondiente del sitio web del Ministerio de Asuntos Exteriores y de Cooperaci\u00f3n Internacional de Italia: <a href=\"http:\/\/www.vistoperitalia.it\">www.vistoperitalia.it<\/a><\/p>\n<p style=\"text-align: justify;\">\n<p style=\"text-align: justify;\"><strong>IMPORTANTE<\/strong><\/p>\n<p style=\"text-align: justify;\">A partir del 11 de enero de 2025, ser\u00e1 obligatoria la toma de huellas dactilares tambi\u00e9n para los visados de entrada tipo D.<\/p>\n<p style=\"text-align: justify;\">El Consulado General de Italia en C\u00f3rdoba no est\u00e1 habilitado para realizar dicha operaci\u00f3n.<\/p>\n<p style=\"text-align: justify;\">Las solicitudes de visas de entrada a Italia son tramitadas exclusivamente por el Consulado General de Italia en Buenos Aires. Por lo tanto, todos los solicitantes de visado de categor\u00eda D deber\u00e1n presentarse directamente en el Consulado General de Italia en Buenos Aires, previa reserva de turno a trav\u00e9s del portal: <a href=\"https:\/\/prenotami.esteri.it\/\">https:\/\/prenotami.esteri.it\/<\/a><\/p>\n<p style=\"text-align: justify;\">\n<p style=\"text-align: justify;\">Para m\u00e1s informaci\u00f3n, puede visitar la secci\u00f3n correspondiente del sitio web del Consulado General de Italia en Buenos Aires:<\/p>\n<p style=\"text-align: justify;\"><a href=\"https:\/\/consbuenosaires.esteri.it\/it\/servizi-consolari-e-visti\/servizi-per-il-cittadino-straniero\/visti\/\">https:\/\/consbuenosaires.esteri.it\/it\/servizi-consolari-e-visti\/servizi-per-il-cittadino-straniero\/visti\/<\/a><\/p>\n","protected":false},"excerpt":{"rendered":"DECLARACI\u00d3N DE VALOR La declaraci\u00f3n de valor es una certificaci\u00f3n expedida por las autoridades consulares italianas la cual tiene el \u00fanico objetivo de describir el valor adquirido con el T\u00edtulo de estudio en el Pa\u00eds de origen. Por lo tanto, la declaraci\u00f3n de valor no atribuye ning\u00fan reconocimiento al T\u00edtulo. De echo, el reconocimiento o [&hellip;]","protected":false},"author":3,"featured_media":0,"parent":202,"menu_order":2,"comment_status":"closed","ping_status":"closed","template":"","meta":{"footnotes":""},"class_list":["post-476","page","type-page","status-publish","hentry"],"_links":{"self":[{"href":"https:\/\/conscordoba.esteri.it\/es\/wp-json\/wp\/v2\/pages\/476","targetHints":{"allow":["GET"]}}],"collection":[{"href":"https:\/\/conscordoba.esteri.it\/es\/wp-json\/wp\/v2\/pages"}],"about":[{"href":"https:\/\/conscordoba.esteri.it\/es\/wp-json\/wp\/v2\/types\/page"}],"author":[{"embeddable":true,"href":"https:\/\/conscordoba.esteri.it\/es\/wp-json\/wp\/v2\/users\/3"}],"replies":[{"embeddable":true,"href":"https:\/\/conscordoba.esteri.it\/es\/wp-json\/wp\/v2\/comments?post=476"}],"version-history":[{"count":1,"href":"https:\/\/conscordoba.esteri.it\/es\/wp-json\/wp\/v2\/pages\/476\/revisions"}],"predecessor-version":[{"id":6157,"href":"https:\/\/conscordoba.esteri.it\/es\/wp-json\/wp\/v2\/pages\/476\/revisions\/6157"}],"up":[{"embeddable":true,"href":"https:\/\/conscordoba.esteri.it\/es\/wp-json\/wp\/v2\/pages\/202"}],"wp:attachment":[{"href":"https:\/\/conscordoba.esteri.it\/es\/wp-json\/wp\/v2\/media?parent=476"}],"curies":[{"name":"wp","href":"https:\/\/api.w.org\/{rel}","templated":true}]}}