{"id":487,"date":"2023-05-31T15:35:09","date_gmt":"2023-05-31T13:35:09","guid":{"rendered":"https:\/\/conscordoba.esteri.it\/?page_id=487"},"modified":"2026-01-06T16:22:36","modified_gmt":"2026-01-06T15:22:36","slug":"tarifas-consulares","status":"publish","type":"page","link":"https:\/\/conscordoba.esteri.it\/es\/servizi-consolari-e-visti\/servizi-per-il-cittadino-italiano\/tarifas-consulares\/","title":{"rendered":"Tarifas consulares"},"content":{"rendered":"<ul>\n<li><strong>Tarifas de los servicios consulares en vigencia a partir del 1 de enero de 2026 <\/strong>&#8211;<strong> <a href=\"https:\/\/conscordoba.esteri.it\/wp-content\/uploads\/2026\/01\/Nuove-tariffe-Tabella-WEB-diritti-consolari-I-Trim-2026.pdf\">Clic aqu\u00ed<\/a><\/strong>.<\/li>\n<\/ul>\n<p>Se recuerda que el pago deber\u00e1 realizarse en Pesos argentinos, por el importe equivalente a la tasa consular vigente a la fecha del turno.<\/p>\n<h5><\/h5>\n<h5 style=\"text-align: left;\"><strong><span style=\"text-decoration: underline;\">Modalidad de pago de los servicios consulares<\/span><\/strong><\/h5>\n<div class=\"sr-only\" style=\"text-align: justify;\">A partir del 10 de enero de 2022,\u00a0 el Consulado general acepta el siguiente medio de pago de los servicios consulares a disposici\u00f3n de los usuarios:<\/div>\n<div>\n<p style=\"text-align: justify;\"><strong>Transferencia bancaria<\/strong>\u00a0a la cuenta corriente del Consulado general (disponible para los servicios de\u00a0<strong>emisi\u00f3n\/renovaci\u00f3n del pasaporte<\/strong>,\u00a0<strong>reconocimiento de ciudadan\u00eda, etc.<\/strong>).<\/p>\n<p style=\"text-align: justify;\"><span lang=\"es-AR\">Las instrucciones para realizar<\/span><span lang=\"es-AR\"> dicha transferencia, les ser\u00e1n comunicadas a los interesados por las Oficinas a trav\u00e9s de una comunicaci\u00f3n\u00a0 e-mail.<\/span><\/p>\n<\/div>\n<div>\n<p style=\"text-align: justify;\"><strong>Para dudas y consultas:<\/strong><\/p>\n<ul>\n<li style=\"text-align: justify;\"><em><a href=\"mailto:contabile.cordoba@esteri.it\">contabile.cordoba@esteri.it<\/a><\/em><\/li>\n<li style=\"text-align: justify;\"><a href=\"mailto:passaporti.cordoba@esteri.it\"><em>passaporti.cordoba@esteri.it<\/em><\/a><\/li>\n<\/ul>\n<\/div>\n","protected":false},"excerpt":{"rendered":"Tarifas de los servicios consulares en vigencia a partir del 1 de enero de 2026 &#8211; Clic aqu\u00ed. Se recuerda que el pago deber\u00e1 realizarse en Pesos argentinos, por el importe equivalente a la tasa consular vigente a la fecha del turno. Modalidad de pago de los servicios consulares A partir del 10 de enero [&hellip;]","protected":false},"author":3,"featured_media":0,"parent":178,"menu_order":0,"comment_status":"closed","ping_status":"closed","template":"","meta":{"footnotes":""},"class_list":["post-487","page","type-page","status-publish","hentry"],"_links":{"self":[{"href":"https:\/\/conscordoba.esteri.it\/es\/wp-json\/wp\/v2\/pages\/487","targetHints":{"allow":["GET"]}}],"collection":[{"href":"https:\/\/conscordoba.esteri.it\/es\/wp-json\/wp\/v2\/pages"}],"about":[{"href":"https:\/\/conscordoba.esteri.it\/es\/wp-json\/wp\/v2\/types\/page"}],"author":[{"embeddable":true,"href":"https:\/\/conscordoba.esteri.it\/es\/wp-json\/wp\/v2\/users\/3"}],"replies":[{"embeddable":true,"href":"https:\/\/conscordoba.esteri.it\/es\/wp-json\/wp\/v2\/comments?post=487"}],"version-history":[{"count":7,"href":"https:\/\/conscordoba.esteri.it\/es\/wp-json\/wp\/v2\/pages\/487\/revisions"}],"predecessor-version":[{"id":6964,"href":"https:\/\/conscordoba.esteri.it\/es\/wp-json\/wp\/v2\/pages\/487\/revisions\/6964"}],"up":[{"embeddable":true,"href":"https:\/\/conscordoba.esteri.it\/es\/wp-json\/wp\/v2\/pages\/178"}],"wp:attachment":[{"href":"https:\/\/conscordoba.esteri.it\/es\/wp-json\/wp\/v2\/media?parent=487"}],"curies":[{"name":"wp","href":"https:\/\/api.w.org\/{rel}","templated":true}]}}