{"id":6059,"date":"2025-07-02T15:30:46","date_gmt":"2025-07-02T13:30:46","guid":{"rendered":"https:\/\/conscordoba.esteri.it\/?page_id=6059"},"modified":"2025-07-04T19:38:51","modified_gmt":"2025-07-04T17:38:51","slug":"reconocimiento-de-la-ciudadania-italiana-en-base-a-leyes-especiales","status":"publish","type":"page","link":"https:\/\/conscordoba.esteri.it\/es\/servizi-consolari-e-visti\/servizi-per-il-cittadino-straniero\/cittadinanza\/reconocimiento-de-la-ciudadania-italiana-en-base-a-leyes-especiales\/","title":{"rendered":"Reconocimiento de la ciudadan\u00eda italiana en base a leyes especiales"},"content":{"rendered":"<p>La Ley n. 379 del 14 de diciembre de 2000, prev\u00e9 el reconocimiento de la ciudadan\u00eda italiana a favor de las personas nacidas y residentes en los territorios del antiguo Imperio Austroh\u00fangaro y de sus descendientes que cumplan con los requisitos necesarios.<\/p>\n<p>El plazo para valerse de la Ley 379\/2000 venci\u00f3 el 19 de diciembre de 2010.<\/p>\n<p>La Ley n. 124 del 8 de marzo de 2006, prev\u00e9 el reconocimiento de la ciudadan\u00eda italiana a favor de los connacionales que la perdieron por haber residido entre 1940 y 1947 en Istria, Fiume y Dalmacia.<\/p>\n<p>El reconocimiento de la ciudadan\u00eda italiana en base a leyes especiales constituye una adquisici\u00f3n por beneficio de ley: por lo tanto, no es posible que el progenitor ciudadano haga la declaraci\u00f3n de voluntad de adquisici\u00f3n de la ciudadan\u00eda a favor del hijo menor, como prev\u00e9 el art\u00edculo 4, apartado 1-bis, de la Ley n. 91\/1992, ya que el progenitor reconocido no es ciudadano italiano por nacimiento.<\/p>\n<p>&nbsp;<\/p>\n","protected":false},"excerpt":{"rendered":"La Ley n. 379 del 14 de diciembre de 2000, prev\u00e9 el reconocimiento de la ciudadan\u00eda italiana a favor de las personas nacidas y residentes en los territorios del antiguo Imperio Austroh\u00fangaro y de sus descendientes que cumplan con los requisitos necesarios. El plazo para valerse de la Ley 379\/2000 venci\u00f3 el 19 de diciembre [&hellip;]","protected":false},"author":6,"featured_media":0,"parent":213,"menu_order":3,"comment_status":"closed","ping_status":"closed","template":"","meta":{"footnotes":""},"class_list":["post-6059","page","type-page","status-publish","hentry"],"_links":{"self":[{"href":"https:\/\/conscordoba.esteri.it\/es\/wp-json\/wp\/v2\/pages\/6059","targetHints":{"allow":["GET"]}}],"collection":[{"href":"https:\/\/conscordoba.esteri.it\/es\/wp-json\/wp\/v2\/pages"}],"about":[{"href":"https:\/\/conscordoba.esteri.it\/es\/wp-json\/wp\/v2\/types\/page"}],"author":[{"embeddable":true,"href":"https:\/\/conscordoba.esteri.it\/es\/wp-json\/wp\/v2\/users\/6"}],"replies":[{"embeddable":true,"href":"https:\/\/conscordoba.esteri.it\/es\/wp-json\/wp\/v2\/comments?post=6059"}],"version-history":[{"count":3,"href":"https:\/\/conscordoba.esteri.it\/es\/wp-json\/wp\/v2\/pages\/6059\/revisions"}],"predecessor-version":[{"id":6188,"href":"https:\/\/conscordoba.esteri.it\/es\/wp-json\/wp\/v2\/pages\/6059\/revisions\/6188"}],"up":[{"embeddable":true,"href":"https:\/\/conscordoba.esteri.it\/es\/wp-json\/wp\/v2\/pages\/213"}],"wp:attachment":[{"href":"https:\/\/conscordoba.esteri.it\/es\/wp-json\/wp\/v2\/media?parent=6059"}],"curies":[{"name":"wp","href":"https:\/\/api.w.org\/{rel}","templated":true}]}}