{"id":7039,"date":"2026-01-15T19:07:38","date_gmt":"2026-01-15T18:07:38","guid":{"rendered":"https:\/\/conscordoba.esteri.it\/?page_id=7039"},"modified":"2026-03-02T19:22:44","modified_gmt":"2026-03-02T18:22:44","slug":"referendum-constitucional-confirmatorio-22-y-23-de-marzo-de-2026","status":"publish","type":"page","link":"https:\/\/conscordoba.esteri.it\/es\/servizi-consolari-e-visti\/servizi-per-il-cittadino-italiano\/servizi-elettorali\/referendum\/referendum-constitucional-confirmatorio-22-y-23-de-marzo-de-2026\/","title":{"rendered":"Refer\u00e9ndum Constitucional Confirmatorio \u2013 22 y 23 de marzo de 2026"},"content":{"rendered":"<header class=\"entry-header\">\n<h1 class=\"entry-title h3\"><strong style=\"font-size: 16px;\">Todas las informaciones, comunicados, formularios y calendario ser\u00e1n publicados en esta secci\u00f3n.<\/strong><\/h1>\n<\/header>\n<div class=\"entry-content\">\n<p>Se solicita enviar las solicitudes referidas a las elecciones \u00fanicamente a la casilla de mail: <a href=\"mailto:consgencordoba.elett@esteri.it\">consgencordoba.elett@esteri.it<\/a><\/p>\n<ul>\n<li><strong>14\/01\/2026 \u2013 <\/strong><a href=\"https:\/\/conscordoba.esteri.it\/es\/news\/dal_consolato\/2026\/01\/referendum-constitucional-confirmatorio-22-y-23-de-marzo-de-2026\/\">Comunicado de establecimiento de fechas para el referendum y opci\u00f3n de voto en Italia para los inscriptos en el A.I.R.E<\/a><\/li>\n<li><strong>19\/01\/2026 \u2013<\/strong> <a href=\"https:\/\/conscordoba.esteri.it\/wp-content\/uploads\/2026\/01\/Brochure-informativa-Referendum-2026.-SPA.pdf\">Toda la informaci\u00f3n sobre el Referendum<\/a><\/li>\n<li><strong>26\/01\/2026 \u2013<\/strong> <a href=\"https:\/\/conscordoba.esteri.it\/es\/news\/dal_consolato\/2026\/01\/referendum-confirmatorio-22-23-de-marzo-de-2026-opcion-de-los-electores-transitoriamente-en-el-exterior\/\">Refer\u00e9ndum Confirmatorio 22-23 de marzo de 2026 \u2013 Opci\u00f3n de los electores transitoriamente en el exterior<\/a><\/li>\n<li><strong>27\/02\/2026 \u2013 <\/strong><a href=\"https:\/\/conscordoba.esteri.it\/wp-content\/uploads\/2026\/02\/foglio-informativo-2.pdf\">Publicaci\u00f3n de la \u00abHoja de informaci\u00f3n \u2013 Instrucciones para los Electores\u00bb<\/a><\/li>\n<li><strong>27\/02\/2026 \u2013 <\/strong><a href=\"https:\/\/conscordoba.esteri.it\/wp-content\/uploads\/2026\/02\/foglio-illustrativo-1.pdf\">Publicaci\u00f3n de la \u00abHoja de ilustraci\u00f3n \u2013 Como se vota \u2013 Instrucciones de como devolver las boletas votadas\u00bb<\/a><\/li>\n<li><strong>02\/03\/2026<\/strong>\u00a0 &#8211;\u00a0 <a href=\"https:\/\/conscordoba.esteri.it\/es\/news\/dal_consolato\/2026\/03\/referendum-constitucional-22-y-23-marzo-de-2026-emision-de-duplicados\/\">\u00a0Comunicado emisi\u00f3n de duplicados<\/a><\/li>\n<\/ul>\n<p>&nbsp;<\/p>\n<\/div>\n","protected":false},"excerpt":{"rendered":"Todas las informaciones, comunicados, formularios y calendario ser\u00e1n publicados en esta secci\u00f3n. Se solicita enviar las solicitudes referidas a las elecciones \u00fanicamente a la casilla de mail: consgencordoba.elett@esteri.it 14\/01\/2026 \u2013 Comunicado de establecimiento de fechas para el referendum y opci\u00f3n de voto en Italia para los inscriptos en el A.I.R.E 19\/01\/2026 \u2013 Toda la informaci\u00f3n [&hellip;]","protected":false},"author":5,"featured_media":0,"parent":430,"menu_order":0,"comment_status":"closed","ping_status":"closed","template":"","meta":{"footnotes":""},"class_list":["post-7039","page","type-page","status-publish","hentry"],"_links":{"self":[{"href":"https:\/\/conscordoba.esteri.it\/es\/wp-json\/wp\/v2\/pages\/7039","targetHints":{"allow":["GET"]}}],"collection":[{"href":"https:\/\/conscordoba.esteri.it\/es\/wp-json\/wp\/v2\/pages"}],"about":[{"href":"https:\/\/conscordoba.esteri.it\/es\/wp-json\/wp\/v2\/types\/page"}],"author":[{"embeddable":true,"href":"https:\/\/conscordoba.esteri.it\/es\/wp-json\/wp\/v2\/users\/5"}],"replies":[{"embeddable":true,"href":"https:\/\/conscordoba.esteri.it\/es\/wp-json\/wp\/v2\/comments?post=7039"}],"version-history":[{"count":6,"href":"https:\/\/conscordoba.esteri.it\/es\/wp-json\/wp\/v2\/pages\/7039\/revisions"}],"predecessor-version":[{"id":7208,"href":"https:\/\/conscordoba.esteri.it\/es\/wp-json\/wp\/v2\/pages\/7039\/revisions\/7208"}],"up":[{"embeddable":true,"href":"https:\/\/conscordoba.esteri.it\/es\/wp-json\/wp\/v2\/pages\/430"}],"wp:attachment":[{"href":"https:\/\/conscordoba.esteri.it\/es\/wp-json\/wp\/v2\/media?parent=7039"}],"curies":[{"name":"wp","href":"https:\/\/api.w.org\/{rel}","templated":true}]}}