{"id":35,"date":"2023-04-03T19:15:30","date_gmt":"2023-04-03T17:15:30","guid":{"rendered":"https:\/\/consolatozurigo.esteri.it\/?page_id=35"},"modified":"2025-04-10T17:06:50","modified_gmt":"2025-04-10T15:06:50","slug":"la-sede","status":"publish","type":"page","link":"https:\/\/conscordoba.esteri.it\/it\/chi-siamo\/la-sede\/","title":{"rendered":"La Sede"},"content":{"rendered":"<h1><strong>Consolato Generale d&#8217;Italia a Cordoba<\/strong><\/h1>\n<ul>\n<li>Av. V\u00e9lez S\u00e1rsfield 360 &#8211; 5000 Cordoba (Argentina).<\/li>\n<\/ul>\n<h2><\/h2>\n<h2><\/h2>\n<h2>Calendario delle festivit\u00e0<\/h2>\n<article id=\"articolo_centro\" class=\"col-md-15 col-sm-15 padding_articolo item-page\" role=\"main\" aria-label=\"articolo\">\n<div>\n<p class=\"x_MsoNormal\"><span lang=\"IT\">Si elencano di seguito le\u00a0<b><u>FESTIVIT\u00c0 del 2025,<\/u><\/b>\u00a0nelle quali il Consolato generale<i>\u00a0<u>rimarr\u00e0 chiuso<\/u><\/i>:<\/span><\/p>\n<ul>\n<li class=\"x_MsoNormal\"><span lang=\"IT\">1 gennaio\u00a0 \u00a0 \u00a0 \u00a0 \u00a0 \u00a0Capodanno<\/span><\/li>\n<li class=\"x_MsoNormal\"><span lang=\"IT\">18 aprile\u00a0 \u00a0 \u00a0 \u00a0 \u00a0 \u00a0 \u00a0Venerd\u00ec Santo<\/span><\/li>\n<li class=\"x_MsoNormal\"><span lang=\"IT\">21 aprile\u00a0 \u00a0 \u00a0 \u00a0 \u00a0 \u00a0 \u00a0Luned\u00ec dell&#8217;Angelo<\/span><\/li>\n<li class=\"x_MsoNormal\"><span lang=\"IT\">25 aprile\u00a0 \u00a0 \u00a0 \u00a0 \u00a0 \u00a0 \u00a0Festa della Liberazione<\/span><\/li>\n<li class=\"x_MsoNormal\"><span lang=\"IT\">1 maggio\u00a0 \u00a0 \u00a0 \u00a0 \u00a0 \u00a0 \u00a0Festa del lavoro<\/span><\/li>\n<li class=\"x_MsoNormal\"><span lang=\"IT\">25 maggio\u00a0 \u00a0 \u00a0 \u00a0 \u00a0 Proclama della Libert\u00e0<\/span><\/li>\n<li class=\"x_MsoNormal\"><span lang=\"IT\">2 giugno\u00a0 \u00a0 \u00a0 \u00a0 \u00a0 \u00a0 \u00a0Festa della Repubblica\u00a0<\/span><\/li>\n<li class=\"x_MsoNormal\"><span lang=\"IT\">9 luglio\u00a0 \u00a0 \u00a0 \u00a0 \u00a0 \u00a0 \u00a0 \u00a0Dichiarazione di Indipendenza<\/span><\/li>\n<li class=\"x_MsoNormal\"><span lang=\"IT\">12 ottobre\u00a0 \u00a0 \u00a0 \u00a0 \u00a0 Giorno del Rispetto della Diversit\u00e0<\/span><\/li>\n<li class=\"x_MsoNormal\"><span lang=\"IT\">25 dicembre\u00a0 \u00a0 \u00a0 Natale<\/span><\/li>\n<li class=\"x_MsoNormal\"><span lang=\"IT\">26 dicembre\u00a0 \u00a0 \u00a0 Santo Stefano<\/span><\/li>\n<\/ul>\n<\/div>\n<div class=\"row\">\n<div class=\"col-md-24 col-sm-24 col-xs-24\">\n<p class=\"dettagli_articolo_cont\">\n<\/div>\n<\/div>\n<\/article>\n","protected":false},"excerpt":{"rendered":"Consolato Generale d&#8217;Italia a Cordoba Av. V\u00e9lez S\u00e1rsfield 360 &#8211; 5000 Cordoba (Argentina). Calendario delle festivit\u00e0 Si elencano di seguito le\u00a0FESTIVIT\u00c0 del 2025,\u00a0nelle quali il Consolato generale\u00a0rimarr\u00e0 chiuso: 1 gennaio\u00a0 \u00a0 \u00a0 \u00a0 \u00a0 \u00a0Capodanno 18 aprile\u00a0 \u00a0 \u00a0 \u00a0 \u00a0 \u00a0 \u00a0Venerd\u00ec Santo 21 aprile\u00a0 \u00a0 \u00a0 \u00a0 \u00a0 \u00a0 \u00a0Luned\u00ec dell&#8217;Angelo 25 aprile\u00a0 [&hellip;]","protected":false},"author":1,"featured_media":0,"parent":13,"menu_order":2,"comment_status":"closed","ping_status":"closed","template":"","meta":{"footnotes":""},"class_list":["post-35","page","type-page","status-publish","hentry"],"_links":{"self":[{"href":"https:\/\/conscordoba.esteri.it\/it\/wp-json\/wp\/v2\/pages\/35","targetHints":{"allow":["GET"]}}],"collection":[{"href":"https:\/\/conscordoba.esteri.it\/it\/wp-json\/wp\/v2\/pages"}],"about":[{"href":"https:\/\/conscordoba.esteri.it\/it\/wp-json\/wp\/v2\/types\/page"}],"author":[{"embeddable":true,"href":"https:\/\/conscordoba.esteri.it\/it\/wp-json\/wp\/v2\/users\/1"}],"replies":[{"embeddable":true,"href":"https:\/\/conscordoba.esteri.it\/it\/wp-json\/wp\/v2\/comments?post=35"}],"version-history":[{"count":7,"href":"https:\/\/conscordoba.esteri.it\/it\/wp-json\/wp\/v2\/pages\/35\/revisions"}],"predecessor-version":[{"id":5694,"href":"https:\/\/conscordoba.esteri.it\/it\/wp-json\/wp\/v2\/pages\/35\/revisions\/5694"}],"up":[{"embeddable":true,"href":"https:\/\/conscordoba.esteri.it\/it\/wp-json\/wp\/v2\/pages\/13"}],"wp:attachment":[{"href":"https:\/\/conscordoba.esteri.it\/it\/wp-json\/wp\/v2\/media?parent=35"}],"curies":[{"name":"wp","href":"https:\/\/api.w.org\/{rel}","templated":true}]}}