{"id":39,"date":"2023-04-03T19:16:29","date_gmt":"2023-04-03T17:16:29","guid":{"rendered":"https:\/\/consolatozurigo.esteri.it\/?page_id=39"},"modified":"2024-09-23T14:38:26","modified_gmt":"2024-09-23T12:38:26","slug":"la-rete-consolare","status":"publish","type":"page","link":"https:\/\/conscordoba.esteri.it\/it\/chi-siamo\/la-rete-consolare\/","title":{"rendered":"La Rete Consolare"},"content":{"rendered":"<p><strong>Uffici consolari onorari dipendenti:<\/strong><\/p>\n<p><strong>Vice consolato onorario Jujuy<\/strong><br \/>\nVice Console onorario: Adriana Bertini<br \/>\nErnesto S\u00e1bato 872 (ex Guido Spano) &#8211; 4600 Los Perales, San Salvador de Jujuy<br \/>\nTel\/Fax: 0388-4261898<br \/>\n<a href=\"mailto:jujuy.onorario@esteri.it\">jujuy.onorario@esteri.it<\/a><\/p>\n<p><strong>Vice consolato onorario Catamarca<\/strong><\/p>\n<p>Vice console onorario: Pablo Vargiu<br \/>\nMariano Moreno 554 &#8211; 4700 San Fernando del Valle de Catamarca<br \/>\nCel: 0383-4622067\/545826 Tel: 0383-4453710<br \/>\n<a href=\"mailto:vcicatamarca@hotmail.com\">catamarca.onorario@esteri.it<\/a><br \/>\nRicezione del pubblico: Gioved\u00ec dalle ore 09,00 alle 13,00.<\/p>\n<p><a href=\"https:\/\/conscordoba.esteri.it\/wp-content\/uploads\/2023\/08\/catamarca_2-2.pdf\">Decreto di limitazione delle funzioni<\/a><\/p>\n<p><strong>Vice consolato onorario Santiago del Estero<\/strong><\/p>\n<p>Vice console onorario: Luis H\u00e9ctor Bellomo<br \/>\n24 DE SEPTIEMBRE 408 5TO PISO EDIFICIO YOCCA &#8211; 4200 &#8211; SANTIAGO DEL ESTERO<br \/>\nTel\/Fax.: 0385-6998759<br \/>\n<a href=\"mailto:lhbellomo@hotmail.com\">santiagodelestero.onorario@esteri.it<\/a><br \/>\nRicezione del pubblico: da luned\u00ec a gioved\u00ec dalle ore 19 alle ore 21,30.<\/p>\n<p><a href=\"https:\/\/conscordoba.esteri.it\/wp-content\/uploads\/2023\/08\/santiago_2-1.pdf\">Decreto di limitazione delle funzioni<\/a><\/p>\n<p><strong>Agenzia Consolare Onoraria R\u00edo Cuarto<\/strong><\/p>\n<p>Agente Consolare Onorario: Alberto Gustavo Bartoccioni<br \/>\nCalle Colon 243 &#8211; X5800DKE Rio Cuarto<br \/>\n<a href=\"mailto:aconsular.riocuarto@gmail.com\">aconsular.riocuarto@gmail.com<\/a><\/p>\n<p><strong>Agenzia Consolare Onoraria San Francisco<\/strong><\/p>\n<p>Agente Consolare Onorario: Fernando Neldo Lorenzatto<br \/>\nAv. del Libertador 99 &#8211; 2400 San Francisco<br \/>\nTel: 03564 443200<br \/>\n<a href=\"mailto:sanfrancisco.onorario@esteri.it\">sanfrancisco.onorario@esteri.it<\/a><\/p>\n<p><strong>Agenzia consolare onoraria Villa Maria<\/strong><\/p>\n<p>Agente consolare onorario: Mat\u00edas Ezequiel Bossa Bonardo<\/p>\n<p>Salta 1481 &#8211; 5900 &#8211; Villa Mar\u00eda<br \/>\nTel.: 0353-4537306<br \/>\n<a href=\"mailto:agenteconsolare.villamaria@gmail.com\">villamaria.onorario@esteri.it<\/a><\/p>\n<p>Ricezione pubblico: Marted\u00ec dalle ore 9 alle 12 e dalle ore 16 alle 19.<\/p>\n<p><a href=\"https:\/\/conscordoba.esteri.it\/wp-content\/uploads\/2023\/08\/villa_maria_2-1.pdf\">Decreto di limitazione delle funzioni<\/a><\/p>\n<p><strong>Corrispondenti consolari:<\/strong><\/p>\n<p><strong>Salta<\/strong><\/p>\n<p>Daniel Zozzoli<\/p>\n<p>Santiago Del Estero 497 \u2013 SALTA (Capital)<br \/>\nTel\u00e9fono : 0387-471 0707<br \/>\n<a href=\"mailto:vice.consolato.salta@gmail.com\">vice.consolato.salta@gmail.com<\/a><br \/>\nRicezione del pubblico: Mercoled\u00ec, gioved\u00ec e venerd\u00ec dalle ore 9:00 alle ore 11:30.<\/p>\n<p><strong>Tucum\u00e1n<\/strong><\/p>\n<p>Sergio Ricciuti<br \/>\nLas Piedras 419 \u2013 PB \u2013 4000 San Miguel de Tucum\u00e1n<br \/>\nTel. 381-4226072<br \/>\n<a href=\"mailto:viceconsuladodeitaliatuc@outlook.com\">viceconsuladodeitaliatuc@outlook.com<\/a><\/p>\n<p><strong>La Rioja<\/strong><\/p>\n<p>Remo Augusto Bolognesi<br \/>\nAvenida Presidente Peron 739 &#8211; F5300DSF La Rioja<br \/>\nTel\/Fax: 0380-4425416<br \/>\n<a href=\"mailto:dr.remoabolognesi@hotmail.com\">dr.remoabolognesi@hotmail.com<\/a><\/p>\n<p><strong>Bell Ville<\/strong><\/p>\n<p>Ruben Hector Cassol<br \/>\nVieytes 6 &#8211; X2550DCB Bell Ville<br \/>\nTel: 03537-15692734<br \/>\n<a href=\"mailto:cassolruben@arnet.com.ar\">rubencassol@gmail.com<\/a><\/p>\n<p><strong>Colonia Caroya<\/strong><\/p>\n<p>Lucia Rossi<br \/>\nMuseo Casa Copetti &#8211; Calle 60 n. 590<br \/>\nAv. San Mart\u00edn 2842 \u2014 5223 Colonia Caroya<br \/>\nTel: 03525-465555<br \/>\n<a href=\"mailto:corrispondenteitaliacaroya@gmail.com\">corrispondenteitaliacaroya@gmail.com<\/a><\/p>\n<p><a href=\"mailto:corrispondenteitalia@hotmail.com\">corrispondenteitalia@hotmail.com<\/a><\/p>\n<article id=\"articolo_centro\" class=\"col-md-15 col-sm-15 padding_articolo item-page\" role=\"main\" aria-label=\"articolo\">\u00a0<\/article>\n<p><strong>\u00a0<\/strong><\/p>\n","protected":false},"excerpt":{"rendered":"Uffici consolari onorari dipendenti: Vice consolato onorario Jujuy Vice Console onorario: Adriana Bertini Ernesto S\u00e1bato 872 (ex Guido Spano) &#8211; 4600 Los Perales, San Salvador de Jujuy Tel\/Fax: 0388-4261898 jujuy.onorario@esteri.it Vice consolato onorario Catamarca Vice console onorario: Pablo Vargiu Mariano Moreno 554 &#8211; 4700 San Fernando del Valle de Catamarca Cel: 0383-4622067\/545826 Tel: 0383-4453710 catamarca.onorario@esteri.it [&hellip;]","protected":false},"author":1,"featured_media":0,"parent":13,"menu_order":12,"comment_status":"closed","ping_status":"closed","template":"","meta":{"footnotes":""},"class_list":["post-39","page","type-page","status-publish","hentry"],"_links":{"self":[{"href":"https:\/\/conscordoba.esteri.it\/it\/wp-json\/wp\/v2\/pages\/39","targetHints":{"allow":["GET"]}}],"collection":[{"href":"https:\/\/conscordoba.esteri.it\/it\/wp-json\/wp\/v2\/pages"}],"about":[{"href":"https:\/\/conscordoba.esteri.it\/it\/wp-json\/wp\/v2\/types\/page"}],"author":[{"embeddable":true,"href":"https:\/\/conscordoba.esteri.it\/it\/wp-json\/wp\/v2\/users\/1"}],"replies":[{"embeddable":true,"href":"https:\/\/conscordoba.esteri.it\/it\/wp-json\/wp\/v2\/comments?post=39"}],"version-history":[{"count":7,"href":"https:\/\/conscordoba.esteri.it\/it\/wp-json\/wp\/v2\/pages\/39\/revisions"}],"predecessor-version":[{"id":4288,"href":"https:\/\/conscordoba.esteri.it\/it\/wp-json\/wp\/v2\/pages\/39\/revisions\/4288"}],"up":[{"embeddable":true,"href":"https:\/\/conscordoba.esteri.it\/it\/wp-json\/wp\/v2\/pages\/13"}],"wp:attachment":[{"href":"https:\/\/conscordoba.esteri.it\/it\/wp-json\/wp\/v2\/media?parent=39"}],"curies":[{"name":"wp","href":"https:\/\/api.w.org\/{rel}","templated":true}]}}