{"id":397,"date":"2023-05-30T13:53:13","date_gmt":"2023-05-30T11:53:13","guid":{"rendered":"https:\/\/conscordoba.esteri.it\/?page_id=397"},"modified":"2023-08-08T13:16:44","modified_gmt":"2023-08-08T11:16:44","slug":"assistenza-economica-e-sanitaria","status":"publish","type":"page","link":"https:\/\/conscordoba.esteri.it\/it\/servizi-consolari-e-visti\/servizi-per-il-cittadino-italiano\/assistenza-ai-cittadini-allestero\/assistenza-economica-e-sanitaria\/","title":{"rendered":"Assistenza economica e sanitaria"},"content":{"rendered":"<p><strong>ASSISTENZA ECONOMICA E SANITARIA<\/strong><\/p>\n<p>Il Consolato Generale, attraverso il proprio Ufficio Assistenza, pu\u00f2 erogare prestazioni assistenziali a favore dei cittadini italiani nati in Italia, iscritti all&#8217;Anagrafe consolare, che versano in stato di indigenza. Si considera indigente una persona che non pu\u00f2 provvedere &#8211; per motivi di reddito, di et\u00e0, di situazione di famiglia o di salute &#8211; alle spese necessarie al proprio sostentamento e\/o dei familiari a proprio carico.<\/p>\n<p>Le categorie considerate prioritarie per la concessione dell&#8217;assistenza sono:<\/p>\n<ul>\n<li>cittadini italiani ultrasettantenni o comunque inabili al lavoro;<\/li>\n<li>cittadini italiani privi di reddito o titolari unicamente della pensione minima argentina;<\/li>\n<li>cittadini italiani non titolari di propriet\u00e0 immobiliari o la cui abitazione si trovi in condizioni precarie;<\/li>\n<li>cittadini italiani privi di assistenza sanitaria o che soffrano di patologie che richiedono cure prolungate;<\/li>\n<li>cittadini italiani che non abbiano familiari in grado di provvedere al loro sostentamento;<\/li>\n<li>cittadini italiani con familiari disabili a proprio carico.<\/li>\n<\/ul>\n<p>L&#8217;assistenza consolare pu\u00f2 essere erogata attraverso la concessione di sussidi in denaro o di prestazioni mediche e farmaceutiche.<\/p>\n<p><strong>Sussidi<\/strong><\/p>\n<p>Si tratta di somme di denaro erogate dal Consolato Generale per far fronte alle pi\u00f9 impellenti necessit\u00e0 di ordine materiale dei connazionali pi\u00f9 bisognosi. I sussidi (che possono essere ordinari o straordinari, a seconda dell&#8217;importo) sono corrisposti in base alle disponibilit\u00e0 di bilancio e non possono rappresentare in alcun modo una prestazione a carattere continuativo, obbligatorio o di natura pensionistica.<\/p>\n<p><strong>Assistenza medica e farmaceutica<\/strong><\/p>\n<p>Attraverso alcune Convenzioni stipulate dal Consolato Generale con l&#8217;Ospedale Italiano e con altre strutture sanitarie i cittadini italiani indigenti possono usufruire di cure ambulatoriali, ricoveri ospedalieri, forniture di medicinali e cure odontoiatriche.<\/p>\n<p>Si informa che \u00e8 disponibile,\u00a0 per la consultazione degli interessati, attraverso il link indicato (<a href=\"http:\/\/www.pami.org.ar\/\" target=\"_parent\" rel=\"noopener\">www.pami.org.ar<\/a>). i vari servizi e benefici che offre il P.A.M.I. ai suoi assistiti.<\/p>\n<p><strong>Domande di assistenza<\/strong><\/p>\n<p>Il cittadino italiano iscritto all&#8217;Anagrafe consolare in possesso dei\u00a0requisiti richiesti pu\u00f2 indirizzare una domanda motivata di assistenza al Consolato Generale. La domanda dovr\u00e0 essere corredata da:<\/p>\n<ul>\n<li>fotocopia del Documento Nazionale d&#8217;Identit\u00e0 (D.N.I.) in corso di validit\u00e0 (rilasciato da meno di dieci anni);<\/li>\n<li>eventuale ricevuta della pensione;<\/li>\n<li>eventuale documentazione sanitaria;<\/li>\n<li>ricevute di pagamento dei servizi domestici (luce, gas, acqua, telefono);<\/li>\n<li>ricevute di pagamento delle tasse municipali e provinciali.<\/li>\n<\/ul>\n<p>Il Consolato Generale, che invier\u00e0 al domicilio dell&#8217;interessato un assistente sociale il quale valuter\u00e0 attentamente quanto da lui dichiarato, si riserva di accogliere o meno la richiesta.<\/p>\n<p>Per maggiori informazioni\u00a0prendere contatto con l&#8217;<strong>Ufficio Assistenza<\/strong>\u00a0del Consolato Generale.<\/p>\n","protected":false},"excerpt":{"rendered":"ASSISTENZA ECONOMICA E SANITARIA Il Consolato Generale, attraverso il proprio Ufficio Assistenza, pu\u00f2 erogare prestazioni assistenziali a favore dei cittadini italiani nati in Italia, iscritti all&#8217;Anagrafe consolare, che versano in stato di indigenza. Si considera indigente una persona che non pu\u00f2 provvedere &#8211; per motivi di reddito, di et\u00e0, di situazione di famiglia o di [&hellip;]","protected":false},"author":3,"featured_media":0,"parent":87,"menu_order":2,"comment_status":"closed","ping_status":"closed","template":"","meta":{"footnotes":""},"class_list":["post-397","page","type-page","status-publish","hentry"],"_links":{"self":[{"href":"https:\/\/conscordoba.esteri.it\/it\/wp-json\/wp\/v2\/pages\/397","targetHints":{"allow":["GET"]}}],"collection":[{"href":"https:\/\/conscordoba.esteri.it\/it\/wp-json\/wp\/v2\/pages"}],"about":[{"href":"https:\/\/conscordoba.esteri.it\/it\/wp-json\/wp\/v2\/types\/page"}],"author":[{"embeddable":true,"href":"https:\/\/conscordoba.esteri.it\/it\/wp-json\/wp\/v2\/users\/3"}],"replies":[{"embeddable":true,"href":"https:\/\/conscordoba.esteri.it\/it\/wp-json\/wp\/v2\/comments?post=397"}],"version-history":[{"count":0,"href":"https:\/\/conscordoba.esteri.it\/it\/wp-json\/wp\/v2\/pages\/397\/revisions"}],"up":[{"embeddable":true,"href":"https:\/\/conscordoba.esteri.it\/it\/wp-json\/wp\/v2\/pages\/87"}],"wp:attachment":[{"href":"https:\/\/conscordoba.esteri.it\/it\/wp-json\/wp\/v2\/media?parent=397"}],"curies":[{"name":"wp","href":"https:\/\/api.w.org\/{rel}","templated":true}]}}