{"id":402,"date":"2023-05-30T13:56:22","date_gmt":"2023-05-30T11:56:22","guid":{"rendered":"https:\/\/conscordoba.esteri.it\/?page_id=402"},"modified":"2023-05-30T13:59:55","modified_gmt":"2023-05-30T11:59:55","slug":"rimpatri","status":"publish","type":"page","link":"https:\/\/conscordoba.esteri.it\/it\/servizi-consolari-e-visti\/servizi-per-il-cittadino-italiano\/assistenza-ai-cittadini-allestero\/rimpatri\/","title":{"rendered":"Rimpatri"},"content":{"rendered":"<h2>UFFICIO ASSISTENZA SOCIALE DEL CONSOLATO GENERALE D&#8217;ITALIA A C\u00d3RDOBA<\/h2>\n<p><img loading=\"lazy\" decoding=\"async\" src=\"https:\/\/conscordoba.esteri.it\/consolato_cordoba\/resource\/img\/2017\/10\/1471503153912.jpg--voi_preferite_la_bandiera_tricolore_italiana_o_quella_dell_europa_.jpg\" alt=\"1471503153912.jpg voi preferite la bandiera tricolore italiana o quella dell europa \" width=\"178\" height=\"117\" \/><img loading=\"lazy\" decoding=\"async\" src=\"https:\/\/conscordoba.esteri.it\/consolato_cordoba\/resource\/img\/2017\/10\/logo_account_social_cgcordoba.png\" alt=\"logo account social cgcordoba\" width=\"117\" height=\"117\" \/><\/p>\n<p><strong>E-Mail di Contatto:\u00a0<a href=\"mailto:assistenzapensioni.cordoba@esteri.it\">assistenzapensioni.cordoba@esteri.it<\/a>.<\/strong><\/p>\n<p><strong>In caso di\u00a0GRAVI EMERGENZE\u00a0chiamare il numero +540351156137892.<\/strong><\/p>\n<h2>Rimpatri<\/h2>\n<h2><strong>Rimpatri<\/strong>\u00a0<strong>sanitari ed economici<\/strong><\/h2>\n<p>Un settore particolarmente delicato dell\u2019assistenza ai cittadini italiani all\u2019estero riguarda il rimpatrio dei connazionali che si trovino in Paesi stranieri in situazioni di gravi difficolt\u00e0 non superabili in loco. Gli interventi della Farnesina, in collaborazione con gli enti territorialmente competenti (Prefetture, Questure, Comuni, Unit\u00e0 Sanitarie Locali, Servizi Sociali), riguardano:<\/p>\n<p>connazionali emigrati che si trovano nella necessit\u00e0 di rientrare in Italia in via definitiva per motivi economici o sanitari;minori in stato di abbandono;malati di mente (\u00e8 richiesta la presenza di uno o pi\u00f9 accompagnatori qualificati e la disponibilit\u00e0 di ospedali specializzati); cittadini italiani al termine della detenzione o espulsi; anziani soli per i quali viene richiesto il ricovero in case di riposo in Italia; ammalati gravi che non possono essere curati sul posto per mancanza di strutture idonee.<\/p>\n<p>I rimpatri a carico dell&#8217;Erario sono limitati ai casi di comprovata indigenza accertati dalle Rappresentanze diplomatico-consolari. Negli altri casi il rimpatrio avviene previa sottoscrizione di prestiti con promessa di restituzione all\u2019Erario.<\/p>\n<h2>Rimpatri di salme<\/h2>\n<p>In caso di decesso di un cittadino italiano nell&#8217;ambito della Circoscrizione consolare l&#8217;Ufficio Assistenza del Consolato Generale, su richiesta dei familiari, contatta il competente Comune italiano per ottenere il nulla osta all&#8217;introduzione della salma. Una volta ottenuto il nulla osta l&#8217;agenzia di pompe funebri incaricata dai familiari del rimpatrio potr\u00e0 procedere.<\/p>\n<p>Di norma le spese di rimpatrio della salma sono a carico dei familiari. E&#8217; peraltro possibile rivolgersi alle Regioni e agli enti locali per eventuali rimborsi o contributi.<\/p>\n<p>In caso di decesso di connazionali residenti all&#8217;estero in stato di accertata indigenza il Consolato Generale pu\u00f2 prestare assistenza ai familiari indigenti del connazionale deceduto residenti all&#8217;estero mediante rimborso totale o parziale delle spese funebri regolarmente documentate sostenute in loco.<\/p>\n<p><strong>Ufficio Assistenza Sociale e Pensioni del Cosolato Generale d&#8217;Italia in C\u00f3rdoba:<\/strong>\u00a0<a href=\"mailto:assistenzapensioni.cordoba@esteri.it\">assistenzapensioni.cordoba@esteri.it<\/a><\/p>\n","protected":false},"excerpt":{"rendered":"UFFICIO ASSISTENZA SOCIALE DEL CONSOLATO GENERALE D&#8217;ITALIA A C\u00d3RDOBA E-Mail di Contatto:\u00a0assistenzapensioni.cordoba@esteri.it. In caso di\u00a0GRAVI EMERGENZE\u00a0chiamare il numero +540351156137892. Rimpatri Rimpatri\u00a0sanitari ed economici Un settore particolarmente delicato dell\u2019assistenza ai cittadini italiani all\u2019estero riguarda il rimpatrio dei connazionali che si trovino in Paesi stranieri in situazioni di gravi difficolt\u00e0 non superabili in loco. Gli interventi della [&hellip;]","protected":false},"author":3,"featured_media":0,"parent":87,"menu_order":3,"comment_status":"closed","ping_status":"closed","template":"","meta":{"footnotes":""},"class_list":["post-402","page","type-page","status-publish","hentry"],"_links":{"self":[{"href":"https:\/\/conscordoba.esteri.it\/it\/wp-json\/wp\/v2\/pages\/402","targetHints":{"allow":["GET"]}}],"collection":[{"href":"https:\/\/conscordoba.esteri.it\/it\/wp-json\/wp\/v2\/pages"}],"about":[{"href":"https:\/\/conscordoba.esteri.it\/it\/wp-json\/wp\/v2\/types\/page"}],"author":[{"embeddable":true,"href":"https:\/\/conscordoba.esteri.it\/it\/wp-json\/wp\/v2\/users\/3"}],"replies":[{"embeddable":true,"href":"https:\/\/conscordoba.esteri.it\/it\/wp-json\/wp\/v2\/comments?post=402"}],"version-history":[{"count":0,"href":"https:\/\/conscordoba.esteri.it\/it\/wp-json\/wp\/v2\/pages\/402\/revisions"}],"up":[{"embeddable":true,"href":"https:\/\/conscordoba.esteri.it\/it\/wp-json\/wp\/v2\/pages\/87"}],"wp:attachment":[{"href":"https:\/\/conscordoba.esteri.it\/it\/wp-json\/wp\/v2\/media?parent=402"}],"curies":[{"name":"wp","href":"https:\/\/api.w.org\/{rel}","templated":true}]}}