{"id":451,"date":"2023-05-30T14:37:29","date_gmt":"2023-05-30T12:37:29","guid":{"rendered":"https:\/\/conscordoba.esteri.it\/?page_id=451"},"modified":"2025-08-04T18:37:30","modified_gmt":"2025-08-04T16:37:30","slug":"cittadinanza-per-matrimonio","status":"publish","type":"page","link":"https:\/\/conscordoba.esteri.it\/it\/servizi-consolari-e-visti\/servizi-per-il-cittadino-straniero\/cittadinanza\/cittadinanza-per-matrimonio\/","title":{"rendered":"Cittadinanza per matrimonio"},"content":{"rendered":"<p style=\"text-align: justify;\"><strong>CITTADINANZA ITALIANA PER MATRIMONIO O UNIONE CIVILE<\/strong><\/p>\n<p style=\"text-align: center;\"><span style=\"text-decoration: underline;\"><strong><span style=\"color: #993300;\"><em>Il contenuto della presente pagina web del Consolato Generale \u00e8 in fase di aggiornamento<\/em><\/span><\/strong><\/span><\/p>\n<p style=\"text-align: center;\"><span style=\"color: #993300;\"><em>\u00a0<\/em><\/span><\/p>\n<p style=\"text-align: center;\"><span style=\"color: #993300;\"><em>Per quanto riguarda le norme attualmente vigenti sul riconoscimento della cittadinanza \u201ciure sanguinis\u201d, si prega di fare riferimento alla normativa pubblicata al seguente <a style=\"color: #993300;\" href=\"https:\/\/www.gazzettaufficiale.it\/eli\/id\/2025\/05\/23\/25A03081\/sg\">link<\/a>, ove \u00e8 disponibile il testo del decreto-legge 28 marzo 2025, n. 36 coordinato con la legge di conversione 23 maggio 2025, n. 74, della quale si raccomanda di prendere attenta visione.<\/em><\/span><\/p>\n<p>&nbsp;<\/p>\n<p style=\"text-align: justify;\"><em>In conformit\u00e0 alla normativa in vigore, che richiede la conoscenza della lingua italiana, le informazioni relative alla cittadinanza per matrimonio vengono fornite in italiano.<\/em><\/p>\n<h1 style=\"text-align: center;\"><strong>Acquisto di cittadinanza italiana per matrimonio o unione civile a partire dal 27 aprile 1983<\/strong><\/h1>\n<ol style=\"text-align: justify;\">\n<li>Cenni normativi<\/li>\n<li>Requisiti<\/li>\n<li>Documenti<\/li>\n<li>Procedura:<\/li>\n<\/ol>\n<ul style=\"text-align: justify;\">\n<li>Fase 1 &#8211; Registrazione<\/li>\n<li>Fase 2 &#8211; Inserimento istanza<\/li>\n<li>Fase 3\u00a0 &#8211; Verifica consolare<\/li>\n<li>Fase 4 &#8211; Valutazione e termini del procedimento<\/li>\n<li>Fase 5 &#8211; decreto, notifica e giuramento<\/li>\n<\/ul>\n<ol style=\"text-align: justify;\">\n<li>Costi<\/li>\n<li>Contatti e link utili<\/li>\n<\/ol>\n<p>&nbsp;<\/p>\n<p style=\"text-align: justify;\"><strong>1. CENNI NORMATIVI<\/strong><\/p>\n<p style=\"text-align: justify;\">Coloro che richiedono la cittadinanza italiana per matrimonio o unione civile devono essere a conoscenza dei doveri nei confronti della Repubblica italiana, primi fra tutti l\u2019adesione ai valori nazionali e l\u2019irreprensibilit\u00e0 della condotta.<\/p>\n<p style=\"text-align: justify;\">L\u2019acquisto della cittadinanza italiana da parte del coniuge straniero o apolide che abbia contratto matrimonio con cittadino italiano a partire dal 27 aprile 1983 \u00e8 attualmente regolato dalla\u00a0<strong>Legge 5 febbraio 1992 n. 91 (artt. 5, 6, 7 e 8) e successive modifiche.<\/strong><\/p>\n<p style=\"text-align: justify;\">Le richieste di cittadinanza italiana possono essere presentate anche da parte del cittadino o della cittadina stranieri che hanno costituito un\u2019unione civile con cittadino\/a italiano\/a trascritta nei registri dello stato civile del Comune italiano (D. Lgs. 5, 6 e 7\/ 2017).<\/p>\n<p style=\"text-align: justify;\">Il coniuge\/parte dell\u2019unione civile straniero pu\u00f2 acquistare la cittadinanza italiana su domanda, in presenza dei requisiti stabiliti dalla normativa vigente, come spiegato nelle sezioni successive.<\/p>\n<p>&nbsp;<\/p>\n<p style=\"text-align: justify;\"><strong>2. REQUISITI<\/strong><\/p>\n<ul style=\"text-align: justify;\">\n<li><strong>Residenza\u00a0nella circoscrizione consolare:<\/strong><\/li>\n<\/ul>\n<p style=\"text-align: justify;\">&#8211; Il richiedente dovr\u00e0 indirizzare la domanda alla Rappresentanza diplomatico-consolare competente in base alla propria residenza;<\/p>\n<p style=\"text-align: justify;\">&#8211; Il coniuge\/parte dell\u2019unione civile di nazionalit\u00e0 italiana deve essere residente e\u00a0<strong>regolarmente iscritto all\u2019anagrafe degli italiani residenti all\u2019estero (A.I.R.E.)<\/strong>\u00a0della circoscrizione consolare di competenza e\u00a0<strong>convivente allo stesso indirizzo<\/strong>\u00a0del richiedente la cittadinanza;<\/p>\n<ul style=\"text-align: justify;\">\n<li><strong>Termini di presentazione:<\/strong>la domanda pu\u00f2 essere presentata\u00a0<strong>tre anni dopo il matrimonio\/unione civile<\/strong>\u00a0se il coniuge \u00e8 cittadino italiano iure sanguinis; in caso di naturalizzazione avvenuta dopo il matrimonio, i tre anni decorrono dalla data della naturalizzazione del coniuge. I tre anni vengono ridotti a un anno e mezzo in presenza di figli minori nati o adottati dai coniugi;<\/li>\n<li><strong>Trascrizione\u00a0del matrimonio\/unione civile:<\/strong>se avvenuti all&#8217;estero, devono essere stati trascritti presso il Comune in Italia;<\/li>\n<li><strong>Validit\u00e0<\/strong>del matrimonio\/unione civile e stabilit\u00e0 del vincolo di coniugio\/unione civile fino all\u2019adozione del provvedimento di concessione della cittadinanza. Al fine del conferimento della cittadinanza italiana, alla data di adozione del decreto non devono essere intervenuti lo scioglimento, l\u2019annullamento o la cessazione degli effetti civili del matrimonio\/unione civile (separazione personale, divorzio, decesso del coniuge o parte dell\u2019unione civile);<\/li>\n<li><strong>Assenza\u00a0di sentenze di condanna<\/strong>da parte delle Autorit\u00e0 giudiziarie italiane per reati per i quali sia prevista una pena superiore a tre anni di reclusione;<\/li>\n<li><strong>Assenza\u00a0di sentenze di condanna<\/strong>da parte delle Autorit\u00e0 giudiziarie straniere ad una pena superiore ad un anno per reati non politici;<\/li>\n<li><strong>Assenza\u00a0di condanne<\/strong>per delitti contro la personalit\u00e0 dello Stato;<\/li>\n<li><strong>Assenza\u00a0di motivi ostativi per la sicurezza della Repubblica;<\/strong><\/li>\n<li><strong> Conoscenza della\u00a0lingua italiana<\/strong>non inferiore a\u00a0<strong>livello B1<\/strong>del Quadro Comune Europeo di Riferimento (QCER).<\/li>\n<li><strong>Pagamento <\/strong>delle tasse e percezioni indicate nella sezione documenti e costi.<\/li>\n<\/ul>\n<p>&nbsp;<\/p>\n<p style=\"text-align: justify;\"><strong>3. DOCUMENTI<\/strong><\/p>\n<ol style=\"text-align: justify;\">\n<li><strong>Estratto dell\u2019atto di nascita o equivalente: <\/strong>in originale, rilasciato possibilmente da non oltre sei mesi dal Paese in cui si \u00e8 nati, completo di tutte le generalit\u00e0 (incluse paternit\u00e0 e maternit\u00e0), debitamente legalizzato e tradotto in lingua italiana. La traduzione dell&#8217;atto deve essere opportunamente legalizzata.<\/li>\n<li><strong>Certificato Penale <\/strong>del Paese di origine e degli eventuali Paesi terzi di residenza (a partire dai 14 anni d\u2019et\u00e0) \u2013 tranne l\u2019Italia \u2013 e dei Paesi di cui si possiede la cittadinanza, in originale, rilasciato da non oltre sei mesi prima della presentazione della domanda, debitamente apostillato e tradotto in lingua italiana.\u00a0La traduzione del certificato deve essere opportunamente legalizzata.<\/li>\n<\/ol>\n<p style=\"text-align: justify;\">Si precisa che il Certificato Penale argentino deve essere rilasciato dal &#8220;Registro Nacional de Reincidencia&#8221;(www.dnrec.jus.gov.ar) e legalizzato dal Ministero degli Affari Esteri argentino con Apostille.<\/p>\n<p style=\"text-align: justify;\">Per maggiori informazioni sulla\u00a0legalizzazione delle traduzioni\u00a0dell&#8217;atto di nascita e del certificato penale\u00a0<a href=\"https:\/\/conscordoba.esteri.it\/es\/servizi-consolari-e-visti\/servizi-per-il-cittadino-straniero\/traduzione-e-legalizzazione-dei-documenti\/\">CLICCARE QUI<\/a>.<\/p>\n<ol style=\"text-align: justify;\" start=\"3\">\n<li><strong> Ricevuta del pagamento del contributo di euro 250,00 <\/strong>(vedi link) a favore del Ministero dell\u2019Interno, con le modalit\u00e0 indicate nella sezione \u201cCosti\u201d.<\/li>\n<li><strong> Documento di identit\u00e0: <\/strong>fotocopia del passaporto in corso di validit\u00e0 (pagine con i dati personali, fotografia, date di rilascio e scadenza) e\/o carta di identit\u00e0.<\/li>\n<li><strong> Copia dell\u2019atto di matrimonio <\/strong>o estratto per riassunto del registro dei matrimoni, da richiedere al competente Comune italiano in cui l\u2019atto risulta trascritto,\u00a0possibilmente rilasciato da non oltre sei mesi prima dell\u2019istanza. Questo documento pu\u00f2 essere inserito al momento della presentazione della domanda alla voce \u201cdocumento generico\u201d e\u00a0andr\u00e0 presentato in <b>ORIGINALE in<\/b> formato cartaceo (ovvero con firma autografa del funzionario competente), al momento della convocazione presso gli Uffici Consolari (si rammenta, pertanto, che non si accettano documenti inviati, via e-mail, dal Comune in formato digitale, n\u00e9 fotocopie).<\/li>\n<li><strong> Certificato di conoscenza della lingua italiana <\/strong>non inferiore al livello\u00a0<strong>B1<\/strong> del Quadro Comune Europeo di Riferimento (QCER) o titolo di studio rilasciato da un istituto di istruzione pubblico o paritario riconosciuto dal Ministero dell\u2019Istruzione, dell\u2019Universit\u00e0 e della Ricerca e dal Ministero degli Affari Esteri e della Cooperazione internazionale. \u00a0Il diploma o certificato\u00a0<strong>ORIGINALE <\/strong>dovr\u00e0 essere presentato al momento della convocazione presso gli Uffici Consolari (si ricorda, pertanto, che non si accettano documenti provvisori inviati via e-mail dall&#8217;ente certificatore, n\u00e9 fotocopie).<\/li>\n<\/ol>\n<p style=\"text-align: justify;\">Gli enti certificatori CLIQ (Certificazione Lingua Italiana di Qualit\u00e0) &#8211; eventualmente in regime di collaborazione con i locali istituti italiani di cultura \u2013 sono esclusivamente l\u2019<strong>Universit\u00e0 per stranieri di Siena, l\u2019Universit\u00e0 per stranieri di Perugia, l\u2019Universit\u00e0 Roma Tre e la Societ\u00e0 Dante Alighieri.<\/strong><\/p>\n<p style=\"text-align: justify;\">Non sono tenuti alla presentazione del titolo di conoscenza della lingua italiana:<\/p>\n<ol style=\"text-align: justify;\">\n<li>Gli stranieri (anche se residenti all\u2019estero) che abbiano sottoscritto l\u2019accordo di integrazione di cui all\u2019art. 4 bis del d.lgs. n. 286\/1998 Testo Unico Immigrazione<\/li>\n<li>I titolari di permesso di soggiorno UE (o CE) per soggiornanti di lungo periodo di cui all\u2019articolo 9 del medesimo testo unico<\/li>\n<\/ol>\n<p>&nbsp;<\/p>\n<p style=\"text-align: justify;\"><strong>4. PROCEDURA<\/strong><\/p>\n<p style=\"text-align: justify;\"><strong>FASE 1 \u2013 REGISTRAZIONE<\/strong><\/p>\n<p style=\"text-align: justify;\">Il richiedente dovr\u00e0 effettuare la registrazione sul portale del Ministero dell\u2019Interno:<\/p>\n<p style=\"text-align: justify;\"><a href=\"https:\/\/www.interno.gov.it\/it\/temi\/cittadinanza-e-altri-diritti-civili\/cittadinanza\/cittadinanza-invia-tua-domanda\">https:\/\/www.interno.gov.it\/it\/temi\/cittadinanza-e-altri-diritti-civili\/cittadinanza\/cittadinanza-invia-tua-domanda<\/a><\/p>\n<p style=\"text-align: justify;\">Si precisa che<strong>\u00a0l\u2019indirizzo email<\/strong>\u00a0<strong>dichiarato sul portale<\/strong>\u00a0in fase di inoltro della domanda on line\u00a0<strong>costituisce domicilio eletto<\/strong>\u00a0(art. 47 c.c.);\u00a0<strong><em>si rende pertanto necessaria una frequente consultazione della propria email in quanto tutte le comunicazioni relative alla domanda di cittadinanza, ivi comprese richieste di integrazione documentale, convocazioni, notifiche di provvedimenti, ecc. avverranno ESCLUSIVAMENTE tramite canale informatico.<\/em><\/strong><\/p>\n<p style=\"text-align: justify;\"><strong>FASE 2 \u2013 INSERIMENTO ISTANZA (Modello AE)<\/strong><\/p>\n<p style=\"text-align: justify;\">Una volta registrato, il richiedente potr\u00e0 procedere alla compilazione della domanda \u201conline\u201d e all\u2019inserimento di tutti i documenti richiesti sull\u2019apposito portale del Ministero dell\u2019Interno:<\/p>\n<p style=\"text-align: justify;\"><a href=\"https:\/\/portaleserviziapp.dlci.interno.it\/\">https:\/\/portaleserviziapp.dlci.interno.it<\/a><\/p>\n<p style=\"text-align: justify;\"><em>Qualsiasi domanda di carattere tecnico o di contenuto relativa all\u2019istanza online dovr\u00e0 essere risolta rivolgendosi direttamente al Ministero dell\u2019Interno che ha predisposto un servizio di assistenza con FAQ e HelpDesk dedicati.<\/em><\/p>\n<p style=\"text-align: justify;\"><strong><em>Attenzione: NOTE PER LA COMPILAZIONE DELLA DOMANDA ONLINE<\/em><\/strong><\/p>\n<p style=\"text-align: justify;\"><em>Nel modulo di registrazione vanno inseriti DATA E LUOGO DI NASCITA cos\u00ec come indicati nell\u2019atto di nascita.<\/em><\/p>\n<p style=\"text-align: justify;\"><em>Vanno riportate le GENERALIT\u00c0 indicate in atti e documenti formati all\u2019estero dalle competenti autorit\u00e0 straniere.<\/em><\/p>\n<p style=\"text-align: justify;\"><em>Specificare nell&#8217;istanza l&#8217;eventuale presenza di figli minori del\/della richiedente, nati da una precedente relazione.<\/em><\/p>\n<p style=\"text-align: justify;\"><strong>FASE 3 \u2013 VERIFICA CONSOLARE<\/strong><\/p>\n<p style=\"text-align: justify;\">L\u2019Ufficio Consolare sar\u00e0 automaticamente informato della presentazione della domanda e proceder\u00e0 alle necessarie VERIFICHE.<\/p>\n<p style=\"text-align: justify;\">Il richiedente ricever\u00e0 quindi, in modalit\u00e0 telematica tramite il portale del Ministero dell\u2019Interno, una comunicazione relativa all\u2019accettazione o al motivo dell\u2019inammissibilit\u00e0.<\/p>\n<p style=\"text-align: justify;\">In caso di accettazione della domanda, il richiedente sar\u00e0 convocato, per via telematica, presso la Rappresentanza diplomatico-consolare per l\u2019autentica della firma apposta sulla domanda di cittadinanza, per la consegna di tutta la documentazione cartacea IN ORIGINALE, ivi compresa quella gi\u00e0 trasmessa per via telematica tramite il Portale, per la riscossione o verifica dell\u2019avvenuto pagamento delle percezioni consolari previste.<\/p>\n<p style=\"text-align: justify;\">Tutta la documentazione di cui sopra sar\u00e0 conservata in originale dalla Rappresentanza diplomatico-consolare, ad eccezione del passaporto e del certificato linguistico, per i quali verr\u00e0 effettuata una copia conforme con relativi pagamenti.<\/p>\n<p style=\"text-align: justify;\"><strong>FASE 4 \u2013 VALUTAZIONE e TERMINI DEL PROCEDIMENTO<\/strong><\/p>\n<p style=\"text-align: justify;\">La valutazione della domanda e la definizione del procedimento sono di esclusiva competenza del Ministero dell\u2019Interno:\u00a0<strong>24 mesi dalla data di presentazione<\/strong>\u00a0della domanda &#8211;\u00a0<strong>prorogabili fino al massimo di 36 mesi<\/strong>\u00a0&#8211; per le istanze di cittadinanza presentate a partire dal 20 dicembre 2020 (data di entrata in vigore della L. 18 dicembre 2020 n. 173). Qualora al termine della valutazione della pratica il procedimento si concluda positivamente, il Ministero dell\u2019Interno invier\u00e0 il Decreto di conferimento di cittadinanza italiana alla Rappresentanza diplomatico-consolare competente per residenza dell\u2019interessato\/a.<\/p>\n<p style=\"text-align: justify;\"><strong>FASE 5 \u2013 DECRETO, NOTIFICA E GIURAMENTO<\/strong><\/p>\n<p style=\"text-align: justify;\">Il Decreto di conferimento della cittadinanza italiana\u00a0<strong>verr\u00e0 notificato<\/strong>\u00a0\u2013\u00a0<strong>tramite portale<\/strong>\u00a0\u2013 con comunicazione indirizzata<strong>\u00a0all\u2019email indicata dal richiedente in fase di registrazione<\/strong>.<\/p>\n<p style=\"text-align: justify;\">Si ricorda che, ai sensi dell\u2019art. 10 della legge 05\/02\/1992 n. 91, detto provvedimento non avr\u00e0 effetto fino a quando non si sar\u00e0 prestato\u00a0<strong>solenne giuramento di fedelt\u00e0 alla Repubblica italiana<\/strong>, secondo la modalit\u00e0 di cui all&#8217;art. 7 del D. P. R. 12\/10\/1993 n. 572 ed\u00a0<strong>entro 6 mesi dalla data di notifica dello stesso<\/strong>.<\/p>\n<p style=\"text-align: justify;\">All\u2019atto della notifica verranno altres\u00ec richiesti documenti \u2013 previsti dalla normativa nazionale \u2013 volti a verificare la permanenza del vincolo coniugale.\u00a0<strong>Tali documenti devono avere data successiva all\u2019adozione del decreto:<\/strong><\/p>\n<p style=\"text-align: justify;\">&#8211; atto di matrimonio (validit\u00e1 6 mesi);<\/p>\n<p style=\"text-align: justify;\">&#8211; certificato penale del Paese di attuale residenza, debitamente legalizzato e tradotto (vedi sezione documenti).<\/p>\n<p style=\"text-align: justify;\"><strong><em>Alla data di adozione del decreto, quindi, non deve essere intervenuto lo scioglimento, l\u2019annullamento o la cessazione degli effetti civili del matrimonio o dell\u2019unione civile n\u00e9 la separazione personale (sentenza di separazione).<\/em><\/strong><\/p>\n<p style=\"text-align: justify;\">L\u2019atto di matrimonio e il certificato penale si richiedono alle Autorit\u00e0 competenti nel paese di residenza e dovranno essere in regola con le disposizioni in materia di Apostille e traduzione, come spiegato nella sezione \u201cdocumenti\u201d.<\/p>\n<p style=\"text-align: justify;\">La persona interessata prester\u00e0 giuramento di fedelt\u00e0 alla Repubblica italiana pronunciando le parole:<\/p>\n<p style=\"text-align: justify;\"><strong><em>\u201c<\/em><\/strong><strong>GIURO DI ESSERE FEDELE ALLA REPUBBLICA E DI OSSERVARE LA\u00a0COSTITUZIONE\u00a0E LE LEGGI DELLO STATO<em>\u201d<\/em><\/strong><\/p>\n<p style=\"text-align: justify;\">Gli effetti del giuramento, ovvero l\u2019acquisto della cittadinanza italiana, saranno efficaci\u00a0<strong>a partire dal giorno successivo a quello del giuramento<\/strong>.<\/p>\n<p style=\"text-align: justify;\">Il certificato di nascita ORIGINALE sar\u00e0 inviato per la trascrizione al Comune italiano di riferimento insieme alla richiesta di iscrizione all\u2019AIRE e al verbale dell\u2019avvenuto giuramento.<\/p>\n<p>&nbsp;<\/p>\n<p style=\"text-align: justify;\"><strong>5. COSTI<\/strong><\/p>\n<ul style=\"text-align: justify;\">\n<li><strong> Contributo di euro 250,00 a favore del Ministero dell\u2019Interno<\/strong>, da effettuare esclusivamente sul conto corrente indicato dal Ministero dell\u2019Interno (ricevuta da inserire nella domanda online).<\/li>\n<\/ul>\n<p style=\"text-align: justify;\"><strong>\u201cMinistero dell\u2019Interno D.L.C.I Cittadinanza\u201d<\/strong><br \/>\n<strong>Nome della Banca:<\/strong>\u00a0Poste Italiane S.p.A.<br \/>\n<strong>Codice IBAN:<\/strong>\u00a0IT54D0760103200000000809020<br \/>\n<strong>Causale del versamento:<\/strong>\u00a0Richiesta cittadinanza per matrimonio ex art. 5 L. 91\/1992 e nome e cognome del richiedente<br \/>\n<strong>Codice BIC\/SWIFT di Poste Italiane:<\/strong>\u00a0BPPIITRRXXX (per bonifici esteri)<\/p>\n<p style=\"text-align: justify;\"><strong>Codice BIC\/SWIFT:<\/strong>\u00a0PIBPITRA (per operazioni del circuito EUROGIRO)<\/p>\n<p style=\"text-align: justify;\">Si informa che, dal 25\/05\/2022, \u00e8 possibile effettuare sia il pagamento del contributo di 250 euro, che dell&#8217;Imposta da bollo tramite\u00a0<strong>PagoPA<\/strong>, direttamente sul portale del Ministero dell&#8217;Interno, contestualmente alla presentazione della domanda online. In tal caso la ricevuta telematica di pagamento rilasciata dovr\u00e0 essere allegata all&#8217;istanza, insieme agli altri documenti richiesti.<\/p>\n<p style=\"text-align: justify;\"><strong>Articoli della tabella consolare\u00a0\u00a0<\/strong>(<a href=\"https:\/\/conscordoba.esteri.it\/es\/servizi-consolari-e-visti\/servizi-per-il-cittadino-italiano\/tarifas-consulares\/\">vedi link<\/a>)<strong>\u00a0da applicare:<\/strong><\/p>\n<ul style=\"text-align: justify;\">\n<li>Autentica di firma sull\u2019istanza: art. 24<\/li>\n<li>Copia conforme del documento di identit\u00e0 in corso di validit\u00e0: art 71.<\/li>\n<li>Copia conforme della certificazione linguistica: art. 71<\/li>\n<li>Conformit\u00e0 della traduzione di atti di stato civile e certificati penali: art. 72<\/li>\n<li>Legalizzazione firma del traduttore: art. 69<\/li>\n<li>Marca da bollo sul decreto di cittadinanza: art. N\/A<\/li>\n<\/ul>\n<p>&nbsp;<\/p>\n<p style=\"text-align: justify;\"><strong>6. CONTATTI E LINK UTILI<\/strong><\/p>\n<p style=\"text-align: justify;\">Trova il tuo Consolato: <a href=\"https:\/\/serviziconsolarionline.esteri.it\/ScoFE\/services\/consulate\/find-consulate.sco\">https:\/\/serviziconsolarionline.esteri.it\/ScoFE\/services\/consulate\/find-consulate.sco<\/a><\/p>\n<p style=\"text-align: justify;\">Invia la tua domanda al Ministero dell\u2019Interno: <a href=\"https:\/\/portaleservizi.dlci.interno.it\/AliCittadinanza\/ali\/home.htm\">https:\/\/portaleservizi.dlci.interno.it\/AliCittadinanza\/ali\/home.htm<\/a><\/p>\n<p style=\"text-align: justify;\">Sito del Ministero degli Affari Esteri e della Cooperazione Internazionale: <a href=\"https:\/\/www.esteri.it\/it\/mae\/it\/serrvizi\/italiani-all-estero\/\">https:\/\/www.esteri.it\/it\/mae\/it\/serrvizi\/italiani-all-estero\/<\/a>cittadinanza.html<\/p>\n<p style=\"text-align: justify;\">Ufficio cittadinanza per matrimonio del Consolato Generale d\u2019Italia a Cordoba: <a href=\"mailto:cordoba.cittmatrim@esteri.it\">cordoba.cittmatrim@esteri.it<\/a><\/p>\n<p>&nbsp;<\/p>\n<p>&nbsp;<\/p>\n<p style=\"text-align: justify;\"><strong>IMPORTANTE:<\/strong>\u00a0In caso di cambio di indirizzo (anche all\u2019interno della stessa circoscrizione consolare), occorre avvisare tempestivamente l\u2019Ufficio Anagrafe e l\u2019Ufficio Cittadinanza per matrimonio. In caso di trasferimento in un\u2019altra circoscrizione consolare o in Italia, occorre avvisare l\u2019Ufficio Anagrafe e l\u2019Ufficio Cittadinanza per matrimonio per il trasferimento della pratica al Consolato\/Ambasciata\/Prefettura competente territorialmente. Il completamento del passaggio della pratica di cittadinanza avr\u00e0 luogo nel momento in cui gli interessati si registreranno presso il nuovo Consolato o Comune italiano.<\/p>\n","protected":false},"excerpt":{"rendered":"CITTADINANZA ITALIANA PER MATRIMONIO O UNIONE CIVILE Il contenuto della presente pagina web del Consolato Generale \u00e8 in fase di aggiornamento \u00a0 Per quanto riguarda le norme attualmente vigenti sul riconoscimento della cittadinanza \u201ciure sanguinis\u201d, si prega di fare riferimento alla normativa pubblicata al seguente link, ove \u00e8 disponibile il testo del decreto-legge 28 marzo [&hellip;]","protected":false},"author":3,"featured_media":0,"parent":96,"menu_order":6,"comment_status":"closed","ping_status":"closed","template":"","meta":{"footnotes":""},"class_list":["post-451","page","type-page","status-publish","hentry"],"_links":{"self":[{"href":"https:\/\/conscordoba.esteri.it\/it\/wp-json\/wp\/v2\/pages\/451","targetHints":{"allow":["GET"]}}],"collection":[{"href":"https:\/\/conscordoba.esteri.it\/it\/wp-json\/wp\/v2\/pages"}],"about":[{"href":"https:\/\/conscordoba.esteri.it\/it\/wp-json\/wp\/v2\/types\/page"}],"author":[{"embeddable":true,"href":"https:\/\/conscordoba.esteri.it\/it\/wp-json\/wp\/v2\/users\/3"}],"replies":[{"embeddable":true,"href":"https:\/\/conscordoba.esteri.it\/it\/wp-json\/wp\/v2\/comments?post=451"}],"version-history":[{"count":6,"href":"https:\/\/conscordoba.esteri.it\/it\/wp-json\/wp\/v2\/pages\/451\/revisions"}],"predecessor-version":[{"id":6399,"href":"https:\/\/conscordoba.esteri.it\/it\/wp-json\/wp\/v2\/pages\/451\/revisions\/6399"}],"up":[{"embeddable":true,"href":"https:\/\/conscordoba.esteri.it\/it\/wp-json\/wp\/v2\/pages\/96"}],"wp:attachment":[{"href":"https:\/\/conscordoba.esteri.it\/it\/wp-json\/wp\/v2\/media?parent=451"}],"curies":[{"name":"wp","href":"https:\/\/api.w.org\/{rel}","templated":true}]}}