{"id":456,"date":"2023-05-30T14:39:11","date_gmt":"2023-05-30T12:39:11","guid":{"rendered":"https:\/\/conscordoba.esteri.it\/?page_id=456"},"modified":"2025-07-02T15:31:14","modified_gmt":"2025-07-02T13:31:14","slug":"altre-modalita-di-acquisto","status":"publish","type":"page","link":"https:\/\/conscordoba.esteri.it\/it\/servizi-consolari-e-visti\/servizi-per-il-cittadino-straniero\/cittadinanza\/altre-modalita-di-acquisto\/","title":{"rendered":"Altre modalit\u00e0 di acquisto"},"content":{"rendered":"<p style=\"text-align: justify;\"><strong>CITTADINANZA PER NASCITA SUL TERRITORIO ITALIANO (IURE SOLI)<\/strong><\/p>\n<ul style=\"text-align: justify;\">\n<li>Colui i cui genitori siano ignoti o apolidi o non trasmettano la propria cittadinanza al figlio secondo la legge dello Stato del quale sono cittadini.<\/li>\n<li>Il figlio di ignoti che venga trovato abbandonato in territorio italiano e di cui non si riesca a determinare la cittadinanza.<\/li>\n<li>Lo straniero, anche non discendente da cittadini italiani, nato sul territorio italiano pu\u00f2 ottenere la cittadinanza se risiede legalmente ed ininterrottamente in Italia dalla nascita fino al raggiungimento della maggiore et\u00e0, previa dichiarazione di volont\u00e0 da presentare entro un anno dal raggiungimento della maggiore et\u00e0.<\/li>\n<\/ul>\n<p style=\"text-align: justify;\"><strong>\u00a0<\/strong><\/p>\n<p style=\"text-align: justify;\"><strong>CITTADINANZA PER RICONOSCIMENTO O PER DICHIARAZIONE GIUDIZIALE DI PATERNIT\u00c0\/MATERNIT\u00c0 NATURALE<\/strong><\/p>\n<p style=\"text-align: justify;\">\u00c8 cittadino italiano il figlio riconosciuto o dichiarato durante la minore et\u00e0 da parte di cittadino italiano, sempre che ricorrano i requisiti dell\u2019art. 3-bis della Legge n. 91\/1992.\u00a0Nel caso in cui il figlio riconosciuto o dichiarato sia maggiorenne, \u00e8 necessaria l\u2019elezione di cittadinanza da parte di quest\u2019ultimo entro un anno dal riconoscimento stesso.<\/p>\n<p style=\"text-align: justify;\"><strong>\u00a0<\/strong><\/p>\n<p style=\"text-align: justify;\"><strong>CITTADINANZA PER ADOZIONE<\/strong><\/p>\n<p style=\"text-align: justify;\">Il minore straniero adottato da cittadino italiano mediante provvedimento dell\u2019Autorit\u00e0 Giudiziaria italiana ovvero in caso di adozione pronunciata all\u2019estero e resa efficace in Italia (emanato dal Tribunale per i minorenni) pu\u00f2 diventare cittadino italiano per beneficio di legge a condizione che entrambi i genitori rendano, innanzi alle autorit\u00e0 consolari competenti, la dichiarazione di volont\u00e0 all\u2019acquisto della cittadinanza italiana entro e non oltre un anno dalla data in cui \u00e8 stabilita l\u2019adozione.<\/p>\n<p style=\"text-align: justify;\">Se l\u2019adottato \u00e8 maggiorenne, pu\u00f2 acquistare la cittadinanza italiana per naturalizzazione trascorsi 5 anni di residenza legale in Italia dopo l\u2019adozione.<\/p>\n<p style=\"text-align: justify;\"><strong>\u00a0<\/strong><\/p>\n<p style=\"text-align: justify;\"><strong>NATURALIZZAZIONE<\/strong><\/p>\n<p style=\"text-align: justify;\">Il requisito \u00e8 la residenza legale in Italia per<\/p>\n<ul style=\"text-align: justify;\">\n<li>2 anni per i discendenti fino al secondo grado di chi \u00e8 o \u00e8 stato cittadino italiano per nascita<\/li>\n<li>3 anni e per gli stranieri nati sul territorio italiano;<\/li>\n<li>4 anni per i cittadini di uno Stato appartenente alle Comunit\u00e0 Europee;<\/li>\n<li>5 anni per gli stranieri maggiorenni adottati da cittadini italiani e per gli apolidi e i rifugiati;<\/li>\n<li>7 anni per gli affiliati da un cittadino italiano prima dell\u2019entrata in vigore della legge 184\/1983;<\/li>\n<li>10 anni per cittadini non comunitari.<\/li>\n<\/ul>\n<p style=\"text-align: justify;\">\n","protected":false},"excerpt":{"rendered":"CITTADINANZA PER NASCITA SUL TERRITORIO ITALIANO (IURE SOLI) Colui i cui genitori siano ignoti o apolidi o non trasmettano la propria cittadinanza al figlio secondo la legge dello Stato del quale sono cittadini. Il figlio di ignoti che venga trovato abbandonato in territorio italiano e di cui non si riesca a determinare la cittadinanza. Lo [&hellip;]","protected":false},"author":3,"featured_media":0,"parent":96,"menu_order":4,"comment_status":"closed","ping_status":"closed","template":"","meta":{"footnotes":""},"class_list":["post-456","page","type-page","status-publish","hentry"],"_links":{"self":[{"href":"https:\/\/conscordoba.esteri.it\/it\/wp-json\/wp\/v2\/pages\/456","targetHints":{"allow":["GET"]}}],"collection":[{"href":"https:\/\/conscordoba.esteri.it\/it\/wp-json\/wp\/v2\/pages"}],"about":[{"href":"https:\/\/conscordoba.esteri.it\/it\/wp-json\/wp\/v2\/types\/page"}],"author":[{"embeddable":true,"href":"https:\/\/conscordoba.esteri.it\/it\/wp-json\/wp\/v2\/users\/3"}],"replies":[{"embeddable":true,"href":"https:\/\/conscordoba.esteri.it\/it\/wp-json\/wp\/v2\/comments?post=456"}],"version-history":[{"count":3,"href":"https:\/\/conscordoba.esteri.it\/it\/wp-json\/wp\/v2\/pages\/456\/revisions"}],"predecessor-version":[{"id":6056,"href":"https:\/\/conscordoba.esteri.it\/it\/wp-json\/wp\/v2\/pages\/456\/revisions\/6056"}],"up":[{"embeddable":true,"href":"https:\/\/conscordoba.esteri.it\/it\/wp-json\/wp\/v2\/pages\/96"}],"wp:attachment":[{"href":"https:\/\/conscordoba.esteri.it\/it\/wp-json\/wp\/v2\/media?parent=456"}],"curies":[{"name":"wp","href":"https:\/\/api.w.org\/{rel}","templated":true}]}}