{"id":474,"date":"2023-05-30T15:18:11","date_gmt":"2023-05-30T13:18:11","guid":{"rendered":"https:\/\/conscordoba.esteri.it\/?page_id=474"},"modified":"2025-07-03T16:13:53","modified_gmt":"2025-07-03T14:13:53","slug":"studi","status":"publish","type":"page","link":"https:\/\/conscordoba.esteri.it\/it\/servizi-consolari-e-visti\/servizi-per-il-cittadino-italiano\/altri-servizi\/studi\/","title":{"rendered":"Studi"},"content":{"rendered":"<p style=\"text-align: justify;\"><strong>DICHIARAZIONE DI VALORE<\/strong><\/p>\n<p style=\"text-align: justify;\">La dichiarazione di valore \u00e8 un documento rilasciato dalle autorit\u00e0 consolari italiane ha l\u2019unico scopo di descrivere il valore acquisito dal Titolo di studio nel Paese di origine.<\/p>\n<p style=\"text-align: justify;\">Pertanto non attribuisce alcun riconoscimento al Titolo. Infatti il riconoscimento o l\u2019equipollenza dei Titoli sono di competenza delle specifiche Autorit\u00e0 italiane.<\/p>\n<p style=\"text-align: justify;\">La dichiarazione di valore \u00e8 utile a coloro che, avendo conseguito un titolo di studio presso istituti di istruzione stranieri, intendano proseguire gli studi in Italia, oppure vogliano avviare le procedure di Equipollenza dei Titoli di Studio o di Riconoscimento professionale.<\/p>\n<p style=\"text-align: justify;\">I cittadini italiani e stranieri che hanno conseguito il proprio titolo di studio nella circoscrizione consolare di C\u00f3rdoba possono richiedere la Dichiarazione di valore, previo appuntamento riservato tramite il portale <a href=\"https:\/\/prenotami.esteri.it\/\"><strong>https:\/\/prenotami.esteri.it\/<\/strong><\/a><\/p>\n<p style=\"text-align: justify;\"><strong>Documentazione necessaria:<\/strong><\/p>\n<ul style=\"text-align: justify;\">\n<li>titolo finale di studio in originale (secondario, universitario, specializzazione), legalizzato, apostillato e tradotto all\u2019italiano) e fotocopia;<\/li>\n<li>certificato analitico originale (secondario, universitario, specializzazione) legalizzato, apostillato e tradotto all\u2019italiano) e fotocopia;<\/li>\n<\/ul>\n<p style=\"text-align: justify;\"><strong>Documentazione opzionale che potr\u00e0 essere richiesta dalle specifiche Autorit\u00e0 italiane:<\/strong><\/p>\n<ul style=\"text-align: justify;\">\n<li>programmi di studio del corso di laurea per ogni materia (timbrati e numerati dall\u2019Istituzione competente). In questo caso non occorre n\u00e9 la legalizzazione n\u00e9 la traduzione. Per ulteriori informazioni vedi il sito del Ministero dell\u2019Istruzione e del Merito: <a href=\"https:\/\/www.mim.gov.it\">https:\/\/www.mim.gov.it<\/a><\/li>\n<li>dichiarazione rilasciata dall\u2019Istituto o dall\u2019Universit\u00e0 competente che attesti l\u2019effettivo svolgimento dei suddetti programmi di studio, legalizzata apostillata e tradotta in italiano;<\/li>\n<li>certificazione in originale su carta intestata, rilasciata dall\u2019Universit\u00e0, dall\u2019Istituto o Collegio Professionale dalla quale risulti:<\/li>\n<li>normativa e fonte giuridica che regola l\u2019esercizio della professione nella Repubblica Argentina (Legge, Decreto, Regolamentazione, ecc.) e che definisce l\u2019attivit\u00e0 e responsabilit\u00e0 della professione;<\/li>\n<li>l\u2019Autorit\u00e0 di Stato competente al controllo dell\u2019esercizio della professione (Ministero, Dipartimento, Ordine Professionale, ecc.);<\/li>\n<li>Inoltre, qualora la Dichiarazione di Valore sia richiesta per ottenere il riconoscimento del titolo professionale\/accademico in Italia, \u00e8 necessario presentare anche la certificazione rilasciata dall\u2019Autorit\u00e0 competente dalla quale risulti l\u2019iscrizione all\u2019Albo Professionale e il relativo numero di matricola (da presentare in originale, apostillata e tradotta in italiano).<\/li>\n<\/ul>\n<p style=\"text-align: justify;\">Le Dichiarazioni di Valore sono soggette al pagamento di diritti consolari di cui alla\u00a0<strong>Tariffa consolare Art. 66 N e Art. 72 A <\/strong><a href=\"https:\/\/conscordoba.esteri.it\/it\/servizi-consolari-e-visti\/servizi-per-il-cittadino-italiano\/tariffe-consolari\/\"><strong>https:\/\/conscordoba.esteri.it\/it\/servizi-consolari-e-visti\/servizi-per-il-cittadino-italiano\/tariffe-consolari\/<\/strong><\/a><strong> \u00a0<\/strong><\/p>\n<p style=\"text-align: justify;\">Sono gratuite ai sensi del\u00a0<strong>D. Lgs 71\/2011 art.66 lettera\u00a0C,<\/strong>\u00a0se servono per:<\/p>\n<ul style=\"text-align: justify;\">\n<li><strong>proseguimento degli studi in Italia;<\/strong><\/li>\n<li><strong>acquisizione di borse di studio.<\/strong><\/li>\n<\/ul>\n<p style=\"text-align: justify;\">In questo caso, si dovr\u00e0 presentare copia dell\u2019iscrizione ad un Ateneo Italiano o documentazione attestante l\u2019ottenimento della bosa di Studio.<\/p>\n<p style=\"text-align: justify;\">Per ulteriori informazioni si pu\u00f2 scrivere a: <a href=\"mailto:cordoba.studievisti@esteri.it\">cordoba.studievisti@esteri.it<\/a><\/p>\n<p style=\"text-align: justify;\"><strong>RICONOSCIMENTO DEL TITOLO IN ITALIA<\/strong><\/p>\n<p style=\"text-align: justify;\">I cittadini italiani o stranieri in possesso di titolo accademico straniero \u2013 conseguito a seguito di studi realizzati all\u2019estero presso Universit\u00e0 statali o legalmente riconosciute \u2013 che vogliano il riconoscimento in Italia del proprio curriculum studiorum ai fini del conseguimento di analogo titolo accademico italiano, possono avanzare richiesta in tal senso presso una Universit\u00e0 italiana di loro scelta.<\/p>\n<p style=\"text-align: justify;\">I vari Ministeri italiani sono responsabili delle procedure di riconoscimento professionale dei titoli conseguiti all\u2019estero. I professionisti in possesso di un titolo conseguito in un Paese non appartenente all\u2019Unione Europea possono presentare domanda di riconoscimento del titolo al fine di esercitare la professione corrispondente in Italia.<\/p>\n<p style=\"text-align: justify;\"><strong>LE SCUOLE IN ITALIA<\/strong><\/p>\n<p style=\"text-align: justify;\">L\u2019elenco completo di scuole elementari, medie e dei licei italiani statali (e non) \u00e8 costantemente aggiornato dal Ministero dell\u2019Istruzione e del Merito nel sito ufficiale del MIM:\u00a0<a href=\"https:\/\/www.mim.gov.it\">https:\/\/www.mim.gov.it<\/a><\/p>\n<p style=\"text-align: justify;\"><strong>Per l\u2019iscrizione a scuole primarie o secondarie in Italia:<\/strong> \u00e8 necessario presentare la<\/p>\n<ul style=\"text-align: justify;\">\n<li>certificazione degli studi compiuti con allegata Dichiarazione di Valore rilasciata dal Consolato italiano competente;<\/li>\n<\/ul>\n<p style=\"text-align: justify;\"><strong>Per l\u2019equipollenza del titolo di studio secondario <\/strong>\u00e8 necessario presentare la<strong>:<\/strong><\/p>\n<ul style=\"text-align: justify;\">\n<li>titolo finale di scuola secondaria;<\/li>\n<li>certificato analitico con allegata Dichiarazione di Valore rilasciata dal Consolato italiano competente;<\/li>\n<li>eventuali certificati di frequenza di corsi di lingua italiana.<\/li>\n<\/ul>\n<p style=\"text-align: justify;\"><strong>LE UNIVERSIT\u00c0 IN ITALIA<\/strong><\/p>\n<p style=\"text-align: justify;\">Notizie di interesse generale sull\u2019organizzazione e sul funzionamento delle Universit\u00e0 italiane si trovano nella sezione del sito del Ministero dell\u2019Istruzione e del Merito: <a href=\"https:\/\/www.mim.gov.it\">https:\/\/www.mim.gov.it<\/a><\/p>\n<p style=\"text-align: justify;\">Liste complete degli Atenei sono consultabili attraverso il motore di ricerca CINECA: <a href=\"https:\/\/www.cineca.it\">https:\/\/www.cineca.it<\/a><\/p>\n<p style=\"text-align: justify;\">\u00c8 presente anche una pagina dedicata alle Universit\u00e0 nel sito della CRUI \u2013 Conferenza dei Rettori delle Universit\u00e0 Italiane:\u00a0<a href=\"http:\/\/www.crui.it\">www.crui.it<\/a>.<\/p>\n<p style=\"text-align: justify;\">Gli studenti stranieri interessati ad effettuare studi presso le Universit\u00e0 Italiane trovano notizie utili sui posti loro riservati nel sito del MIM alla pagina relativa all\u2019Offerta formativa.<\/p>\n<p style=\"text-align: justify;\"><strong>Per l\u2019iscrizione a universit\u00e0 italiane si dovr\u00e0 presentare:<\/strong><\/p>\n<ul style=\"text-align: justify;\">\n<li>titolo finale di scuola secondaria con relativa dichiarazione di valore rilasciata dalla Sede diplomatica italiana competente per circoscrizione consolare;<\/li>\n<li>certificato analitico.<\/li>\n<\/ul>\n<p style=\"text-align: justify;\">L\u2019iscrizione di cittadini stranieri a Universit\u00e0 in Italia si effettua esclusivamente tramite il portale: <a href=\"https:\/\/www.universitaly.it\/\">https:\/\/www.universitaly.it\/<\/a><\/p>\n<p style=\"text-align: justify;\"><strong>DOCUMENTAZIONE NECESSARIA PER IL RICONOSCIMENTO IN ITALIA DEGLI STUDI COMPIUTI IN ARGENTINA (TOTALI O PARZIALI):<\/strong><\/p>\n<p style=\"text-align: justify;\"><strong>Obbligatoria:<\/strong><\/p>\n<ul style=\"text-align: justify;\">\n<li>titolo finale o parziale con relativa Dichiarazione di valore rilasciata dalla Sede diplomatica italiana competente per circoscrizione consolare;<\/li>\n<li>certificato analitico;<\/li>\n<\/ul>\n<p style=\"text-align: justify;\"><strong>Eventuale:<\/strong><\/p>\n<ul style=\"text-align: justify;\">\n<li>programmi di studio del corso di laurea per ogni materia (timbrati e numerati dall\u2019Universit\u00e0), non \u00e8 necessaria legalizzazione n\u00e9 traduzione;<\/li>\n<li>dichiarazione rilasciata dall\u2019Universit\u00e0 straniera che attesti l\u2019effettivo svolgimento dei suddetti programmi di studio;<\/li>\n<\/ul>\n<p style=\"text-align: justify;\"><strong>La documentazione va legalizzata dal Ministero dell\u2019Istruzione della Repubblica Argentina, vidimato con l\u2019Apostille dell\u2019Aja e tradotto in lingua italiana.<\/strong><\/p>\n<p style=\"text-align: justify;\"><strong>NOTA BENE:<\/strong><\/p>\n<p style=\"text-align: justify;\">I titoli di studio di scuola secondaria argentini non sono automaticamente riconosciuti in Italia. Ad ogni modo, in conformit\u00e0 a quanto previsto dall\u2019Accordo Culturale tra l\u2019Italia e l\u2019Argentina del 03\/12\/1997, sono idonei all\u2019ammissione alle Universit\u00e0 e agli Istituti di Istruzione Superiore Italiani, se muniti della relativa Dichiarazione di Valore.<\/p>\n<p style=\"text-align: justify;\">I titoli di studio ottenuti all\u2019estero, una volta dichiarati equipollenti ai titoli italiani di corrispondente valore (terza media, diploma di scuola media superiore o laurea), hanno in Italia valore legale. Questo significa, ad esempio, che la persona in possesso della cittadinanza italiana ha diritto a partecipare ai concorsi banditi dalla Pubblica Amministrazione italiana, se ha ottenuto l\u2019equipollenza del proprio titolo di studio straniero.<\/p>\n<p style=\"text-align: justify;\">La traduzione dei titoli di studio e le certificazioni eventualmente necessarie possono essere effettuate anche in Italia. Per le iscrizioni alle Universit\u00e0 \u00e8 necessario verificare quali siano i requisiti richiesti da ciascun Ateneo.<\/p>\n<p style=\"text-align: justify;\"><strong>INFORMAZIONI UTILI<\/strong><\/p>\n<p style=\"text-align: justify;\"><strong>Titoli di studio conseguiti in Italia:<\/strong><\/p>\n<p style=\"text-align: justify;\">Alle persone che abbiano studiato o conseguito titoli in Italia e desiderino continuare gli studi o farli riconoscere in Argentina, si consiglia di effettuare in Italia il percorso inverso:<\/p>\n<ul style=\"text-align: justify;\">\n<li>legalizzare le schede di valutazione, le pagelle, i diplomi, le lauree, ecc. presso le competenti autorit\u00e0;<\/li>\n<li>legalizzare con Apostille dell\u2019Aja presso la Procura della Repubblica o la Prefettura competente;<\/li>\n<li>traduzione pubblica in spagnolo;<\/li>\n<li>richiedere al Consolato argentino competente per territorio la legalizzazione delle traduzioni e la dichiarazione di valore di ciascun documento.<\/li>\n<\/ul>\n<p style=\"text-align: justify;\"><strong>Ulteriori informazioni:<\/strong><br \/>\n<strong>Ministerio de Educaci\u00f3n de la Naci\u00f3n Argentina:\u00a0<\/strong><a href=\"https:\/\/www.argentina.gob.ar\/educacion\"><strong>https:\/\/www.argentina.gob.ar\/educacion<\/strong><\/a><\/p>\n<p style=\"text-align: justify;\"><strong>Borse di studio<\/strong><\/p>\n<p style=\"text-align: justify;\">Si pu\u00f2 consultare il sito <a href=\"https:\/\/studyinitaly.esteri.it\"><strong>https:\/\/studyinitaly.esteri.it<\/strong><\/a><\/p>\n","protected":false},"excerpt":{"rendered":"DICHIARAZIONE DI VALORE La dichiarazione di valore \u00e8 un documento rilasciato dalle autorit\u00e0 consolari italiane ha l\u2019unico scopo di descrivere il valore acquisito dal Titolo di studio nel Paese di origine. Pertanto non attribuisce alcun riconoscimento al Titolo. Infatti il riconoscimento o l\u2019equipollenza dei Titoli sono di competenza delle specifiche Autorit\u00e0 italiane. La dichiarazione di [&hellip;]","protected":false},"author":3,"featured_media":0,"parent":94,"menu_order":2,"comment_status":"closed","ping_status":"closed","template":"","meta":{"footnotes":""},"class_list":["post-474","page","type-page","status-publish","hentry"],"_links":{"self":[{"href":"https:\/\/conscordoba.esteri.it\/it\/wp-json\/wp\/v2\/pages\/474","targetHints":{"allow":["GET"]}}],"collection":[{"href":"https:\/\/conscordoba.esteri.it\/it\/wp-json\/wp\/v2\/pages"}],"about":[{"href":"https:\/\/conscordoba.esteri.it\/it\/wp-json\/wp\/v2\/types\/page"}],"author":[{"embeddable":true,"href":"https:\/\/conscordoba.esteri.it\/it\/wp-json\/wp\/v2\/users\/3"}],"replies":[{"embeddable":true,"href":"https:\/\/conscordoba.esteri.it\/it\/wp-json\/wp\/v2\/comments?post=474"}],"version-history":[{"count":1,"href":"https:\/\/conscordoba.esteri.it\/it\/wp-json\/wp\/v2\/pages\/474\/revisions"}],"predecessor-version":[{"id":6155,"href":"https:\/\/conscordoba.esteri.it\/it\/wp-json\/wp\/v2\/pages\/474\/revisions\/6155"}],"up":[{"embeddable":true,"href":"https:\/\/conscordoba.esteri.it\/it\/wp-json\/wp\/v2\/pages\/94"}],"wp:attachment":[{"href":"https:\/\/conscordoba.esteri.it\/it\/wp-json\/wp\/v2\/media?parent=474"}],"curies":[{"name":"wp","href":"https:\/\/api.w.org\/{rel}","templated":true}]}}