{"id":485,"date":"2023-05-31T15:35:09","date_gmt":"2023-05-31T13:35:09","guid":{"rendered":"https:\/\/conscordoba.esteri.it\/?page_id=485"},"modified":"2026-01-06T16:21:49","modified_gmt":"2026-01-06T15:21:49","slug":"tariffe-consolari","status":"publish","type":"page","link":"https:\/\/conscordoba.esteri.it\/it\/servizi-consolari-e-visti\/servizi-per-il-cittadino-italiano\/tariffe-consolari\/","title":{"rendered":"Tariffe consolari"},"content":{"rendered":"<ul>\n<li><strong>Tariffe per il pagamento dei servizi consolari in vigore dal 01\/01\/2026 &#8211; <a href=\"https:\/\/conscordoba.esteri.it\/wp-content\/uploads\/2026\/01\/Nuove-tariffe-Tabella-WEB-diritti-consolari-I-Trim-2026.pdf\">Clicca qui<\/a><\/strong><\/li>\n<\/ul>\n<p>Si ricorda che il pagamento dovr\u00e0 essere effettuato in Pesos argentini, con l&#8217;importo vigente alla data dell&#8217;appuntamento.<\/p>\n<p>&nbsp;<\/p>\n<h5 style=\"text-align: left;\"><span style=\"text-decoration: underline;\"><strong>Modalit\u00e0 di pagamento dei servizi consolari<\/strong><\/span><\/h5>\n<div class=\"sr-only\" style=\"text-align: justify;\">A partire dal 10 gennaio 2022, il Consolato generale accetta la seguente modalit\u00e0 di pagamento dei servizi consolari erogati all&#8217;utenza:<\/div>\n<div><\/div>\n<div>\n<p style=\"text-align: justify;\"><strong>Bonifico bancario<\/strong>\u00a0sul conto corrente del Consolato generale (disponibile per i servizi di\u00a0<strong>rilascio\/rinnovo passaporto<\/strong>,\u00a0<strong>riconoscimento della cittadinanza, ecc.<\/strong>).<\/p>\n<p style=\"text-align: justify;\">Le modalit\u00e0 per effettuare il bonifico bancario saranno comunicate dagli Uffici agli interessati via e-mail.<\/p>\n<p style=\"text-align: justify;\"><em><strong>Per informazioni o chiarimenti:<\/strong><\/em><\/p>\n<ul>\n<li style=\"text-align: justify;\"><em><a href=\"mailto:contabile.cordoba@esteri.it\">contabile.cordoba@esteri.it<\/a>\u00a0<\/em><\/li>\n<li style=\"text-align: justify;\"><em><a href=\"mailto:passaporti.cordoba@esteri.it\">passaporti.cordoba@esteri.it<\/a>\u00a0<\/em><\/li>\n<\/ul>\n<\/div>\n","protected":false},"excerpt":{"rendered":"Tariffe per il pagamento dei servizi consolari in vigore dal 01\/01\/2026 &#8211; Clicca qui Si ricorda che il pagamento dovr\u00e0 essere effettuato in Pesos argentini, con l&#8217;importo vigente alla data dell&#8217;appuntamento. &nbsp; Modalit\u00e0 di pagamento dei servizi consolari A partire dal 10 gennaio 2022, il Consolato generale accetta la seguente modalit\u00e0 di pagamento dei servizi [&hellip;]","protected":false},"author":3,"featured_media":0,"parent":59,"menu_order":0,"comment_status":"closed","ping_status":"closed","template":"","meta":{"footnotes":""},"class_list":["post-485","page","type-page","status-publish","hentry"],"_links":{"self":[{"href":"https:\/\/conscordoba.esteri.it\/it\/wp-json\/wp\/v2\/pages\/485","targetHints":{"allow":["GET"]}}],"collection":[{"href":"https:\/\/conscordoba.esteri.it\/it\/wp-json\/wp\/v2\/pages"}],"about":[{"href":"https:\/\/conscordoba.esteri.it\/it\/wp-json\/wp\/v2\/types\/page"}],"author":[{"embeddable":true,"href":"https:\/\/conscordoba.esteri.it\/it\/wp-json\/wp\/v2\/users\/3"}],"replies":[{"embeddable":true,"href":"https:\/\/conscordoba.esteri.it\/it\/wp-json\/wp\/v2\/comments?post=485"}],"version-history":[{"count":7,"href":"https:\/\/conscordoba.esteri.it\/it\/wp-json\/wp\/v2\/pages\/485\/revisions"}],"predecessor-version":[{"id":6962,"href":"https:\/\/conscordoba.esteri.it\/it\/wp-json\/wp\/v2\/pages\/485\/revisions\/6962"}],"up":[{"embeddable":true,"href":"https:\/\/conscordoba.esteri.it\/it\/wp-json\/wp\/v2\/pages\/59"}],"wp:attachment":[{"href":"https:\/\/conscordoba.esteri.it\/it\/wp-json\/wp\/v2\/media?parent=485"}],"curies":[{"name":"wp","href":"https:\/\/api.w.org\/{rel}","templated":true}]}}