{"id":693,"date":"2023-08-11T11:55:41","date_gmt":"2023-08-11T09:55:41","guid":{"rendered":"https:\/\/conscordoba.esteri.it\/?page_id=693"},"modified":"2026-01-14T14:43:14","modified_gmt":"2026-01-14T13:43:14","slug":"bandi-di-concorso","status":"publish","type":"page","link":"https:\/\/conscordoba.esteri.it\/it\/amministrazione-trasparente\/bandi-di-concorso\/","title":{"rendered":"Bandi di concorso"},"content":{"rendered":"<ul>\n<li>Concorso per l&#8217;assunzione di impiegato a contratto da adibire ai servizi di assistente amministrativo presso il Consolato Generale d&#8217;Italia in Cordoba &#8211; 2025:\n<ul>\n<li><a href=\"https:\/\/conscordoba.esteri.it\/wp-content\/uploads\/2025\/10\/Avviso-di-Assunzione-di-Impiegato-a-Contratto.pdf\">Bando di concorso<\/a>.<\/li>\n<li><a href=\"https:\/\/conscordoba.esteri.it\/wp-content\/uploads\/2025\/10\/Fac-simile-di-Domanda.doc\">Fac-simile di domanda<\/a>.<\/li>\n<li><a href=\"https:\/\/conscordoba.esteri.it\/wp-content\/uploads\/2025\/12\/Dichiarazione-insussistenza-cause-incompatibilita_LAPRESA.pdf\">Dichiarazione insussistenza cause incompatibilit\u00e0_LAPRESA<\/a><\/li>\n<li><a href=\"https:\/\/conscordoba.esteri.it\/wp-content\/uploads\/2025\/12\/Dichiarazione-insussistenza-cause-incompatibilita_PUGLIESE.pdf\">Dichiarazione insussistenza cause incompatibili\u00e0_PUGLIESE<\/a><\/li>\n<li><a href=\"https:\/\/conscordoba.esteri.it\/wp-content\/uploads\/2025\/12\/Dichiarazione-insussistenza-cause-incompatibilita_VALZACCHI.pdf\">Dichiarazione insussistenza cause incompatibili\u00e0_VALZACCHI<\/a><\/li>\n<li><a href=\"https:\/\/conscordoba.esteri.it\/wp-content\/uploads\/2025\/12\/Dichiarazione-insussistenza-cause-incompatibilita_BORTOLON.pdf\">Dichiarazione insussistenza cause incompatibilit\u00e0_BORTOLON<\/a><\/li>\n<li><a href=\"https:\/\/conscordoba.esteri.it\/wp-content\/uploads\/2026\/01\/Prova-scritta_Traccia-1.pdf\">Traccia n. 1 &#8211; Prova scritta.<\/a><\/li>\n<li><a href=\"https:\/\/conscordoba.esteri.it\/wp-content\/uploads\/2026\/01\/Prova-scritta_Traccia-2.pdf\">Traccia n. 2 &#8211; Prova scritta.<\/a><\/li>\n<li><a href=\"https:\/\/conscordoba.esteri.it\/wp-content\/uploads\/2026\/01\/Prova-scritta_Traccia-3_SELEZIONATA.pdf\">Traccia n. 3 &#8211; Prova scritta &#8211; TRACCIA SELEZIONATA.<\/a><\/li>\n<\/ul>\n<\/li>\n<\/ul>\n","protected":false},"excerpt":{"rendered":"Concorso per l&#8217;assunzione di impiegato a contratto da adibire ai servizi di assistente amministrativo presso il Consolato Generale d&#8217;Italia in Cordoba &#8211; 2025: Bando di concorso. Fac-simile di domanda. Dichiarazione insussistenza cause incompatibilit\u00e0_LAPRESA Dichiarazione insussistenza cause incompatibili\u00e0_PUGLIESE Dichiarazione insussistenza cause incompatibili\u00e0_VALZACCHI Dichiarazione insussistenza cause incompatibilit\u00e0_BORTOLON Traccia n. 1 &#8211; Prova scritta. Traccia n. 2 &#8211; [&hellip;]","protected":false},"author":1,"featured_media":0,"parent":33,"menu_order":4,"comment_status":"closed","ping_status":"closed","template":"","meta":{"footnotes":""},"class_list":["post-693","page","type-page","status-publish","hentry"],"_links":{"self":[{"href":"https:\/\/conscordoba.esteri.it\/it\/wp-json\/wp\/v2\/pages\/693","targetHints":{"allow":["GET"]}}],"collection":[{"href":"https:\/\/conscordoba.esteri.it\/it\/wp-json\/wp\/v2\/pages"}],"about":[{"href":"https:\/\/conscordoba.esteri.it\/it\/wp-json\/wp\/v2\/types\/page"}],"author":[{"embeddable":true,"href":"https:\/\/conscordoba.esteri.it\/it\/wp-json\/wp\/v2\/users\/1"}],"replies":[{"embeddable":true,"href":"https:\/\/conscordoba.esteri.it\/it\/wp-json\/wp\/v2\/comments?post=693"}],"version-history":[{"count":8,"href":"https:\/\/conscordoba.esteri.it\/it\/wp-json\/wp\/v2\/pages\/693\/revisions"}],"predecessor-version":[{"id":7012,"href":"https:\/\/conscordoba.esteri.it\/it\/wp-json\/wp\/v2\/pages\/693\/revisions\/7012"}],"up":[{"embeddable":true,"href":"https:\/\/conscordoba.esteri.it\/it\/wp-json\/wp\/v2\/pages\/33"}],"wp:attachment":[{"href":"https:\/\/conscordoba.esteri.it\/it\/wp-json\/wp\/v2\/media?parent=693"}],"curies":[{"name":"wp","href":"https:\/\/api.w.org\/{rel}","templated":true}]}}